{"id":10022,"date":"2024-05-28T21:48:50","date_gmt":"2024-05-28T16:18:50","guid":{"rendered":"https:\/\/www.himalayanecotourism.com\/?page_id=10022"},"modified":"2024-11-21T15:07:53","modified_gmt":"2024-11-21T09:37:53","slug":"offset-your-carbon-emissions","status":"publish","type":"page","link":"https:\/\/www.himalayanecotourism.com\/fr\/compensez-vos-emissions-de-carbone\/","title":{"rendered":"Compensez vos \u00e9missions de carbone"},"content":{"rendered":"<section class=\"wpb-content-wrapper\"><div class=\"vc_row wpb_row vc_row-fluid\" ><div class=\"wpb_column vc_column_container vc_col-sm-10\"><div class=\"vc_column-inner\"><div class=\"wpb_wrapper\">\n\t<div class=\"wpb_text_column wpb_content_element\" >\n\t\t<div class=\"wpb_wrapper\">\n\t\t\t<h2>Compensation carbone<\/h2>\n\n\t\t<\/div>\n\t<\/div>\n<\/div><\/div><\/div><div class=\"wpb_column vc_column_container vc_col-sm-2\"><div class=\"vc_column-inner vc_custom_1691314685823\"><div class=\"wpb_wrapper\"><a itemprop=\"url\" href=\"https:\/\/www.himalayanecotourism.com\/fr\/contactez-nous\/\" target=\"_blank\" style=\"color: #ffffff;background-color: #7ec8c6\" class=\"qodef-btn qodef-btn-medium qodef-btn-solid qodef-btn-custom-hover-bg qodef-btn-custom-hover-color qodef-btn-icon\" data-hover-color=\"#ffffff\" data-hover-bg-color=\"#8ee0de\" >\n    <span class=\"qodef-btn-text\">Contact<\/span>\n    <span aria-hidden=\"true\" class=\"qodef-icon-font-elegant arrow_carrot-right\" ><\/span><\/a><\/div><\/div><\/div><\/div><div class=\"vc_row wpb_row vc_row-fluid vc_custom_1691314766386\" ><div class=\"wpb_column vc_column_container vc_col-sm-12\"><div class=\"vc_column-inner\"><div class=\"wpb_wrapper\"><div class=\"vc_separator wpb_content_element vc_separator_align_center vc_sep_width_100 vc_sep_pos_align_center vc_separator_no_text vc_sep_color_grey vc_custom_1696686290256  vc_custom_1696686290256\" ><span class=\"vc_sep_holder vc_sep_holder_l\"><span class=\"vc_sep_line\"><\/span><\/span><span class=\"vc_sep_holder vc_sep_holder_r\"><span class=\"vc_sep_line\"><\/span><\/span>\n<\/div><\/div><\/div><\/div><\/div><div class=\"vc_row wpb_row vc_row-fluid\" ><div class=\"wpb_column vc_column_container vc_col-sm-8\"><div class=\"vc_column-inner\"><div class=\"wpb_wrapper\">\n\t<div class=\"wpb_text_column wpb_content_element  vc_custom_1725347127981\" >\n\t\t<div class=\"wpb_wrapper\">\n\t\t\t<h3>Pourquoi la compensation carbone ?<\/h3>\n\n\t\t<\/div>\n\t<\/div>\n\n\t<div class=\"wpb_text_column wpb_content_element\" >\n\t\t<div class=\"wpb_wrapper\">\n\t\t\t<p>Depuis 2019, <strong>Heco<\/strong> a \u00e9t\u00e9 engag\u00e9 dans <a href=\"https:\/\/www.himalayanecotourism.com\/fr\/programme-de-reforestation\/\"><strong>restauration \u00e9cologique<\/strong><\/a>. Une partie de nos b\u00e9n\u00e9fices a \u00e9t\u00e9 consacr\u00e9e au reboisement des zones st\u00e9riles de l&#039;\u00e9cozone du Great Himalayan National Park qui ont souffert en raison <strong>d\u00e9forestation et incendies de for\u00eat<\/strong>. L&#039;objectif de cette initiative est de cr\u00e9er un programme int\u00e9gr\u00e9 de reforestation et de gestion communautaire <strong>programme de r\u00e9g\u00e9n\u00e9ration<\/strong>, qui pr\u00e9sente de multiples avantages pour les populations locales ainsi que pour l&#039;\u00e9cologie. Nous avons travaill\u00e9 avec des experts dans les domaines de la foresterie et de la conservation pour explorer un mod\u00e8le de reforestation qui fonctionne vraiment.<\/p>\n<p>\u00c9tant donn\u00e9 que notre programme de restauration \u00e9cologique entra\u00eene des co\u00fbts importants et qu\u2019il s\u00e9questre efficacement le carbone atmosph\u00e9rique, nous nous concentrons sur <strong>optimiser la s\u00e9questration du carbone<\/strong> \u00e0 long terme dans les zones r\u00e9g\u00e9n\u00e9r\u00e9es. Cela nous permet de financer notre projet en compensant les \u00e9missions de carbone de <strong>tiers<\/strong>.<\/p>\n\n\t\t<\/div>\n\t<\/div>\n<\/div><\/div><\/div><\/div><div class=\"vc_row wpb_row vc_row-fluid vc_custom_1691314766386\" ><div class=\"wpb_column vc_column_container vc_col-sm-12\"><div class=\"vc_column-inner\"><div class=\"wpb_wrapper\"><div class=\"vc_separator wpb_content_element vc_separator_align_center vc_sep_width_100 vc_sep_pos_align_center vc_separator_no_text vc_sep_color_grey vc_custom_1696686290256  vc_custom_1696686290256\" ><span class=\"vc_sep_holder vc_sep_holder_l\"><span class=\"vc_sep_line\"><\/span><\/span><span class=\"vc_sep_holder vc_sep_holder_r\"><span class=\"vc_sep_line\"><\/span><\/span>\n<\/div><\/div><\/div><\/div><\/div><div class=\"vc_row wpb_row vc_row-fluid vc_custom_1691378514258\" ><div class=\"wpb_column vc_column_container vc_col-sm-12\"><div class=\"vc_column-inner\"><div class=\"wpb_wrapper\">\n\t<div class=\"wpb_text_column wpb_content_element\" >\n\t\t<div class=\"wpb_wrapper\">\n\t\t\t<h3>Comment s\u00e9questrer le carbone atmosph\u00e9rique ?<\/h3>\n\n\t\t<\/div>\n\t<\/div>\n<\/div><\/div><\/div><\/div><div class=\"vc_row wpb_row vc_row-fluid\" ><div class=\"wpb_column vc_column_container vc_col-sm-6\"><div class=\"vc_column-inner\"><div class=\"wpb_wrapper\">\n\t<div class=\"wpb_text_column wpb_content_element\" >\n\t\t<div class=\"wpb_wrapper\">\n\t\t\t<p>L\u2019objectif principal de notre programme est de r\u00e9g\u00e9n\u00e9rer les \u00e9cosyst\u00e8mes forestiers et les habitats fauniques, ce qui r\u00e9tablira l\u2019\u00e9quilibre \u00e9cologique de la r\u00e9gion.<br \/>\nPour y parvenir, une zone de cinq kilom\u00e8tres carr\u00e9s est r\u00e9serv\u00e9e aux activit\u00e9s de reboisement et de protection. Les terres \u00e0 reboiser ont \u00e9t\u00e9 divis\u00e9es en quatre cat\u00e9gories dans le but d&#039;optimiser les b\u00e9n\u00e9fices \u00e9cologiques, les b\u00e9n\u00e9fices communautaires, la protection des arbres nouvellement plant\u00e9s contre les incendies de for\u00eat intentionnels et le p\u00e2turage du b\u00e9tail, et <strong>s\u00e9questration du carbone \u00e0 long terme<\/strong>.<\/p>\n<p>Vous pouvez lire le <a href=\"https:\/\/www.himalayanecotourism.com\/fr\/programme-de-reforestation\/\">d\u00e9tails de ce programme ici<\/a>.<\/p>\n<p>La plantation d\u2019arbres n\u2019est que la premi\u00e8re \u00e9tape. Elle est suivie d\u2019une s\u00e9rie de t\u00e2ches, notamment la protection des arbres contre le p\u00e2turage, la s\u00e9cheresse et les incendies de for\u00eat intentionnels. Pour prot\u00e9ger les arbres nouvellement plant\u00e9s des animaux de p\u00e2turage et d\u2019autres perturbations, nous installons des cl\u00f4tures autour du site de plantation. Les villageois \u00e0 proximit\u00e9 se chargent de fournir la quantit\u00e9 d\u2019eau n\u00e9cessaire.<\/p>\n<p>Pour nous prot\u00e9ger des incendies de for\u00eat, nous cr\u00e9ons une ligne de pr\u00e9vention des incendies de for\u00eat, \u00e9galement appel\u00e9e coupe-feu, en d\u00e9frichant une parcelle de terrain pour emp\u00eacher la propagation du feu d&#039;un site \u00e0 un autre. De plus, nous menons une initiative contre les incendies de for\u00eat intentionnels appel\u00e9e <strong><a href=\"https:\/\/www.himalayanecotourism.com\/fr\/campagne-de-sensibilisation-pour-stopper-les-feux-de-foret\/\"> Campagne de sensibilisation \u00ab Stop aux feux de for\u00eat \u00bb<\/a><\/strong><span style=\"font-weight: 400;\">.<\/span><\/p>\n\n\t\t<\/div>\n\t<\/div>\n<\/div><\/div><\/div><div class=\"wpb_column vc_column_container vc_col-sm-6 vc_col-has-fill\"><div class=\"vc_column-inner vc_custom_1692107018291\"><div class=\"wpb_wrapper\">\n\t<div  class=\"wpb_single_image wpb_content_element vc_align_center  vc_custom_1717921247145\">\n\t\t\n\t\t<figure class=\"wpb_wrapper vc_figure\">\n\t\t\t<a class=\"\" data-lightbox=\"lightbox[rel-10022-1966005057]\" href=\"https:\/\/www.himalayanecotourism.com\/wp-content\/uploads\/2023\/06\/reforestation-phase-2-06-1024x683.jpg\" target=\"_self\"><img decoding=\"async\" width=\"1270\" height=\"847\" src=\"https:\/\/www.himalayanecotourism.com\/wp-content\/uploads\/2023\/06\/reforestation-phase-2-06.jpg\" class=\"vc_single_image-img attachment-full\" alt=\"Prise de vue par drone d&#039;un terrain de reforestation\" title=\"Phase 2 de reboisement 06\" srcset=\"https:\/\/www.himalayanecotourism.com\/wp-content\/uploads\/2023\/06\/reforestation-phase-2-06.jpg 1270w, https:\/\/www.himalayanecotourism.com\/wp-content\/uploads\/2023\/06\/reforestation-phase-2-06-300x200.jpg 300w, https:\/\/www.himalayanecotourism.com\/wp-content\/uploads\/2023\/06\/reforestation-phase-2-06-1024x683.jpg 1024w, https:\/\/www.himalayanecotourism.com\/wp-content\/uploads\/2023\/06\/reforestation-phase-2-06-768x512.jpg 768w, https:\/\/www.himalayanecotourism.com\/wp-content\/uploads\/2023\/06\/reforestation-phase-2-06-600x400.jpg 600w\" sizes=\"(max-width: 1270px) 100vw, 1270px\" \/><\/a>\n\t\t<\/figure>\n\t<\/div>\n\n\t<div class=\"wpb_text_column wpb_content_element  vc_custom_1717921281650\" >\n\t\t<div class=\"wpb_wrapper\">\n\t\t\t<p><span style=\"color: #79a09f; font-size: 1.2em; font-weight: 600;\">Site de plantation<br \/>\n<\/span>Sur les terres arides de l&#039;\u00e9cozone du GHNP<\/p>\n\n\t\t<\/div>\n\t<\/div>\n<\/div><\/div><\/div><\/div><div class=\"vc_row wpb_row vc_row-fluid vc_custom_1691314766386\" ><div class=\"wpb_column vc_column_container vc_col-sm-12\"><div class=\"vc_column-inner\"><div class=\"wpb_wrapper\"><div class=\"vc_separator wpb_content_element vc_separator_align_center vc_sep_width_100 vc_sep_pos_align_center vc_separator_no_text vc_sep_color_grey vc_custom_1696686290256  vc_custom_1696686290256\" ><span class=\"vc_sep_holder vc_sep_holder_l\"><span class=\"vc_sep_line\"><\/span><\/span><span class=\"vc_sep_holder vc_sep_holder_r\"><span class=\"vc_sep_line\"><\/span><\/span>\n<\/div><\/div><\/div><\/div><\/div><div class=\"vc_row wpb_row vc_row-fluid vc_custom_1691378514258\" ><div class=\"wpb_column vc_column_container vc_col-sm-12\"><div class=\"vc_column-inner\"><div class=\"wpb_wrapper\">\n\t<div class=\"wpb_text_column wpb_content_element\" >\n\t\t<div class=\"wpb_wrapper\">\n\t\t\t<h3>Pourquoi compenser avec nous ?<\/h3>\n\n\t\t<\/div>\n\t<\/div>\n<\/div><\/div><\/div><\/div><div class=\"vc_row wpb_row vc_row-fluid\" ><div class=\"wpb_column vc_column_container vc_col-sm-6 vc_col-has-fill\"><div class=\"vc_column-inner vc_custom_1692107412299\"><div class=\"wpb_wrapper\">\n\t<div  class=\"wpb_single_image wpb_content_element vc_align_center  vc_custom_1717921294609\">\n\t\t\n\t\t<figure class=\"wpb_wrapper vc_figure\">\n\t\t\t<a class=\"\" data-lightbox=\"lightbox[rel-10022-3345278291]\" href=\"https:\/\/www.himalayanecotourism.com\/wp-content\/uploads\/2023\/06\/reforestation-phase-2-08-1024x683.jpg\" target=\"_self\"><img decoding=\"async\" width=\"1270\" height=\"847\" src=\"https:\/\/www.himalayanecotourism.com\/wp-content\/uploads\/2023\/06\/reforestation-phase-2-08.jpg\" class=\"vc_single_image-img attachment-full\" alt=\"Programme d&#039;inauguration du reboisement Himalayan Ecotourism dans la vall\u00e9e de Tirthan\" title=\"Phase 2 de reboisement 08\" srcset=\"https:\/\/www.himalayanecotourism.com\/wp-content\/uploads\/2023\/06\/reforestation-phase-2-08.jpg 1270w, https:\/\/www.himalayanecotourism.com\/wp-content\/uploads\/2023\/06\/reforestation-phase-2-08-300x200.jpg 300w, https:\/\/www.himalayanecotourism.com\/wp-content\/uploads\/2023\/06\/reforestation-phase-2-08-1024x683.jpg 1024w, https:\/\/www.himalayanecotourism.com\/wp-content\/uploads\/2023\/06\/reforestation-phase-2-08-768x512.jpg 768w, https:\/\/www.himalayanecotourism.com\/wp-content\/uploads\/2023\/06\/reforestation-phase-2-08-600x400.jpg 600w\" sizes=\"(max-width: 1270px) 100vw, 1270px\" \/><\/a>\n\t\t<\/figure>\n\t<\/div>\n\n\t<div class=\"wpb_text_column wpb_content_element  vc_custom_1717921335888\" >\n\t\t<div class=\"wpb_wrapper\">\n\t\t\t<p><span style=\"color: #79a09f; font-size: 1.2em; font-weight: 600;\">Jour d&#039;inauguration<br \/>\n<\/span>Avec les villageois de Pekhri et les repr\u00e9sentants du D\u00e9partement des For\u00eats<\/p>\n\n\t\t<\/div>\n\t<\/div>\n<\/div><\/div><\/div><div class=\"wpb_column vc_column_container vc_col-sm-6\"><div class=\"vc_column-inner\"><div class=\"wpb_wrapper\">\n\t<div class=\"wpb_text_column wpb_content_element\" >\n\t\t<div class=\"wpb_wrapper\">\n\t\t\t<p><strong>Engagement communautaire<\/strong><\/p>\n<p>Notre vaste exp\u00e9rience en mati\u00e8re de conservation et de travail communautaire garantit que votre contribution \u00e0 la compensation carbone favorise le d\u00e9veloppement durable dans l&#039;Himalaya. Non seulement nous plantons des arbres en votre nom, mais nous guidons \u00e9galement la communaut\u00e9 locale vers le d\u00e9veloppement durable.<br \/>\nEn compensant vos \u00e9missions de carbone avec Heco, votre argent va directement \u00e0 la communaut\u00e9 sans interm\u00e9diaires prenant des commissions. Cela rend nos cr\u00e9dits carbone plus abordables.<br \/>\nDe plus, le programme garantit que les besoins des villageois sont satisfaits de mani\u00e8re naturelle, r\u00e9duisant ainsi la n\u00e9cessit\u00e9 pour eux d\u2019exploiter ill\u00e9galement les ressources naturelles du Great Himalayan National Park.<\/p>\n<p>&nbsp;<\/p>\n<p><strong>Confiance et transparence<\/strong><\/p>\n<p>Avec Heco, vous avez l\u2019assurance que votre argent est investi dans des projets fiables qui ont un impact positif sur l\u2019environnement et les communaut\u00e9s locales. Nous avons re\u00e7u des prix internationaux pour la pertinence et l\u2019\u00e9quit\u00e9 de notre mod\u00e8le d\u2019entreprise sociale.<br \/>\nEn plus de vous fournir des images de drone des zones plant\u00e9es pour vous permettre de v\u00e9rifier l&#039;avancement du reboisement, nous maintenons une base de donn\u00e9es sur l&#039;\u00e9tat d&#039;avancement des travaux. Vous pouvez toujours communiquer avec nous pour vous renseigner sur les d\u00e9tails du programme.<\/p>\n<p>&nbsp;<\/p>\n<p><strong>Des ann\u00e9es d&#039;exp\u00e9rience<\/strong><\/p>\n<p>Heco est une entreprise sociale prim\u00e9e, cofond\u00e9e par deux experts en d\u00e9veloppement durable dans les zones rurales de l&#039;Inde, tous deux passionn\u00e9s par la nature et la communaut\u00e9. Notre reconnaissance internationale t\u00e9moigne de notre honn\u00eatet\u00e9, de notre transparence et de la pertinence de notre mod\u00e8le d&#039;entreprise sociale. Un aspect essentiel de notre succ\u00e8s est la confiance que nous avons \u00e9tablie avec la communaut\u00e9 locale.<\/p>\n\n\t\t<\/div>\n\t<\/div>\n<\/div><\/div><\/div><\/div><div class=\"vc_row wpb_row vc_row-fluid vc_custom_1691314766386\" ><div class=\"wpb_column vc_column_container vc_col-sm-12\"><div class=\"vc_column-inner\"><div class=\"wpb_wrapper\"><div class=\"vc_separator wpb_content_element vc_separator_align_center vc_sep_width_100 vc_sep_pos_align_center vc_separator_no_text vc_sep_color_grey vc_custom_1696686290256  vc_custom_1696686290256\" ><span class=\"vc_sep_holder vc_sep_holder_l\"><span class=\"vc_sep_line\"><\/span><\/span><span class=\"vc_sep_holder vc_sep_holder_r\"><span class=\"vc_sep_line\"><\/span><\/span>\n<\/div><\/div><\/div><\/div><\/div>\n<\/section>","protected":false},"excerpt":{"rendered":"Compensation carbone Renseignements Pourquoi la compensation carbone ? Depuis 2019, Heco s&#039;engage dans la restauration \u00e9cologique. Une partie de nos b\u00e9n\u00e9fices a \u00e9t\u00e9 consacr\u00e9e au reboisement des zones arides de l&#039;\u00e9cozone Great Himalayan National Park qui ont souffert en raison [...]","protected":false},"author":2,"featured_media":0,"parent":0,"menu_order":0,"comment_status":"closed","ping_status":"closed","template":"","meta":{"_acf_changed":false,"_monsterinsights_skip_tracking":false,"_monsterinsights_sitenote_active":false,"_monsterinsights_sitenote_note":"","_monsterinsights_sitenote_category":0,"footnotes":""},"class_list":["post-10022","page","type-page","status-publish","hentry"],"acf":[],"yoast_head":"<!-- This site is optimized with the Yoast SEO plugin v27.5 - https:\/\/yoast.com\/product\/yoast-seo-wordpress\/ -->\n<title>Offset your Carbon Emissions - Himalayan Ecotourism<\/title>\n<meta name=\"description\" content=\"Want to offset your carbon emissions ? Find out how Heco is working towards Offsetting Carbon Emissions through reforestation with the Local communities in the Tirthan valley.\" \/>\n<meta name=\"robots\" content=\"index, follow, max-snippet:-1, max-image-preview:large, max-video-preview:-1\" \/>\n<link rel=\"canonical\" href=\"https:\/\/www.himalayanecotourism.com\/fr\/compensez-vos-emissions-de-carbone\/\" \/>\n<meta property=\"og:locale\" content=\"fr_FR\" \/>\n<meta property=\"og:type\" content=\"article\" \/>\n<meta property=\"og:title\" content=\"Offset your Carbon Emissions - Himalayan Ecotourism\" \/>\n<meta property=\"og:description\" content=\"Want to offset your carbon emissions ? Find out how Heco is working towards Offsetting Carbon Emissions through reforestation with the Local communities in the Tirthan valley.\" \/>\n<meta property=\"og:url\" content=\"https:\/\/www.himalayanecotourism.com\/fr\/compensez-vos-emissions-de-carbone\/\" \/>\n<meta property=\"og:site_name\" content=\"Himalayan Ecotourism\" \/>\n<meta property=\"article:publisher\" content=\"https:\/\/www.facebook.com\/himalayanecotourism\/\" \/>\n<meta property=\"article:modified_time\" content=\"2024-11-21T09:37:53+00:00\" \/>\n<meta property=\"og:image\" content=\"https:\/\/www.himalayanecotourism.com\/wp-content\/uploads\/2023\/06\/het-coop-link.jpg\" \/>\n\t<meta property=\"og:image:width\" content=\"800\" \/>\n\t<meta property=\"og:image:height\" content=\"533\" \/>\n\t<meta property=\"og:image:type\" content=\"image\/jpeg\" \/>\n<meta name=\"twitter:card\" content=\"summary_large_image\" \/>\n<meta name=\"twitter:site\" content=\"@HimalayanEcoT\" \/>\n<meta name=\"twitter:label1\" content=\"Dur\u00e9e de lecture estim\u00e9e\" \/>\n\t<meta name=\"twitter:data1\" content=\"4 minutes\" \/>\n<!-- \/ Yoast SEO plugin. -->","yoast_head_json":{"title":"Offset your Carbon Emissions - Himalayan Ecotourism","description":"Want to offset your carbon emissions ? Find out how Heco is working towards Offsetting Carbon Emissions through reforestation with the Local communities in the Tirthan valley.","robots":{"index":"index","follow":"follow","max-snippet":"max-snippet:-1","max-image-preview":"max-image-preview:large","max-video-preview":"max-video-preview:-1"},"canonical":"https:\/\/www.himalayanecotourism.com\/fr\/compensez-vos-emissions-de-carbone\/","og_locale":"fr_FR","og_type":"article","og_title":"Offset your Carbon Emissions - Himalayan Ecotourism","og_description":"Want to offset your carbon emissions ? Find out how Heco is working towards Offsetting Carbon Emissions through reforestation with the Local communities in the Tirthan valley.","og_url":"https:\/\/www.himalayanecotourism.com\/fr\/compensez-vos-emissions-de-carbone\/","og_site_name":"Himalayan Ecotourism","article_publisher":"https:\/\/www.facebook.com\/himalayanecotourism\/","article_modified_time":"2024-11-21T09:37:53+00:00","og_image":[{"width":800,"height":533,"url":"https:\/\/www.himalayanecotourism.com\/wp-content\/uploads\/2023\/06\/het-coop-link.jpg","type":"image\/jpeg"}],"twitter_card":"summary_large_image","twitter_site":"@HimalayanEcoT","twitter_misc":{"Dur\u00e9e de lecture estim\u00e9e":"4 minutes"},"schema":{"@context":"https:\/\/schema.org","@graph":[{"@type":"WebPage","@id":"https:\/\/www.himalayanecotourism.com\/offset-your-carbon-emissions\/","url":"https:\/\/www.himalayanecotourism.com\/offset-your-carbon-emissions\/","name":"Offset your Carbon Emissions - Himalayan Ecotourism","isPartOf":{"@id":"https:\/\/www.himalayanecotourism.com\/#website"},"datePublished":"2024-05-28T16:18:50+00:00","dateModified":"2024-11-21T09:37:53+00:00","description":"Want to offset your carbon emissions ? Find out how Heco is working towards Offsetting Carbon Emissions through reforestation with the Local communities in the Tirthan valley.","breadcrumb":{"@id":"https:\/\/www.himalayanecotourism.com\/offset-your-carbon-emissions\/#breadcrumb"},"inLanguage":"fr-FR","potentialAction":[{"@type":"ReadAction","target":["https:\/\/www.himalayanecotourism.com\/offset-your-carbon-emissions\/"]}]},{"@type":"BreadcrumbList","@id":"https:\/\/www.himalayanecotourism.com\/offset-your-carbon-emissions\/#breadcrumb","itemListElement":[{"@type":"ListItem","position":1,"name":"Home","item":"https:\/\/www.himalayanecotourism.com\/"},{"@type":"ListItem","position":2,"name":"Offset your Carbon Emissions"}]},{"@type":"WebSite","@id":"https:\/\/www.himalayanecotourism.com\/#website","url":"https:\/\/www.himalayanecotourism.com\/","name":"Himalayan Ecotourism","description":"Creating Joy and Sustainability in the Himalayas","publisher":{"@id":"https:\/\/www.himalayanecotourism.com\/#organization"},"alternateName":"Heco","potentialAction":[{"@type":"SearchAction","target":{"@type":"EntryPoint","urlTemplate":"https:\/\/www.himalayanecotourism.com\/?s={search_term_string}"},"query-input":{"@type":"PropertyValueSpecification","valueRequired":true,"valueName":"search_term_string"}}],"inLanguage":"fr-FR"},{"@type":"Organization","@id":"https:\/\/www.himalayanecotourism.com\/#organization","name":"Himalayan Ecotourism","alternateName":"Heco","url":"https:\/\/www.himalayanecotourism.com\/","logo":{"@type":"ImageObject","inLanguage":"fr-FR","@id":"https:\/\/www.himalayanecotourism.com\/#\/schema\/logo\/image\/","url":"https:\/\/www.himalayanecotourism.com\/wp-content\/uploads\/2018\/09\/HET-logo-dark-2023-350.png","contentUrl":"https:\/\/www.himalayanecotourism.com\/wp-content\/uploads\/2018\/09\/HET-logo-dark-2023-350.png","width":450,"height":95,"caption":"Himalayan Ecotourism"},"image":{"@id":"https:\/\/www.himalayanecotourism.com\/#\/schema\/logo\/image\/"},"sameAs":["https:\/\/www.facebook.com\/himalayanecotourism\/","https:\/\/x.com\/HimalayanEcoT","https:\/\/www.youtube.com\/@HimalayanEcotourism\/videos","https:\/\/www.instagram.com\/himalayanecotourism\/","https:\/\/www.linkedin.com\/company\/9425455\/","https:\/\/in.pinterest.com\/himalayaecotour\/"]}]}},"_links":{"self":[{"href":"https:\/\/www.himalayanecotourism.com\/fr\/wp-json\/wp\/v2\/pages\/10022","targetHints":{"allow":["GET"]}}],"collection":[{"href":"https:\/\/www.himalayanecotourism.com\/fr\/wp-json\/wp\/v2\/pages"}],"about":[{"href":"https:\/\/www.himalayanecotourism.com\/fr\/wp-json\/wp\/v2\/types\/page"}],"author":[{"embeddable":true,"href":"https:\/\/www.himalayanecotourism.com\/fr\/wp-json\/wp\/v2\/users\/2"}],"replies":[{"embeddable":true,"href":"https:\/\/www.himalayanecotourism.com\/fr\/wp-json\/wp\/v2\/comments?post=10022"}],"version-history":[{"count":9,"href":"https:\/\/www.himalayanecotourism.com\/fr\/wp-json\/wp\/v2\/pages\/10022\/revisions"}],"predecessor-version":[{"id":10560,"href":"https:\/\/www.himalayanecotourism.com\/fr\/wp-json\/wp\/v2\/pages\/10022\/revisions\/10560"}],"wp:attachment":[{"href":"https:\/\/www.himalayanecotourism.com\/fr\/wp-json\/wp\/v2\/media?parent=10022"}],"curies":[{"name":"wp","href":"https:\/\/api.w.org\/{rel}","templated":true}]}}