{"id":5558,"date":"2023-06-22T12:59:06","date_gmt":"2023-06-22T12:59:06","guid":{"rendered":"https:\/\/www.himalayanecotourism.com\/?page_id=5558"},"modified":"2024-11-21T15:20:07","modified_gmt":"2024-11-21T09:50:07","slug":"testimonials","status":"publish","type":"page","link":"https:\/\/www.himalayanecotourism.com\/fr\/temoignages\/","title":{"rendered":"Pourquoi voyager avec nous ?"},"content":{"rendered":"<section class=\"wpb-content-wrapper\"><div class=\"vc_row wpb_row vc_row-fluid\" ><div class=\"wpb_column vc_column_container vc_col-sm-10\"><div class=\"vc_column-inner\"><div class=\"wpb_wrapper\">\n\t<div class=\"wpb_text_column wpb_content_element\" >\n\t\t<div class=\"wpb_wrapper\">\n\t\t\t<h2>Pourquoi voyager avec nous ?<\/h2>\n\n\t\t<\/div>\n\t<\/div>\n<\/div><\/div><\/div><div class=\"wpb_column vc_column_container vc_col-sm-2\"><div class=\"vc_column-inner vc_custom_1691314685823\"><div class=\"wpb_wrapper\"><a itemprop=\"url\" href=\"https:\/\/www.himalayanecotourism.com\/fr\/contactez-nous\/\" target=\"_blank\" style=\"color: #ffffff;background-color: #7ec8c6\" class=\"qodef-btn qodef-btn-medium qodef-btn-solid qodef-btn-custom-hover-bg qodef-btn-custom-hover-color qodef-btn-icon\" data-hover-color=\"#ffffff\" data-hover-bg-color=\"#8ee0de\" >\n    <span class=\"qodef-btn-text\">Contact<\/span>\n    <span aria-hidden=\"true\" class=\"qodef-icon-font-elegant arrow_carrot-right\" ><\/span><\/a><\/div><\/div><\/div><\/div><div class=\"vc_row wpb_row vc_row-fluid\" ><div class=\"wpb_column vc_column_container vc_col-sm-12\"><div class=\"vc_column-inner\"><div class=\"wpb_wrapper\"><div class=\"vc_separator wpb_content_element vc_separator_align_center vc_sep_width_100 vc_sep_pos_align_center vc_separator_no_text vc_sep_color_grey vc_custom_1691306186355  vc_custom_1691306186355\" ><span class=\"vc_sep_holder vc_sep_holder_l\"><span class=\"vc_sep_line\"><\/span><\/span><span class=\"vc_sep_holder vc_sep_holder_r\"><span class=\"vc_sep_line\"><\/span><\/span>\n<\/div><\/div><\/div><\/div><\/div><div class=\"vc_row wpb_row vc_row-fluid vc_custom_1691378514258\" ><div class=\"wpb_column vc_column_container vc_col-sm-12\"><div class=\"vc_column-inner\"><div class=\"wpb_wrapper\">\n\t<div class=\"wpb_text_column wpb_content_element\" >\n\t\t<div class=\"wpb_wrapper\">\n\t\t\t<h3>Soutenir les communaut\u00e9s locales<\/h3>\n<p>Les communaut\u00e9s locales sont l'\u00e9pine dorsale de tout v\u00e9ritable mouvement de conservation. Une part importante de nos revenus est directement affect\u00e9e au capital de la coop\u00e9rative et au soutien de projets d'\u00e9cod\u00e9veloppement, ce qui permet \u00e0 tous les membres et actionnaires de se d\u00e9velopper collectivement. La stabilit\u00e9 \u00e9conomique leur permet d'avoir un meilleur niveau de vie et les encourage \u00e0 conserver leurs propres for\u00eats et ressources naturelles.<br \/>\nPendant des ann\u00e9es, les membres de la communaut\u00e9 ont d\u00fb faire face \u00e0 la domination d\u2019acteurs de march\u00e9 plus puissants. Gr\u00e2ce \u00e0 notre initiative touristique, nous essayons d\u2019\u00e9galiser les r\u00e8gles du jeu : donner \u00e0 nos membres la chance de gagner un revenu \u00e9quitable et leur donner le pouvoir de prendre des d\u00e9cisions importantes.<\/p>\n<p>Vous ferez la diff\u00e9rence avec nous en promouvant le d\u00e9veloppement durable dans l\u2019Himalaya. Et bien s\u00fbr, nous suivons strictement les principes de l&#039;\u00e9cotourisme.<\/p>\n<h3>Joie et durabilit\u00e9 dans l&#039;Himalaya<\/h3>\n<p>Chaque voyage que vous faites avec nous a un impact sur l'environnement de plusieurs mani\u00e8res. Nous suivons une politique d'\u00e9cotourisme stricte et en phase avec les principes de conservation. Nos guides accompagnateurs sont form\u00e9s au trekking et \u00e0 l'hospitalit\u00e9, mais ils apportent surtout une chaleur naturelle et une serviabilit\u00e9 typiques des petites communaut\u00e9s qui mettent instantan\u00e9ment nos h\u00f4tes \u00e0 l'aise.<\/p>\n<p>Fid\u00e8les \u00e0 notre devise, nous visons \u00e0 rendre chaque voyage m\u00e9morable, instructif et significatif pour nos clients. D&#039;apr\u00e8s les critiques que nous avons re\u00e7ues, nous pouvons \u00eatre s\u00fbrs que nous partageons bien plus que l&#039;exp\u00e9rience d&#039;une randonn\u00e9e en plein air : nous partageons de la joie et cr\u00e9ons des souvenirs.<\/p>\n<h3>Exp\u00e9riences personnalis\u00e9es<\/h3>\n<p>Chaque voyage avec nous est une exp\u00e9rience personnalis\u00e9e et organis\u00e9e pour nos voyageurs, car nous comprenons que chaque voyageur est diff\u00e9rent et souhaite vivre une exp\u00e9rience de voyage diff\u00e9rente. Notre \u00e9quipe a pass\u00e9 des ann\u00e9es dans l&#039;industrie du tourisme durable et est en mesure d&#039;organiser un voyage exclusivement adapt\u00e9 \u00e0 vos go\u00fbts.<br \/>\nLorsque vous voyagez et s\u00e9journez chez nous, nous offrons \u00e0 nos clients le meilleur standard d&#039;hospitalit\u00e9.<\/p>\n<h3>Nous fonctionnons comme une coop\u00e9rative. Sentir la diff\u00e9rence !<\/h3>\n<p>Il n&#039;y a aucune distinction entre un guide, un porteur, un cuisinier ou un employ\u00e9 de bureau. Tout le monde est actionnaire de l\u2019entreprise.<br \/>\nChez Himalayan Ecotourism, personne n\u2019est le patron, personne n\u2019est inf\u00e9rieur. Himalayan Ecotourism est la compagnie de votre personnel de trekking et de voyage. Tu vas sentir la diff\u00e9rence !<\/p>\n<h3>Nous avons le meilleur \u00e9quipement<\/h3>\n<p>Le confort, l\u2019hygi\u00e8ne et la s\u00e9curit\u00e9 sont les r\u00e8gles de base en mati\u00e8re d\u2019\u00e9quipement. Avec nous, vous n&#039;aurez pas la mauvaise exp\u00e9rience de dormir dans des sacs de couchage malodorants et sales ! Assurez-vous de vivre l\u2019exp\u00e9rience ext\u00e9rieure la plus s\u00fbre et la plus confortable gr\u00e2ce \u00e0 notre \u00e9quipement import\u00e9 fiable.<\/p>\n<h3>Nous sommes situ\u00e9s au c\u0153ur de l&#039;Himalaya !<\/h3>\n<p>Vous \u00eates entre les mains d&#039;experts !<br \/>\nTout notre personnel est local, form\u00e9 en permanence et le plus exp\u00e9riment\u00e9. Nous savons ce que sont les montagnes et la nature sauvage\u2026 pour votre plaisir et pour votre s\u00e9curit\u00e9.<br \/>\nQuatre de nos guides sont des guides naturalistes. Ils vous d\u00e9voileront toutes les beaut\u00e9s secr\u00e8tes des \u00e9cosyst\u00e8mes et de la culture locale.<\/p>\n\n\t\t<\/div>\n\t<\/div>\n<\/div><\/div><\/div><\/div><div class=\"vc_row wpb_row vc_row-fluid\" ><div class=\"wpb_column vc_column_container vc_col-sm-12\"><div class=\"vc_column-inner\"><div class=\"wpb_wrapper\"><div class=\"vc_separator wpb_content_element vc_separator_align_center vc_sep_width_100 vc_sep_pos_align_center vc_separator_no_text vc_sep_color_grey vc_custom_1691306186355  vc_custom_1691306186355\" ><span class=\"vc_sep_holder vc_sep_holder_l\"><span class=\"vc_sep_line\"><\/span><\/span><span class=\"vc_sep_holder vc_sep_holder_r\"><span class=\"vc_sep_line\"><\/span><\/span>\n<\/div><\/div><\/div><\/div><\/div><div class=\"vc_row wpb_row vc_row-fluid vc_custom_1691378514258\" ><div class=\"wpb_column vc_column_container vc_col-sm-12\"><div class=\"vc_column-inner\"><div class=\"wpb_wrapper\">\n\t<div class=\"wpb_text_column wpb_content_element\" >\n\t\t<div class=\"wpb_wrapper\">\n\t\t\t<h3>Liens vers d&#039;autres pages<\/h3>\n\n\t\t<\/div>\n\t<\/div>\n<\/div><\/div><\/div><\/div><div class=\"vc_row wpb_row vc_row-fluid vc_column-gap-25\" ><div class=\"wpb_column vc_column_container vc_col-sm-4 vc_col-has-fill\"><div class=\"vc_column-inner vc_custom_1688733561231\"><div class=\"wpb_wrapper\"><div class=\"qodef-banner-holder  qodef-visible-on-hover qodef-banner-info-centered\">\n    <div class=\"qodef-banner-image\">\n        <img decoding=\"async\" width=\"800\" height=\"533\" src=\"https:\/\/www.himalayanecotourism.com\/wp-content\/uploads\/2023\/06\/ghnp-trek-link.jpg\" class=\"attachment-full size-full\" alt=\"Trek vers Tirth ou Tirath en Great Himalayan National Park\" srcset=\"https:\/\/www.himalayanecotourism.com\/wp-content\/uploads\/2023\/06\/ghnp-trek-link.jpg 800w, https:\/\/www.himalayanecotourism.com\/wp-content\/uploads\/2023\/06\/ghnp-trek-link-600x400.jpg 600w, https:\/\/www.himalayanecotourism.com\/wp-content\/uploads\/2023\/06\/ghnp-trek-link-300x200.jpg 300w, https:\/\/www.himalayanecotourism.com\/wp-content\/uploads\/2023\/06\/ghnp-trek-link-768x512.jpg 768w\" sizes=\"(max-width: 800px) 100vw, 800px\" \/>    <\/div>\n    <div class=\"qodef-banner-text-holder\" style=\"padding: 0 16px 16px 30px\">\n\t    <div class=\"qodef-banner-text-outer\">\n\t\t    <div class=\"qodef-banner-text-inner\">\n\t\t        \t\t            <h5 class=\"qodef-banner-subtitle\" >\n\t\t\t            Partez en randonn\u00e9e dans un site du patrimoine mondial\t\t            <\/h5>\n\t\t        \t\t        \t\t\t\t\t\t\t<\/div>\n\t\t<\/div>\n\t<\/div>\n\t        <a itemprop=\"url\" class=\"qodef-banner-link\" href=\"https:\/\/www.himalayanecotourism.com\/fr\/randonnee-dans-le-grand-parc-national-de-lhimalaya\/\" target=\"_self\"><\/a>\n    <\/div>\n\t<div class=\"wpb_text_column wpb_content_element  vc_custom_1689826491729\" >\n\t\t<div class=\"wpb_wrapper\">\n\t\t\t<p><a href=\"https:\/\/www.himalayanecotourism.com\/fr\/randonnee-dans-le-grand-parc-national-de-lhimalaya\/\"><span style=\"color: #ffffff; font-size: 1.2em; font-weight: 600;\">des randonn\u00e9es de plusieurs jours<\/span><\/a><br \/>\n<span style=\"color: #ffffff; font-size: 0.9em;\">Partez \u00e0 la rencontre des g\u00e9ants de l'Himalaya et explorez la nature sauvage du GHNP gr\u00e2ce \u00e0 nos treks de 2 \u00e0 10 jours.<\/span><\/p>\n\n\t\t<\/div>\n\t<\/div>\n<\/div><\/div><\/div><div class=\"wpb_column vc_column_container vc_col-sm-4 vc_col-has-fill\"><div class=\"vc_column-inner vc_custom_1688733606439\"><div class=\"wpb_wrapper\"><div class=\"qodef-banner-holder  qodef-visible-on-hover qodef-banner-info-centered\">\n    <div class=\"qodef-banner-image\">\n        <img decoding=\"async\" width=\"800\" height=\"533\" src=\"https:\/\/www.himalayanecotourism.com\/wp-content\/uploads\/2023\/06\/day-hikes-link.jpg\" class=\"attachment-full size-full\" alt=\"Randonn\u00e9es d&#039;une journ\u00e9e dans le Great Himalayan National Park\" srcset=\"https:\/\/www.himalayanecotourism.com\/wp-content\/uploads\/2023\/06\/day-hikes-link.jpg 800w, https:\/\/www.himalayanecotourism.com\/wp-content\/uploads\/2023\/06\/day-hikes-link-600x400.jpg 600w, https:\/\/www.himalayanecotourism.com\/wp-content\/uploads\/2023\/06\/day-hikes-link-300x200.jpg 300w, https:\/\/www.himalayanecotourism.com\/wp-content\/uploads\/2023\/06\/day-hikes-link-768x512.jpg 768w\" sizes=\"(max-width: 800px) 100vw, 800px\" \/>    <\/div>\n    <div class=\"qodef-banner-text-holder\" style=\"padding: 0 16px 16px 30px\">\n\t    <div class=\"qodef-banner-text-outer\">\n\t\t    <div class=\"qodef-banner-text-inner\">\n\t\t        \t\t            <h5 class=\"qodef-banner-subtitle\" >\n\t\t\t            Une journ\u00e9e pour profiter des bijoux naturels\t\t            <\/h5>\n\t\t        \t\t        \t\t\t\t\t\t\t<\/div>\n\t\t<\/div>\n\t<\/div>\n\t        <a itemprop=\"url\" class=\"qodef-banner-link\" href=\"https:\/\/www.himalayanecotourism.com\/fr\/randonnees-faciles-dans-le-grand-parc-national-de-lhimalaya\/\" target=\"_self\"><\/a>\n    <\/div>\n\t<div class=\"wpb_text_column wpb_content_element  vc_custom_1691335404435\" >\n\t\t<div class=\"wpb_wrapper\">\n\t\t\t<p><a href=\"https:\/\/www.himalayanecotourism.com\/fr\/randonnees-faciles-dans-le-grand-parc-national-de-lhimalaya\/\"><span style=\"color: #ffffff; font-size: 1.2em; font-weight: 600;\">randonn\u00e9e d'un jour<\/span><\/a><br \/>\n<span style=\"color: #ffffff; font-size: 0.9em;\">Profitez de la nature himalayenne et des villages pittoresques gr\u00e2ce \u00e0 l'une de nos randonn\u00e9es d'une journ\u00e9e.<\/span><\/p>\n\n\t\t<\/div>\n\t<\/div>\n<\/div><\/div><\/div><div class=\"wpb_column vc_column_container vc_col-sm-4 vc_col-has-fill\"><div class=\"vc_column-inner vc_custom_1688733645966\"><div class=\"wpb_wrapper\"><div class=\"qodef-banner-holder  qodef-visible-on-hover qodef-banner-info-centered\">\n    <div class=\"qodef-banner-image\">\n        <img decoding=\"async\" width=\"800\" height=\"533\" src=\"https:\/\/www.himalayanecotourism.com\/wp-content\/uploads\/2023\/06\/fixed-dates-trek-link.jpg\" class=\"attachment-full size-full\" alt=\"Randonn\u00e9es \u00e0 d\u00e9part fixe en Great Himalayan National Park\" srcset=\"https:\/\/www.himalayanecotourism.com\/wp-content\/uploads\/2023\/06\/fixed-dates-trek-link.jpg 800w, https:\/\/www.himalayanecotourism.com\/wp-content\/uploads\/2023\/06\/fixed-dates-trek-link-600x400.jpg 600w, https:\/\/www.himalayanecotourism.com\/wp-content\/uploads\/2023\/06\/fixed-dates-trek-link-300x200.jpg 300w, https:\/\/www.himalayanecotourism.com\/wp-content\/uploads\/2023\/06\/fixed-dates-trek-link-768x512.jpg 768w\" sizes=\"(max-width: 800px) 100vw, 800px\" \/>    <\/div>\n    <div class=\"qodef-banner-text-holder\" style=\"padding: 0 16px 16px 30px\">\n\t    <div class=\"qodef-banner-text-outer\">\n\t\t    <div class=\"qodef-banner-text-inner\">\n\t\t        \t\t            <h5 class=\"qodef-banner-subtitle\" >\n\t\t\t            Ne pars pas seul\t\t            <\/h5>\n\t\t        \t\t        \t\t\t\t\t\t\t<\/div>\n\t\t<\/div>\n\t<\/div>\n\t        <a itemprop=\"url\" class=\"qodef-banner-link\" href=\"https:\/\/www.himalayanecotourism.com\/fr\/depart-du-trek-du-parc-national-du-grand-himalaya\/\" target=\"_self\"><\/a>\n    <\/div>\n\t<div class=\"wpb_text_column wpb_content_element  vc_custom_1692362042487\" >\n\t\t<div class=\"wpb_wrapper\">\n\t\t\t<p><span style=\"color: #ffffff; font-size: 1.2em; font-weight: 600;\">D\u00e9part \u00e0 dates fixes<\/span><br \/>\n<span style=\"color: #ffffff; font-size: 0.9em;\">Rejoignez l'un de nos treks en groupe dans le GHNP, avec des d\u00e9parts \u00e0 date fixe.<\/span><\/p>\n\n\t\t<\/div>\n\t<\/div>\n<\/div><\/div><\/div><\/div><div class=\"vc_row wpb_row vc_row-fluid\" ><div class=\"wpb_column vc_column_container vc_col-sm-12\"><div class=\"vc_column-inner\"><div class=\"wpb_wrapper\"><div class=\"vc_separator wpb_content_element vc_separator_align_center vc_sep_width_100 vc_sep_pos_align_center vc_separator_no_text vc_sep_color_grey vc_custom_1691306186355  vc_custom_1691306186355\" ><span class=\"vc_sep_holder vc_sep_holder_l\"><span class=\"vc_sep_line\"><\/span><\/span><span class=\"vc_sep_holder vc_sep_holder_r\"><span class=\"vc_sep_line\"><\/span><\/span>\n<\/div><\/div><\/div><\/div><\/div>\n<\/section>","protected":false},"excerpt":{"rendered":"Pourquoi voyager avec nous ? Renseignements Soutenir les communaut\u00e9s locales Les communaut\u00e9s locales sont l&#039;\u00e9pine dorsale de tout v\u00e9ritable mouvement de conservation. Une part substantielle de nos revenus est directement vers\u00e9e au capital de la coop\u00e9rative et au soutien de projets d&#039;\u00e9co-d\u00e9veloppement garantissant [...]","protected":false},"author":1,"featured_media":8174,"parent":0,"menu_order":0,"comment_status":"closed","ping_status":"closed","template":"","meta":{"_acf_changed":false,"_monsterinsights_skip_tracking":false,"_monsterinsights_sitenote_active":false,"_monsterinsights_sitenote_note":"","_monsterinsights_sitenote_category":0,"footnotes":""},"class_list":["post-5558","page","type-page","status-publish","has-post-thumbnail","hentry"],"acf":[],"yoast_head":"<!-- This site is optimized with the Yoast SEO plugin v27.4 - https:\/\/yoast.com\/product\/yoast-seo-wordpress\/ -->\n<title>Why to travel with us ? - Himalayan Ecotourism<\/title>\n<meta name=\"description\" content=\"Explore Himachal Pradesh with a sustainable tour operator. Our expert guides provide top-notch equipment and experiences, while ensuring a positive impact on the environment. Experience the culture and geography of Himachal Pradesh\" \/>\n<meta name=\"robots\" content=\"index, follow, max-snippet:-1, max-image-preview:large, max-video-preview:-1\" \/>\n<link rel=\"canonical\" href=\"https:\/\/www.himalayanecotourism.com\/fr\/temoignages\/\" \/>\n<meta property=\"og:locale\" content=\"fr_FR\" \/>\n<meta property=\"og:type\" content=\"article\" \/>\n<meta property=\"og:title\" content=\"Why to travel with us ? - Himalayan Ecotourism\" \/>\n<meta property=\"og:description\" content=\"Explore Himachal Pradesh with a sustainable tour operator. Our expert guides provide top-notch equipment and experiences, while ensuring a positive impact on the environment. Experience the culture and geography of Himachal Pradesh\" \/>\n<meta property=\"og:url\" content=\"https:\/\/www.himalayanecotourism.com\/fr\/temoignages\/\" \/>\n<meta property=\"og:site_name\" content=\"Himalayan Ecotourism\" \/>\n<meta property=\"article:publisher\" content=\"https:\/\/www.facebook.com\/himalayanecotourism\/\" \/>\n<meta property=\"article:modified_time\" content=\"2024-11-21T09:50:07+00:00\" \/>\n<meta property=\"og:image\" content=\"https:\/\/www.himalayanecotourism.com\/wp-content\/uploads\/2023\/06\/himalayas-tour-trek-01.jpg\" \/>\n\t<meta property=\"og:image:width\" content=\"1270\" \/>\n\t<meta property=\"og:image:height\" content=\"847\" \/>\n\t<meta property=\"og:image:type\" content=\"image\/jpeg\" \/>\n<meta name=\"twitter:card\" content=\"summary_large_image\" \/>\n<meta name=\"twitter:site\" content=\"@HimalayanEcoT\" \/>\n<meta name=\"twitter:label1\" content=\"Dur\u00e9e de lecture estim\u00e9e\" \/>\n\t<meta name=\"twitter:data1\" content=\"4 minutes\" \/>\n<!-- \/ Yoast SEO plugin. -->","yoast_head_json":{"title":"Why to travel with us ? - Himalayan Ecotourism","description":"Explore Himachal Pradesh with a sustainable tour operator. Our expert guides provide top-notch equipment and experiences, while ensuring a positive impact on the environment. Experience the culture and geography of Himachal Pradesh","robots":{"index":"index","follow":"follow","max-snippet":"max-snippet:-1","max-image-preview":"max-image-preview:large","max-video-preview":"max-video-preview:-1"},"canonical":"https:\/\/www.himalayanecotourism.com\/fr\/temoignages\/","og_locale":"fr_FR","og_type":"article","og_title":"Why to travel with us ? - Himalayan Ecotourism","og_description":"Explore Himachal Pradesh with a sustainable tour operator. Our expert guides provide top-notch equipment and experiences, while ensuring a positive impact on the environment. Experience the culture and geography of Himachal Pradesh","og_url":"https:\/\/www.himalayanecotourism.com\/fr\/temoignages\/","og_site_name":"Himalayan Ecotourism","article_publisher":"https:\/\/www.facebook.com\/himalayanecotourism\/","article_modified_time":"2024-11-21T09:50:07+00:00","og_image":[{"width":1270,"height":847,"url":"https:\/\/www.himalayanecotourism.com\/wp-content\/uploads\/2023\/06\/himalayas-tour-trek-01.jpg","type":"image\/jpeg"}],"twitter_card":"summary_large_image","twitter_site":"@HimalayanEcoT","twitter_misc":{"Dur\u00e9e de lecture estim\u00e9e":"4 minutes"},"schema":{"@context":"https:\/\/schema.org","@graph":[{"@type":"WebPage","@id":"https:\/\/www.himalayanecotourism.com\/testimonials\/","url":"https:\/\/www.himalayanecotourism.com\/testimonials\/","name":"Why to travel with us ? - Himalayan Ecotourism","isPartOf":{"@id":"https:\/\/www.himalayanecotourism.com\/#website"},"primaryImageOfPage":{"@id":"https:\/\/www.himalayanecotourism.com\/testimonials\/#primaryimage"},"image":{"@id":"https:\/\/www.himalayanecotourism.com\/testimonials\/#primaryimage"},"thumbnailUrl":"https:\/\/www.himalayanecotourism.com\/wp-content\/uploads\/2023\/06\/himalayas-tour-trek-01.jpg","datePublished":"2023-06-22T12:59:06+00:00","dateModified":"2024-11-21T09:50:07+00:00","description":"Explore Himachal Pradesh with a sustainable tour operator. Our expert guides provide top-notch equipment and experiences, while ensuring a positive impact on the environment. Experience the culture and geography of Himachal Pradesh","breadcrumb":{"@id":"https:\/\/www.himalayanecotourism.com\/testimonials\/#breadcrumb"},"inLanguage":"fr-FR","potentialAction":[{"@type":"ReadAction","target":["https:\/\/www.himalayanecotourism.com\/testimonials\/"]}]},{"@type":"ImageObject","inLanguage":"fr-FR","@id":"https:\/\/www.himalayanecotourism.com\/testimonials\/#primaryimage","url":"https:\/\/www.himalayanecotourism.com\/wp-content\/uploads\/2023\/06\/himalayas-tour-trek-01.jpg","contentUrl":"https:\/\/www.himalayanecotourism.com\/wp-content\/uploads\/2023\/06\/himalayas-tour-trek-01.jpg","width":1270,"height":847,"caption":"HOMESTAY IN THE TIRTHAN VALLEY"},{"@type":"BreadcrumbList","@id":"https:\/\/www.himalayanecotourism.com\/testimonials\/#breadcrumb","itemListElement":[{"@type":"ListItem","position":1,"name":"Home","item":"https:\/\/www.himalayanecotourism.com\/"},{"@type":"ListItem","position":2,"name":"Why to travel with us ?"}]},{"@type":"WebSite","@id":"https:\/\/www.himalayanecotourism.com\/#website","url":"https:\/\/www.himalayanecotourism.com\/","name":"Himalayan Ecotourism","description":"Creating Joy and Sustainability in the Himalayas","publisher":{"@id":"https:\/\/www.himalayanecotourism.com\/#organization"},"alternateName":"Heco","potentialAction":[{"@type":"SearchAction","target":{"@type":"EntryPoint","urlTemplate":"https:\/\/www.himalayanecotourism.com\/?s={search_term_string}"},"query-input":{"@type":"PropertyValueSpecification","valueRequired":true,"valueName":"search_term_string"}}],"inLanguage":"fr-FR"},{"@type":"Organization","@id":"https:\/\/www.himalayanecotourism.com\/#organization","name":"Himalayan Ecotourism","alternateName":"Heco","url":"https:\/\/www.himalayanecotourism.com\/","logo":{"@type":"ImageObject","inLanguage":"fr-FR","@id":"https:\/\/www.himalayanecotourism.com\/#\/schema\/logo\/image\/","url":"https:\/\/www.himalayanecotourism.com\/wp-content\/uploads\/2018\/09\/HET-logo-dark-2023-350.png","contentUrl":"https:\/\/www.himalayanecotourism.com\/wp-content\/uploads\/2018\/09\/HET-logo-dark-2023-350.png","width":450,"height":95,"caption":"Himalayan Ecotourism"},"image":{"@id":"https:\/\/www.himalayanecotourism.com\/#\/schema\/logo\/image\/"},"sameAs":["https:\/\/www.facebook.com\/himalayanecotourism\/","https:\/\/x.com\/HimalayanEcoT","https:\/\/www.youtube.com\/@HimalayanEcotourism\/videos","https:\/\/www.instagram.com\/himalayanecotourism\/","https:\/\/www.linkedin.com\/company\/9425455\/","https:\/\/in.pinterest.com\/himalayaecotour\/"]}]}},"_links":{"self":[{"href":"https:\/\/www.himalayanecotourism.com\/fr\/wp-json\/wp\/v2\/pages\/5558","targetHints":{"allow":["GET"]}}],"collection":[{"href":"https:\/\/www.himalayanecotourism.com\/fr\/wp-json\/wp\/v2\/pages"}],"about":[{"href":"https:\/\/www.himalayanecotourism.com\/fr\/wp-json\/wp\/v2\/types\/page"}],"author":[{"embeddable":true,"href":"https:\/\/www.himalayanecotourism.com\/fr\/wp-json\/wp\/v2\/users\/1"}],"replies":[{"embeddable":true,"href":"https:\/\/www.himalayanecotourism.com\/fr\/wp-json\/wp\/v2\/comments?post=5558"}],"version-history":[{"count":5,"href":"https:\/\/www.himalayanecotourism.com\/fr\/wp-json\/wp\/v2\/pages\/5558\/revisions"}],"predecessor-version":[{"id":8510,"href":"https:\/\/www.himalayanecotourism.com\/fr\/wp-json\/wp\/v2\/pages\/5558\/revisions\/8510"}],"wp:featuredmedia":[{"embeddable":true,"href":"https:\/\/www.himalayanecotourism.com\/fr\/wp-json\/wp\/v2\/media\/8174"}],"wp:attachment":[{"href":"https:\/\/www.himalayanecotourism.com\/fr\/wp-json\/wp\/v2\/media?parent=5558"}],"curies":[{"name":"wp","href":"https:\/\/api.w.org\/{rel}","templated":true}]}}