{"id":5578,"date":"2023-06-22T13:07:03","date_gmt":"2023-06-22T13:07:03","guid":{"rendered":"https:\/\/www.himalayanecotourism.com\/?page_id=5578"},"modified":"2024-11-21T15:15:50","modified_gmt":"2024-11-21T09:45:50","slug":"donate","status":"publish","type":"page","link":"https:\/\/www.himalayanecotourism.com\/fr\/faire-un-don\/","title":{"rendered":"Faire un don"},"content":{"rendered":"<section class=\"wpb-content-wrapper\"><div class=\"vc_row wpb_row vc_row-fluid\" ><div class=\"wpb_column vc_column_container vc_col-sm-10\"><div class=\"vc_column-inner\"><div class=\"wpb_wrapper\">\n\t<div class=\"wpb_text_column wpb_content_element\" >\n\t\t<div class=\"wpb_wrapper\">\n\t\t\t<h2>Faire un don \u00e0 Himalayan Insight<\/h2>\n\n\t\t<\/div>\n\t<\/div>\n<\/div><\/div><\/div><div class=\"wpb_column vc_column_container vc_col-sm-2\"><div class=\"vc_column-inner vc_custom_1691314685823\"><div class=\"wpb_wrapper\"><a itemprop=\"url\" href=\"https:\/\/www.himalayanecotourism.com\/fr\/contactez-nous\/\" target=\"_blank\" style=\"color: #ffffff;background-color: #7ec8c6\" class=\"qodef-btn qodef-btn-medium qodef-btn-solid qodef-btn-custom-hover-bg qodef-btn-custom-hover-color qodef-btn-icon\" data-hover-color=\"#ffffff\" data-hover-bg-color=\"#8ee0de\" >\n    <span class=\"qodef-btn-text\">Contact<\/span>\n    <span aria-hidden=\"true\" class=\"qodef-icon-font-elegant arrow_carrot-right\" ><\/span><\/a><\/div><\/div><\/div><\/div><div class=\"vc_row wpb_row vc_row-fluid vc_custom_1691314766386\" ><div class=\"wpb_column vc_column_container vc_col-sm-12\"><div class=\"vc_column-inner\"><div class=\"wpb_wrapper\"><div class=\"vc_separator wpb_content_element vc_separator_align_center vc_sep_width_100 vc_sep_pos_align_center vc_separator_no_text vc_sep_color_grey vc_custom_1696686290256  vc_custom_1696686290256\" ><span class=\"vc_sep_holder vc_sep_holder_l\"><span class=\"vc_sep_line\"><\/span><\/span><span class=\"vc_sep_holder vc_sep_holder_r\"><span class=\"vc_sep_line\"><\/span><\/span>\n<\/div><\/div><\/div><\/div><\/div><div class=\"vc_row wpb_row vc_row-fluid vc_custom_1691378514258\" ><div class=\"wpb_column vc_column_container vc_col-sm-12\"><div class=\"vc_column-inner\"><div class=\"wpb_wrapper\">\n\t<div class=\"wpb_text_column wpb_content_element\" >\n\t\t<div class=\"wpb_wrapper\">\n\t\t\t<h3 style=\"text-align: center;\">Participez \u00e0 ce voyage qui vous transformera !<\/h3>\n\n\t\t<\/div>\n\t<\/div>\n<\/div><\/div><\/div><\/div><div class=\"vc_row wpb_row vc_row-fluid\" ><div class=\"wpb_column vc_column_container vc_col-sm-6 vc_col-has-fill\"><div class=\"vc_column-inner vc_custom_1692107412299\"><div class=\"wpb_wrapper\">\n\t<div  class=\"wpb_single_image wpb_content_element vc_align_center  vc_custom_1707644134695\">\n\t\t\n\t\t<figure class=\"wpb_wrapper vc_figure\">\n\t\t\t<a class=\"\" data-lightbox=\"lightbox[rel-5578-2556339591]\" href=\"https:\/\/www.himalayanecotourism.com\/wp-content\/uploads\/2023\/06\/link-program.jpg\" target=\"_self\"><img decoding=\"async\" width=\"900\" height=\"600\" src=\"https:\/\/www.himalayanecotourism.com\/wp-content\/uploads\/2023\/06\/link-program.jpg\" class=\"vc_single_image-img attachment-full\" alt=\"Femmes plantant des arbres dans la vall\u00e9e de Tirthan\" title=\"Programme de lien\" srcset=\"https:\/\/www.himalayanecotourism.com\/wp-content\/uploads\/2023\/06\/link-program.jpg 900w, https:\/\/www.himalayanecotourism.com\/wp-content\/uploads\/2023\/06\/link-program-300x200.jpg 300w, https:\/\/www.himalayanecotourism.com\/wp-content\/uploads\/2023\/06\/link-program-768x512.jpg 768w, https:\/\/www.himalayanecotourism.com\/wp-content\/uploads\/2023\/06\/link-program-600x400.jpg 600w\" sizes=\"(max-width: 900px) 100vw, 900px\" \/><\/a>\n\t\t<\/figure>\n\t<\/div>\n\n\t<div class=\"wpb_text_column wpb_content_element  vc_custom_1707644254260\" >\n\t\t<div class=\"wpb_wrapper\">\n\t\t\t<p><span style=\"color: #79a09f; font-size: 1.2em; font-weight: 600;\">Les femmes pour la conservation<br \/>\n<\/span>Nous pensons que l'\u00e9mancipation des femmes et la restauration \u00e9cologique constituent la combinaison la plus prometteuse pour favoriser un d\u00e9veloppement durable dans l\u2019Himalaya.<\/p>\n\n\t\t<\/div>\n\t<\/div>\n<\/div><\/div><\/div><div class=\"wpb_column vc_column_container vc_col-sm-6\"><div class=\"vc_column-inner\"><div class=\"wpb_wrapper\">\n\t<div class=\"wpb_text_column wpb_content_element\" >\n\t\t<div class=\"wpb_wrapper\">\n\t\t\t<p>Chers amis et sympathisants,<\/p>\n<p>Nous vous invitons chaleureusement \u00e0 vous joindre \u00e0 notre mission.<\/p>\n<p>Himalayan Insight, une organisation d\u00e9di\u00e9e aux domaines de la conservation, de l'\u00e9mancipation des femmes et de l'\u00e9ducation, vous invite \u00e0 faire partie de ce voyage transformateur.<\/p>\n<p><strong>Conservation pour un avenir plus vert<\/strong><\/p>\n<p>L\u2019Himalaya est confront\u00e9 \u00e0 des d\u00e9fis sans pr\u00e9c\u00e9dent, du changement climatique \u00e0 la perte de biodiversit\u00e9. Votre soutien peut contribuer \u00e0 nos efforts de conservation, en pr\u00e9servant les habitats naturels, en prot\u00e9geant les esp\u00e8ces menac\u00e9es et en favorisant des pratiques durables pour une Terre plus saine.<\/p>\n<p><strong>Emancipation des femmes<\/strong><\/p>\n<p>Au c\u0153ur de notre mission se trouve l'\u00e9mancipation des femmes. En soutenant nos initiatives, vous contribuez directement \u00e0 donner aux femmes les moyens de briser les barri\u00e8res et de construire un avenir meilleur pour elles-m\u00eames et leurs communaut\u00e9s.<\/p>\n<p><strong>D\u00e9veloppement de l&#039;enfant<\/strong><\/p>\n<p>Amener la jeune g\u00e9n\u00e9ration sur la voie de la durabilit\u00e9 et de l\u2019\u00e9galit\u00e9.<\/p>\n\n\t\t<\/div>\n\t<\/div>\n<\/div><\/div><\/div><\/div><div class=\"vc_row wpb_row vc_row-fluid\" ><div class=\"wpb_column vc_column_container vc_col-sm-12\"><div class=\"vc_column-inner\"><div class=\"wpb_wrapper\"><div class=\"vc_separator wpb_content_element vc_separator_align_center vc_sep_width_100 vc_sep_pos_align_center vc_separator_no_text vc_sep_color_grey vc_custom_1696686290256  vc_custom_1696686290256\" ><span class=\"vc_sep_holder vc_sep_holder_l\"><span class=\"vc_sep_line\"><\/span><\/span><span class=\"vc_sep_holder vc_sep_holder_r\"><span class=\"vc_sep_line\"><\/span><\/span>\n<\/div><\/div><\/div><\/div><\/div><div class=\"vc_row wpb_row vc_row-fluid vc_custom_1691378514258\" ><div class=\"wpb_column vc_column_container vc_col-sm-12\"><div class=\"vc_column-inner\"><div class=\"wpb_wrapper\">\n\t<div class=\"wpb_text_column wpb_content_element\" >\n\t\t<div class=\"wpb_wrapper\">\n\t\t\t<h3 style=\"text-align: center;\">Comment faire un don ?<\/h3>\n\n\t\t<\/div>\n\t<\/div>\n<\/div><\/div><\/div><\/div><div class=\"vc_row wpb_row vc_row-fluid\" ><div class=\"wpb_column vc_column_container vc_col-sm-4\"><div class=\"vc_column-inner\"><div class=\"wpb_wrapper\"><\/div><\/div><\/div><div class=\"wpb_column vc_column_container vc_col-sm-4\"><div class=\"vc_column-inner\"><div class=\"wpb_wrapper\">\n\t<div class=\"wpb_text_column wpb_content_element\" >\n\t\t<div class=\"wpb_wrapper\">\n\t\t\t<p>Vous pouvez s&#039;il vous pla\u00eet faire votre don en virant l&#039;argent sur le compte bancaire suivant :<\/p>\n<table class=\"table table-hover table-striped table-left\">\n<thead>\n<tr>\n<th colspan=\"2\">D\u00e9tails du compte<\/th>\n<\/tr>\n<\/thead>\n<tbody>\n<tr>\n<td>Banque<\/td>\n<td>PNB, succursale de Banjar<\/td>\n<\/tr>\n<tr>\n<td>Code IFSC<\/td>\n<td>PUNB0059600<\/td>\n<\/tr>\n<tr>\n<td>Nom du compte<\/td>\n<td>Himalayan Insight<\/td>\n<\/tr>\n<tr>\n<td>N \u00b0 de compte.<\/td>\n<td>0596000101256944<\/td>\n<\/tr>\n<\/tbody>\n<\/table>\n\n\t\t<\/div>\n\t<\/div>\n<\/div><\/div><\/div><div class=\"wpb_column vc_column_container vc_col-sm-4\"><div class=\"vc_column-inner\"><div class=\"wpb_wrapper\"><\/div><\/div><\/div><\/div><div class=\"vc_row wpb_row vc_row-fluid vc_custom_1707645711793\" ><div class=\"wpb_column vc_column_container vc_col-sm-3\"><div class=\"vc_column-inner\"><div class=\"wpb_wrapper\"><\/div><\/div><\/div><div class=\"wpb_column vc_column_container vc_col-sm-6\"><div class=\"vc_column-inner\"><div class=\"wpb_wrapper\">\n\t<div class=\"wpb_text_column wpb_content_element\" >\n\t\t<div class=\"wpb_wrapper\">\n\t\t\t<p style=\"text-align: center;\"><strong>Nous vous remercions d'avoir envisag\u00e9 ce don. Fa\u00e7onnons un monde o\u00f9 chaque contribution, petite ou grande, r\u00e9sonne comme un changement positif durable !<\/strong><\/p>\n<p style=\"text-align: center;\">Lorsque vous l\u2019aurez fait, laissez-nous simplement un message en cliquant sur le bouton \u00ab Contactez-nous \u00bb ci-dessous, nous vous r\u00e9pondrons avec une attestation de contribution.<\/p>\n\n\t\t<\/div>\n\t<\/div>\n<\/div><\/div><\/div><div class=\"wpb_column vc_column_container vc_col-sm-3\"><div class=\"vc_column-inner\"><div class=\"wpb_wrapper\"><\/div><\/div><\/div><\/div><div class=\"vc_row wpb_row vc_row-fluid vc_custom_1692360626199\" ><div class=\"wpb_column vc_column_container vc_col-sm-12 vc_col-has-fill\"><div class=\"vc_column-inner vc_custom_1692360830133\"><div class=\"wpb_wrapper\"><div class=\"qodef-call-to-action-holder  qodef-normal-layout  qodef-three-quarters-columns\">\n\t<div class=\"qodef-cta-inner\">\n\t\t<div class=\"qodef-cta-text-holder\">\n\t\t\t<div class=\"qodef-cta-text\"><strong><span style=\"color: #ffffff;\">Une question que vous pourriez avoir ?<\/span><\/strong><\/div>\n\t\t<\/div>\n\t\t<div class=\"qodef-cta-button-holder\" >\n\t\t\t<div class=\"qodef-cta-button\"><a itemprop=\"url\" href=\"https:\/\/www.himalayanecotourism.com\/fr\/contactez-nous\/\" target=\"_self\" style=\"color: #666666;background-color: #ffffff\" class=\"qodef-btn qodef-btn-medium qodef-btn-solid qodef-btn-custom-hover-bg qodef-btn-custom-hover-color\" data-hover-color=\"#ffffff\" data-hover-bg-color=\"#79a09f\" >    <span class=\"qodef-btn-text\">Contactez-nous<\/span>    <\/a><\/div>\n\t\t<\/div>\n\t<\/div>\n<\/div><\/div><\/div><\/div><\/div>\n<\/section>","protected":false},"excerpt":{"rendered":"Faire un don \u00e0 Himalayan Insight Renseignez-vous Faites partie de ce voyage transformateur ! Femmes pour la conservation Nous pensons que l&#039;autonomisation des femmes et la restauration \u00e9cologique sont ensemble la combinaison la plus prometteuse pour favoriser un d\u00e9veloppement durable dans l&#039;Himalaya. Chers amis [...]","protected":false},"author":1,"featured_media":7336,"parent":0,"menu_order":0,"comment_status":"closed","ping_status":"closed","template":"","meta":{"_acf_changed":false,"_monsterinsights_skip_tracking":false,"_monsterinsights_sitenote_active":false,"_monsterinsights_sitenote_note":"","_monsterinsights_sitenote_category":0,"footnotes":""},"class_list":["post-5578","page","type-page","status-publish","has-post-thumbnail","hentry"],"acf":[],"yoast_head":"<!-- This site is optimized with the Yoast SEO plugin v27.4 - https:\/\/yoast.com\/product\/yoast-seo-wordpress\/ -->\n<title>Donate - Himalayan Ecotourism<\/title>\n<meta name=\"description\" content=\"Support sustainable tourism and conservation in the Himalayas! Donate to our initiatives, which focus on reforestation, community development, and environmental education, and help make a positive impact on the region.\" \/>\n<meta name=\"robots\" content=\"index, follow, max-snippet:-1, max-image-preview:large, max-video-preview:-1\" \/>\n<link rel=\"canonical\" href=\"https:\/\/www.himalayanecotourism.com\/fr\/faire-un-don\/\" \/>\n<meta property=\"og:locale\" content=\"fr_FR\" \/>\n<meta property=\"og:type\" content=\"article\" \/>\n<meta property=\"og:title\" content=\"Donate - Himalayan Ecotourism\" \/>\n<meta property=\"og:description\" content=\"Support sustainable tourism and conservation in the Himalayas! Donate to our initiatives, which focus on reforestation, community development, and environmental education, and help make a positive impact on the region.\" \/>\n<meta property=\"og:url\" content=\"https:\/\/www.himalayanecotourism.com\/fr\/faire-un-don\/\" \/>\n<meta property=\"og:site_name\" content=\"Himalayan Ecotourism\" \/>\n<meta property=\"article:publisher\" content=\"https:\/\/www.facebook.com\/himalayanecotourism\/\" \/>\n<meta property=\"article:modified_time\" content=\"2024-11-21T09:45:50+00:00\" \/>\n<meta property=\"og:image\" content=\"https:\/\/www.himalayanecotourism.com\/wp-content\/uploads\/2023\/06\/link-program.jpg\" \/>\n\t<meta property=\"og:image:width\" content=\"900\" \/>\n\t<meta property=\"og:image:height\" content=\"600\" \/>\n\t<meta property=\"og:image:type\" content=\"image\/jpeg\" \/>\n<meta name=\"twitter:card\" content=\"summary_large_image\" \/>\n<meta name=\"twitter:site\" content=\"@HimalayanEcoT\" \/>\n<meta name=\"twitter:label1\" content=\"Dur\u00e9e de lecture estim\u00e9e\" \/>\n\t<meta name=\"twitter:data1\" content=\"2 minutes\" \/>\n<!-- \/ Yoast SEO plugin. -->","yoast_head_json":{"title":"Donate - Himalayan Ecotourism","description":"Support sustainable tourism and conservation in the Himalayas! Donate to our initiatives, which focus on reforestation, community development, and environmental education, and help make a positive impact on the region.","robots":{"index":"index","follow":"follow","max-snippet":"max-snippet:-1","max-image-preview":"max-image-preview:large","max-video-preview":"max-video-preview:-1"},"canonical":"https:\/\/www.himalayanecotourism.com\/fr\/faire-un-don\/","og_locale":"fr_FR","og_type":"article","og_title":"Donate - Himalayan Ecotourism","og_description":"Support sustainable tourism and conservation in the Himalayas! Donate to our initiatives, which focus on reforestation, community development, and environmental education, and help make a positive impact on the region.","og_url":"https:\/\/www.himalayanecotourism.com\/fr\/faire-un-don\/","og_site_name":"Himalayan Ecotourism","article_publisher":"https:\/\/www.facebook.com\/himalayanecotourism\/","article_modified_time":"2024-11-21T09:45:50+00:00","og_image":[{"width":900,"height":600,"url":"https:\/\/www.himalayanecotourism.com\/wp-content\/uploads\/2023\/06\/link-program.jpg","type":"image\/jpeg"}],"twitter_card":"summary_large_image","twitter_site":"@HimalayanEcoT","twitter_misc":{"Dur\u00e9e de lecture estim\u00e9e":"2 minutes"},"schema":{"@context":"https:\/\/schema.org","@graph":[{"@type":"WebPage","@id":"https:\/\/www.himalayanecotourism.com\/donate\/","url":"https:\/\/www.himalayanecotourism.com\/donate\/","name":"Donate - Himalayan Ecotourism","isPartOf":{"@id":"https:\/\/www.himalayanecotourism.com\/#website"},"primaryImageOfPage":{"@id":"https:\/\/www.himalayanecotourism.com\/donate\/#primaryimage"},"image":{"@id":"https:\/\/www.himalayanecotourism.com\/donate\/#primaryimage"},"thumbnailUrl":"https:\/\/www.himalayanecotourism.com\/wp-content\/uploads\/2023\/06\/link-program.jpg","datePublished":"2023-06-22T13:07:03+00:00","dateModified":"2024-11-21T09:45:50+00:00","description":"Support sustainable tourism and conservation in the Himalayas! Donate to our initiatives, which focus on reforestation, community development, and environmental education, and help make a positive impact on the region.","breadcrumb":{"@id":"https:\/\/www.himalayanecotourism.com\/donate\/#breadcrumb"},"inLanguage":"fr-FR","potentialAction":[{"@type":"ReadAction","target":["https:\/\/www.himalayanecotourism.com\/donate\/"]}]},{"@type":"ImageObject","inLanguage":"fr-FR","@id":"https:\/\/www.himalayanecotourism.com\/donate\/#primaryimage","url":"https:\/\/www.himalayanecotourism.com\/wp-content\/uploads\/2023\/06\/link-program.jpg","contentUrl":"https:\/\/www.himalayanecotourism.com\/wp-content\/uploads\/2023\/06\/link-program.jpg","width":900,"height":600,"caption":"Women planting trees in the Tirthan valley"},{"@type":"BreadcrumbList","@id":"https:\/\/www.himalayanecotourism.com\/donate\/#breadcrumb","itemListElement":[{"@type":"ListItem","position":1,"name":"Home","item":"https:\/\/www.himalayanecotourism.com\/"},{"@type":"ListItem","position":2,"name":"Donate"}]},{"@type":"WebSite","@id":"https:\/\/www.himalayanecotourism.com\/#website","url":"https:\/\/www.himalayanecotourism.com\/","name":"Himalayan Ecotourism","description":"Creating Joy and Sustainability in the Himalayas","publisher":{"@id":"https:\/\/www.himalayanecotourism.com\/#organization"},"alternateName":"Heco","potentialAction":[{"@type":"SearchAction","target":{"@type":"EntryPoint","urlTemplate":"https:\/\/www.himalayanecotourism.com\/?s={search_term_string}"},"query-input":{"@type":"PropertyValueSpecification","valueRequired":true,"valueName":"search_term_string"}}],"inLanguage":"fr-FR"},{"@type":"Organization","@id":"https:\/\/www.himalayanecotourism.com\/#organization","name":"Himalayan Ecotourism","alternateName":"Heco","url":"https:\/\/www.himalayanecotourism.com\/","logo":{"@type":"ImageObject","inLanguage":"fr-FR","@id":"https:\/\/www.himalayanecotourism.com\/#\/schema\/logo\/image\/","url":"https:\/\/www.himalayanecotourism.com\/wp-content\/uploads\/2018\/09\/HET-logo-dark-2023-350.png","contentUrl":"https:\/\/www.himalayanecotourism.com\/wp-content\/uploads\/2018\/09\/HET-logo-dark-2023-350.png","width":450,"height":95,"caption":"Himalayan Ecotourism"},"image":{"@id":"https:\/\/www.himalayanecotourism.com\/#\/schema\/logo\/image\/"},"sameAs":["https:\/\/www.facebook.com\/himalayanecotourism\/","https:\/\/x.com\/HimalayanEcoT","https:\/\/www.youtube.com\/@HimalayanEcotourism\/videos","https:\/\/www.instagram.com\/himalayanecotourism\/","https:\/\/www.linkedin.com\/company\/9425455\/","https:\/\/in.pinterest.com\/himalayaecotour\/"]}]}},"_links":{"self":[{"href":"https:\/\/www.himalayanecotourism.com\/fr\/wp-json\/wp\/v2\/pages\/5578","targetHints":{"allow":["GET"]}}],"collection":[{"href":"https:\/\/www.himalayanecotourism.com\/fr\/wp-json\/wp\/v2\/pages"}],"about":[{"href":"https:\/\/www.himalayanecotourism.com\/fr\/wp-json\/wp\/v2\/types\/page"}],"author":[{"embeddable":true,"href":"https:\/\/www.himalayanecotourism.com\/fr\/wp-json\/wp\/v2\/users\/1"}],"replies":[{"embeddable":true,"href":"https:\/\/www.himalayanecotourism.com\/fr\/wp-json\/wp\/v2\/comments?post=5578"}],"version-history":[{"count":9,"href":"https:\/\/www.himalayanecotourism.com\/fr\/wp-json\/wp\/v2\/pages\/5578\/revisions"}],"predecessor-version":[{"id":9132,"href":"https:\/\/www.himalayanecotourism.com\/fr\/wp-json\/wp\/v2\/pages\/5578\/revisions\/9132"}],"wp:featuredmedia":[{"embeddable":true,"href":"https:\/\/www.himalayanecotourism.com\/fr\/wp-json\/wp\/v2\/media\/7336"}],"wp:attachment":[{"href":"https:\/\/www.himalayanecotourism.com\/fr\/wp-json\/wp\/v2\/media?parent=5578"}],"curies":[{"name":"wp","href":"https:\/\/api.w.org\/{rel}","templated":true}]}}