{"id":634,"date":"2018-09-11T07:10:18","date_gmt":"2018-09-11T07:10:18","guid":{"rendered":"http:\/\/setsail.select-themes.com\/?page_id=634"},"modified":"2026-03-21T10:37:27","modified_gmt":"2026-03-21T05:07:27","slug":"contact-us","status":"publish","type":"page","link":"https:\/\/www.himalayanecotourism.com\/fr\/contactez-nous\/","title":{"rendered":"Contactez-nous"},"content":{"rendered":"<section class=\"wpb-content-wrapper\"><div class=\"qodef-row-grid-section-wrapper\"  ><div class=\"qodef-row-grid-section\"><div class=\"vc_row wpb_row vc_row-fluid vc_custom_1706658223693\" ><div class=\"wpb_column vc_column_container vc_col-sm-12\"><div class=\"vc_column-inner\"><div class=\"wpb_wrapper\"><div class=\"qodef-section-title-holder\" style=\"text-align: center\">\n\t<div class=\"qodef-st-inner\">\n\t\t\t\t\t\t\t<h1 class=\"qodef-st-title\" style=\"color: #666666\">\n\t\t\t\tContactez-nous maintenant\t\t\t<\/h1>\n\t\t\t\t\t<\/div>\n<\/div><\/div><\/div><\/div><\/div><\/div><\/div><div class=\"qodef-row-grid-section-wrapper\"  ><div class=\"qodef-row-grid-section\"><div class=\"vc_row wpb_row vc_row-fluid vc_custom_1706622446296\" ><div class=\"wpb_column vc_column_container vc_col-sm-4\"><div class=\"vc_column-inner\"><div class=\"wpb_wrapper\"><div class=\"qodef-elements-holder   qodef-two-columns  qodef-responsive-mode-768\" ><div class=\"qodef-eh-item  qodef-vertical-alignment-top\"  data-item-class=\"qodef-eh-custom-4040\" data-1367-1600=\"7px 0px\" data-1025-1366=\"7px 0px\">\n\t<div class=\"qodef-eh-item-inner\">\n\t\t<div class=\"qodef-eh-item-content qodef-eh-custom-4040\" style=\"padding: 2px 0px\">\n\t\t\t\n\t<div class=\"wpb_text_column wpb_content_element\" >\n\t\t<div class=\"wpb_wrapper\">\n\t\t\t<p>N&#039;h\u00e9sitez pas \u00e0 nous contacter pour toute information ou question que vous pourriez avoir, nous serons ravis de vous aider !<\/p>\n<p>\u00c9crivez-nous \u00e0 <a href=\"mailto:info@himalayanecotourism.com\">info@himalayanecotourism.com<\/a><\/p>\n<p>Ou remplissez simplement le formulaire ci-dessous !<\/p>\n<p>Vous pouvez \u00e9galement nous contacter directement sur WhatsApp en cliquant sur le bouton WhatsApp situ\u00e9 \u00e0 droite de n&#039;importe quelle page.<\/p>\n<p>Kindly ensure that you call us between<br \/>\n<strong>10 AM to 6 PM<\/strong> only.<br \/>\nBeyond these hours, you can simply drop us a Whatsapp message, the team will revert during business hours.<\/p>\n\n\t\t<\/div>\n\t<\/div>\n\t\t<\/div>\n\t<\/div>\n<\/div><\/div><\/div><\/div><\/div><div class=\"wpb_column vc_column_container vc_col-sm-4\"><div class=\"vc_column-inner\"><div class=\"wpb_wrapper\"><div class=\"qodef-elements-holder   qodef-one-column  qodef-responsive-mode-768\" ><div class=\"qodef-eh-item  qodef-vertical-alignment-top qodef-horizontal-alignment-right\"  data-item-class=\"qodef-eh-custom-2113\" data-1367-1600=\"23px 0px 0px 80px\" data-1025-1366=\"21px 0px 0px 80px\" data-769-1024=\"80px 0px 0px 0px\" data-681-768=\"80px 0px 0px 0px\" data-680=\"80px 0px 0px 0px\">\n\t<div class=\"qodef-eh-item-inner\">\n\t\t<div class=\"qodef-eh-item-content qodef-eh-custom-2113\" style=\"padding: 16px 0px 0px 80px\">\n\t\t\t\n\t<div  class=\"wpb_single_image wpb_content_element vc_align_center\">\n\t\t\n\t\t<figure class=\"wpb_wrapper vc_figure\">\n\t\t\t<div class=\"vc_single_image-wrapper   vc_box_border_grey\"><img decoding=\"async\" width=\"800\" height=\"800\" src=\"https:\/\/www.himalayanecotourism.com\/wp-content\/uploads\/2023\/06\/stephan-square.jpg\" class=\"vc_single_image-img attachment-full\" alt=\"Stephan - r\u00e9alisateur Himalayan Ecotourism\" title=\"Place St\u00e9phane\" srcset=\"https:\/\/www.himalayanecotourism.com\/wp-content\/uploads\/2023\/06\/stephan-square.jpg 800w, https:\/\/www.himalayanecotourism.com\/wp-content\/uploads\/2023\/06\/stephan-square-300x300.jpg 300w, https:\/\/www.himalayanecotourism.com\/wp-content\/uploads\/2023\/06\/stephan-square-150x150.jpg 150w, https:\/\/www.himalayanecotourism.com\/wp-content\/uploads\/2023\/06\/stephan-square-768x768.jpg 768w, https:\/\/www.himalayanecotourism.com\/wp-content\/uploads\/2023\/06\/stephan-square-650x650.jpg 650w, https:\/\/www.himalayanecotourism.com\/wp-content\/uploads\/2023\/06\/stephan-square-600x600.jpg 600w, https:\/\/www.himalayanecotourism.com\/wp-content\/uploads\/2023\/06\/stephan-square-100x100.jpg 100w\" sizes=\"(max-width: 800px) 100vw, 800px\" \/><\/div>\n\t\t<\/figure>\n\t<\/div>\n\t\t<\/div>\n\t<\/div>\n<\/div><\/div><\/div><\/div><\/div><div class=\"wpb_column vc_column_container vc_col-sm-4\"><div class=\"vc_column-inner\"><div class=\"wpb_wrapper\">\n\t<div class=\"wpb_text_column wpb_content_element\" >\n\t\t<div class=\"wpb_wrapper\">\n\t\t\t<h3>Comment nous joindre ?<\/h3>\n\n\t\t<\/div>\n\t<\/div>\n<div class=\"vc_empty_space\"   style=\"height: 4px\"><span class=\"vc_empty_space_inner\"><\/span><\/div>\n\t<div class=\"wpb_text_column wpb_content_element\" >\n\t\t<div class=\"wpb_wrapper\">\n\t\t\t<p>Notre bureau dans l&#039;Himachal Pradesh, en Inde.<\/p>\n\n\t\t<\/div>\n\t<\/div>\n<div class=\"vc_empty_space\"   style=\"height: 25px\"><span class=\"vc_empty_space_inner\"><\/span><\/div><div class=\"qodef-iwt clearfix  qodef-iwt-icon-left qodef-iwt-icon-tiny\">\n\t<div class=\"qodef-iwt-icon\">\n\t\t\t\t\t<a itemprop=\"url\" href=\"mailto:info@himalayanecotourism.com\" target=\"_blank\">\n\t\t\t\t\t\t\t\t\t    <span class=\"qodef-icon-shortcode qodef-normal   qodef-icon-tiny\"  data-color=\"#3fd0d4\">\n                    <span aria-hidden=\"true\" class=\"qodef-icon-font-elegant icon_mail_alt qodef-icon-element\" style=\"color: #3fd0d4;font-size:14px\" ><\/span>            <\/span>\n\t\t\t\t\t\t\t\t<\/a>\n\t\t\t<\/div>\n\t<div class=\"qodef-iwt-content\" >\n\t\t\t\t\t<p class=\"qodef-iwt-title\" style=\"margin-top: 7px\">\n\t\t\t\t\t\t\t\t\t<a itemprop=\"url\" href=\"mailto:info@himalayanecotourism.com\" target=\"_blank\">\n\t\t\t\t\t\t\t\t<span class=\"qodef-iwt-title-text\">info@himalayanecotourism.com<\/span>\n\t\t\t\t\t\t\t\t\t<\/a>\n\t\t\t\t\t\t\t<\/p>\n\t\t\t\t\t<\/div>\n<\/div><div class=\"vc_empty_space\"   style=\"height: 5px\"><span class=\"vc_empty_space_inner\"><\/span><\/div><div class=\"qodef-iwt clearfix  qodef-iwt-icon-left qodef-iwt-icon-tiny\">\n\t<div class=\"qodef-iwt-icon\">\n\t\t\t\t\t<a itemprop=\"url\" href=\"tel: 919816091093\" target=\"_blank\">\n\t\t\t\t\t\t\t\t\t    <span class=\"qodef-icon-shortcode qodef-normal   qodef-icon-tiny\"  data-color=\"#3fd0d4\">\n                    <span aria-hidden=\"true\" class=\"qodef-icon-font-elegant icon_phone qodef-icon-element\" style=\"color: #3fd0d4;font-size:14px\" ><\/span>            <\/span>\n\t\t\t\t\t\t\t\t<\/a>\n\t\t\t<\/div>\n\t<div class=\"qodef-iwt-content\" >\n\t\t\t\t\t<p class=\"qodef-iwt-title\" style=\"margin-top: 7px\">\n\t\t\t\t\t\t\t\t\t<a itemprop=\"url\" href=\"tel: 919816091093\" target=\"_blank\">\n\t\t\t\t\t\t\t\t<span class=\"qodef-iwt-title-text\">+91 9816 091 093 (informations g\u00e9n\u00e9rales)<\/span>\n\t\t\t\t\t\t\t\t\t<\/a>\n\t\t\t\t\t\t\t<\/p>\n\t\t\t\t\t<\/div>\n<\/div><div class=\"vc_empty_space\"   style=\"height: 5px\"><span class=\"vc_empty_space_inner\"><\/span><\/div><div class=\"qodef-iwt clearfix  qodef-iwt-icon-left qodef-iwt-icon-tiny\">\n\t<div class=\"qodef-iwt-icon\">\n\t\t\t\t\t<a itemprop=\"url\" href=\"tel: 919816423344\" target=\"_blank\">\n\t\t\t\t\t\t\t\t\t    <span class=\"qodef-icon-shortcode qodef-normal   qodef-icon-tiny\"  data-color=\"#3fd0d4\">\n                    <span aria-hidden=\"true\" class=\"qodef-icon-font-elegant icon_phone qodef-icon-element\" style=\"color: #3fd0d4;font-size:14px\" ><\/span>            <\/span>\n\t\t\t\t\t\t\t\t<\/a>\n\t\t\t<\/div>\n\t<div class=\"qodef-iwt-content\" >\n\t\t\t\t\t<p class=\"qodef-iwt-title\" style=\"margin-top: 7px\">\n\t\t\t\t\t\t\t\t\t<a itemprop=\"url\" href=\"tel: 919816423344\" target=\"_blank\">\n\t\t\t\t\t\t\t\t<span class=\"qodef-iwt-title-text\">+91 9816 423 344 (demandes de renseignements)<\/span>\n\t\t\t\t\t\t\t\t\t<\/a>\n\t\t\t\t\t\t\t<\/p>\n\t\t\t\t\t<\/div>\n<\/div><div class=\"vc_empty_space\"   style=\"height: 5px\"><span class=\"vc_empty_space_inner\"><\/span><\/div><div class=\"qodef-iwt clearfix  qodef-iwt-icon-left qodef-iwt-icon-tiny\">\n\t<div class=\"qodef-iwt-icon\">\n\t\t\t\t\t<a itemprop=\"url\" href=\"https:\/\/maps.app.goo.gl\/wh9YoSnTtomKzSrBA\" target=\"_blank\">\n\t\t\t\t\t\t\t\t\t    <span class=\"qodef-icon-shortcode qodef-normal   qodef-icon-tiny\"  data-color=\"#3fd0d4\">\n                    <span aria-hidden=\"true\" class=\"qodef-icon-font-elegant icon_pin_alt qodef-icon-element\" style=\"color: #3fd0d4;font-size:14px\" ><\/span>            <\/span>\n\t\t\t\t\t\t\t\t<\/a>\n\t\t\t<\/div>\n\t<div class=\"qodef-iwt-content\" >\n\t\t\t\t\t<p class=\"qodef-iwt-title\" style=\"margin-top: 7px\">\n\t\t\t\t\t\t\t\t\t<a itemprop=\"url\" href=\"https:\/\/maps.app.goo.gl\/wh9YoSnTtomKzSrBA\" target=\"_blank\">\n\t\t\t\t\t\t\t\t<span class=\"qodef-iwt-title-text\">Naglari bridge, Gushaini, Kullu - 175123, Himachal Pradesh, India<\/span>\n\t\t\t\t\t\t\t\t\t<\/a>\n\t\t\t\t\t\t\t<\/p>\n\t\t\t\t\t<\/div>\n<\/div><div class=\"vc_empty_space\"   style=\"height: 17px\"><span class=\"vc_empty_space_inner\"><\/span><\/div><\/div><\/div><\/div><\/div><\/div><\/div><div class=\"vc_row wpb_row vc_row-fluid vc_custom_1709041379824 vc_row-has-fill\" ><div class=\"wpb_column vc_column_container vc_col-sm-2\"><div class=\"vc_column-inner\"><div class=\"wpb_wrapper\"><\/div><\/div><\/div><div class=\"wpb_column vc_column_container vc_col-sm-8\"><div class=\"vc_column-inner\"><div class=\"wpb_wrapper\">\n<div class=\"wpcf7 no-js\" id=\"wpcf7-f5304-o1\" lang=\"en-US\" dir=\"ltr\" data-wpcf7-id=\"5304\">\n<div class=\"screen-reader-response\"><p role=\"status\" aria-live=\"polite\" aria-atomic=\"true\"><\/p> <ul><\/ul><\/div>\n<form action=\"\/fr\/wp-json\/wp\/v2\/pages\/634#wpcf7-f5304-o1\" method=\"post\" class=\"wpcf7-form init cf7_custom_style_1\" aria-label=\"Formulaire de contact\" novalidate=\"novalidate\" data-status=\"init\" data-trp-original-action=\"\/fr\/wp-json\/wp\/v2\/pages\/634#wpcf7-f5304-o1\">\n<fieldset class=\"hidden-fields-container\"><input type=\"hidden\" name=\"_wpcf7\" value=\"5304\" \/><input type=\"hidden\" name=\"_wpcf7_version\" value=\"6.1.4\" \/><input type=\"hidden\" name=\"_wpcf7_locale\" value=\"en_US\" \/><input type=\"hidden\" name=\"_wpcf7_unit_tag\" value=\"wpcf7-f5304-o1\" \/><input type=\"hidden\" name=\"_wpcf7_container_post\" value=\"0\" \/><input type=\"hidden\" name=\"_wpcf7_posted_data_hash\" value=\"\" \/><input type=\"hidden\" name=\"_wpcf7_recaptcha_response\" value=\"\" \/>\n<\/fieldset>\n<div class=\"formrow\">\n\t<div class=\"formrow_left\">\n\t\t<p><label>Votre nom* <span class=\"wpcf7-form-control-wrap\" data-name=\"your-name\"><input size=\"40\" maxlength=\"400\" class=\"wpcf7-form-control wpcf7-text wpcf7-validates-as-required\" autocomplete=\"name\" aria-required=\"true\" aria-invalid=\"false\" value=\"\" type=\"text\" name=\"your-name\" \/><\/span><\/label>\n\t\t<\/p>\n\t<\/div>\n\t<div class=\"formrow_right\">\n\t\t<p><label>Votre email* <span class=\"wpcf7-form-control-wrap\" data-name=\"your-email\"><input size=\"40\" maxlength=\"400\" class=\"wpcf7-form-control wpcf7-email wpcf7-validates-as-required wpcf7-text wpcf7-validates-as-email\" autocomplete=\"email\" aria-required=\"true\" aria-invalid=\"false\" value=\"\" type=\"email\" name=\"your-email\" \/><\/span><\/label>\n\t\t<\/p>\n\t<\/div>\n<\/div>\n<div class=\"formrow\">\n\t<div class=\"formrow_left\">\n\t\t<p><label>Num\u00e9ro de t\u00e9l\u00e9phone* <span class=\"wpcf7-form-control-wrap\" data-name=\"phonenumber\"><input size=\"40\" maxlength=\"400\" class=\"wpcf7-form-control wpcf7-tel wpcf7-validates-as-required wpcf7-text wpcf7-validates-as-tel\" aria-required=\"true\" aria-invalid=\"false\" value=\"\" type=\"tel\" name=\"phonenumber\" \/><\/span><\/label>\n\t\t<\/p>\n\t<\/div>\n\t<div class=\"formrow_right\">\n\t\t<p><label>Sujet* <span class=\"wpcf7-form-control-wrap\" data-name=\"your-subject\"><input size=\"40\" maxlength=\"400\" class=\"wpcf7-form-control wpcf7-text wpcf7-validates-as-required\" aria-required=\"true\" aria-invalid=\"false\" value=\"\" type=\"text\" name=\"your-subject\" \/><\/span><\/label>\n\t\t<\/p>\n\t<\/div>\n<\/div>\n<div class=\"formrow\">\n\t<p><label>Votre message (facultatif) <span class=\"wpcf7-form-control-wrap\" data-name=\"your-message\"><textarea cols=\"40\" rows=\"10\" maxlength=\"2000\" class=\"wpcf7-form-control wpcf7-textarea\" aria-invalid=\"false\" name=\"your-message\"><\/textarea><\/span><\/label>\n\t<\/p>\n<\/div>\n<div class=\"formrow\">\n\t<p><label>r\u00e9capitulation\n\t\t<span class=\"wpcf7-form-control-wrap recaptcha\" data-name=\"recaptcha\"><span data-sitekey=\"6Lf9UX0pAAAAANxxf-u0_cVqb_FS9lrhRujgEFqP\" class=\"wpcf7-form-control wpcf7-recaptcha g-recaptcha\"><\/span>\r\n<noscript>\r\n\t<div class=\"grecaptcha-noscript\">\r\n\t\t<iframe src=\"https:\/\/www.google.com\/recaptcha\/api\/fallback?k=6Lf9UX0pAAAAANxxf-u0_cVqb_FS9lrhRujgEFqP\" frameborder=\"0\" scrolling=\"no\" width=\"310\" height=\"430\">\r\n\t\t<\/iframe>\r\n\t\t<textarea name=\"g-recaptcha-response\" rows=\"3\" cols=\"40\" placeholder=\"R\u00e9ponse reCaptcha ici\">\r\n\t\t<\/textarea>\r\n\t<\/div>\r\n<\/noscript>\r\n<\/span><\/label>\n\t<\/p>\n<\/div>\n<div class=\"formrow submitrow\">\n\t<p><input class=\"wpcf7-form-control wpcf7-submit has-spinner\" type=\"submit\" value=\"Soumettre\" \/>\n\t<\/p>\n<\/div><div class=\"wpcf7-response-output\" aria-hidden=\"true\"><\/div>\n<input type=\"hidden\" name=\"trp-form-language\" value=\"fr\"\/><\/form>\n<\/div>\n<\/div><\/div><\/div><div class=\"wpb_column vc_column_container vc_col-sm-2\"><div class=\"vc_column-inner\"><div class=\"wpb_wrapper\"><\/div><\/div><\/div><\/div>\n<\/section>","protected":false},"excerpt":{"rendered":"Contactez-nous maintenant N&#039;h\u00e9sitez pas \u00e0 nous contacter pour toute information ou question que vous pourriez avoir, nous serons ravis de vous aider ! \u00c9crivez-nous \u00e0 info@himalayanecotourism.com Ou remplissez simplement le formulaire ci-dessous ! [...]","protected":false},"author":1,"featured_media":8824,"parent":0,"menu_order":0,"comment_status":"closed","ping_status":"closed","template":"full-width.php","meta":{"_acf_changed":false,"_monsterinsights_skip_tracking":false,"_monsterinsights_sitenote_active":false,"_monsterinsights_sitenote_note":"","_monsterinsights_sitenote_category":0,"footnotes":""},"class_list":["post-634","page","type-page","status-publish","has-post-thumbnail","hentry"],"acf":[],"yoast_head":"<!-- This site is optimized with the Yoast SEO plugin v27.4 - https:\/\/yoast.com\/product\/yoast-seo-wordpress\/ -->\n<title>Contact Us - Himalayan Ecotourism<\/title>\n<meta name=\"description\" content=\"Contact Himalayan Ecotourism for the best and the most unique tour or trek in Himachal Pradesh, Ladakh and Rajasthan. Choose the best combination of nature and culture immersion\" \/>\n<meta name=\"robots\" content=\"index, follow, max-snippet:-1, max-image-preview:large, max-video-preview:-1\" \/>\n<link rel=\"canonical\" href=\"https:\/\/www.himalayanecotourism.com\/fr\/contactez-nous\/\" \/>\n<meta property=\"og:locale\" content=\"fr_FR\" \/>\n<meta property=\"og:type\" content=\"article\" \/>\n<meta property=\"og:title\" content=\"Contact Us - Himalayan Ecotourism\" \/>\n<meta property=\"og:description\" content=\"Contact Himalayan Ecotourism for the best and the most unique tour or trek in Himachal Pradesh, Ladakh and Rajasthan. Choose the best combination of nature and culture immersion\" \/>\n<meta property=\"og:url\" content=\"https:\/\/www.himalayanecotourism.com\/fr\/contactez-nous\/\" \/>\n<meta property=\"og:site_name\" content=\"Himalayan Ecotourism\" \/>\n<meta property=\"article:publisher\" content=\"https:\/\/www.facebook.com\/himalayanecotourism\/\" \/>\n<meta property=\"article:modified_time\" content=\"2026-03-21T05:07:27+00:00\" \/>\n<meta property=\"og:image\" content=\"https:\/\/www.himalayanecotourism.com\/wp-content\/uploads\/2023\/06\/stephan-about-us.jpg\" \/>\n\t<meta property=\"og:image:width\" content=\"800\" \/>\n\t<meta property=\"og:image:height\" content=\"1010\" \/>\n\t<meta property=\"og:image:type\" content=\"image\/jpeg\" \/>\n<meta name=\"twitter:card\" content=\"summary_large_image\" \/>\n<meta name=\"twitter:site\" content=\"@HimalayanEcoT\" \/>\n<meta name=\"twitter:label1\" content=\"Dur\u00e9e de lecture estim\u00e9e\" \/>\n\t<meta name=\"twitter:data1\" content=\"2 minutes\" \/>\n<!-- \/ Yoast SEO plugin. -->","yoast_head_json":{"title":"Contact Us - Himalayan Ecotourism","description":"Contact Himalayan Ecotourism for the best and the most unique tour or trek in Himachal Pradesh, Ladakh and Rajasthan. Choose the best combination of nature and culture immersion","robots":{"index":"index","follow":"follow","max-snippet":"max-snippet:-1","max-image-preview":"max-image-preview:large","max-video-preview":"max-video-preview:-1"},"canonical":"https:\/\/www.himalayanecotourism.com\/fr\/contactez-nous\/","og_locale":"fr_FR","og_type":"article","og_title":"Contact Us - Himalayan Ecotourism","og_description":"Contact Himalayan Ecotourism for the best and the most unique tour or trek in Himachal Pradesh, Ladakh and Rajasthan. Choose the best combination of nature and culture immersion","og_url":"https:\/\/www.himalayanecotourism.com\/fr\/contactez-nous\/","og_site_name":"Himalayan Ecotourism","article_publisher":"https:\/\/www.facebook.com\/himalayanecotourism\/","article_modified_time":"2026-03-21T05:07:27+00:00","og_image":[{"width":800,"height":1010,"url":"https:\/\/www.himalayanecotourism.com\/wp-content\/uploads\/2023\/06\/stephan-about-us.jpg","type":"image\/jpeg"}],"twitter_card":"summary_large_image","twitter_site":"@HimalayanEcoT","twitter_misc":{"Dur\u00e9e de lecture estim\u00e9e":"2 minutes"},"schema":{"@context":"https:\/\/schema.org","@graph":[{"@type":"WebPage","@id":"https:\/\/www.himalayanecotourism.com\/contact-us\/","url":"https:\/\/www.himalayanecotourism.com\/contact-us\/","name":"Contact Us - Himalayan Ecotourism","isPartOf":{"@id":"https:\/\/www.himalayanecotourism.com\/#website"},"primaryImageOfPage":{"@id":"https:\/\/www.himalayanecotourism.com\/contact-us\/#primaryimage"},"image":{"@id":"https:\/\/www.himalayanecotourism.com\/contact-us\/#primaryimage"},"thumbnailUrl":"https:\/\/www.himalayanecotourism.com\/wp-content\/uploads\/2023\/06\/stephan-about-us.jpg","datePublished":"2018-09-11T07:10:18+00:00","dateModified":"2026-03-21T05:07:27+00:00","description":"Contact Himalayan Ecotourism for the best and the most unique tour or trek in Himachal Pradesh, Ladakh and Rajasthan. Choose the best combination of nature and culture immersion","breadcrumb":{"@id":"https:\/\/www.himalayanecotourism.com\/contact-us\/#breadcrumb"},"inLanguage":"fr-FR","potentialAction":[{"@type":"ReadAction","target":["https:\/\/www.himalayanecotourism.com\/contact-us\/"]}]},{"@type":"ImageObject","inLanguage":"fr-FR","@id":"https:\/\/www.himalayanecotourism.com\/contact-us\/#primaryimage","url":"https:\/\/www.himalayanecotourism.com\/wp-content\/uploads\/2023\/06\/stephan-about-us.jpg","contentUrl":"https:\/\/www.himalayanecotourism.com\/wp-content\/uploads\/2023\/06\/stephan-about-us.jpg","width":800,"height":1010,"caption":"Stephan Marchal Director of Himalayan Ecotourism"},{"@type":"BreadcrumbList","@id":"https:\/\/www.himalayanecotourism.com\/contact-us\/#breadcrumb","itemListElement":[{"@type":"ListItem","position":1,"name":"Home","item":"https:\/\/www.himalayanecotourism.com\/"},{"@type":"ListItem","position":2,"name":"Contact Us"}]},{"@type":"WebSite","@id":"https:\/\/www.himalayanecotourism.com\/#website","url":"https:\/\/www.himalayanecotourism.com\/","name":"Himalayan Ecotourism","description":"Creating Joy and Sustainability in the Himalayas","publisher":{"@id":"https:\/\/www.himalayanecotourism.com\/#organization"},"alternateName":"Heco","potentialAction":[{"@type":"SearchAction","target":{"@type":"EntryPoint","urlTemplate":"https:\/\/www.himalayanecotourism.com\/?s={search_term_string}"},"query-input":{"@type":"PropertyValueSpecification","valueRequired":true,"valueName":"search_term_string"}}],"inLanguage":"fr-FR"},{"@type":"Organization","@id":"https:\/\/www.himalayanecotourism.com\/#organization","name":"Himalayan Ecotourism","alternateName":"Heco","url":"https:\/\/www.himalayanecotourism.com\/","logo":{"@type":"ImageObject","inLanguage":"fr-FR","@id":"https:\/\/www.himalayanecotourism.com\/#\/schema\/logo\/image\/","url":"https:\/\/www.himalayanecotourism.com\/wp-content\/uploads\/2018\/09\/HET-logo-dark-2023-350.png","contentUrl":"https:\/\/www.himalayanecotourism.com\/wp-content\/uploads\/2018\/09\/HET-logo-dark-2023-350.png","width":450,"height":95,"caption":"Himalayan Ecotourism"},"image":{"@id":"https:\/\/www.himalayanecotourism.com\/#\/schema\/logo\/image\/"},"sameAs":["https:\/\/www.facebook.com\/himalayanecotourism\/","https:\/\/x.com\/HimalayanEcoT","https:\/\/www.youtube.com\/@HimalayanEcotourism\/videos","https:\/\/www.instagram.com\/himalayanecotourism\/","https:\/\/www.linkedin.com\/company\/9425455\/","https:\/\/in.pinterest.com\/himalayaecotour\/"]}]}},"_links":{"self":[{"href":"https:\/\/www.himalayanecotourism.com\/fr\/wp-json\/wp\/v2\/pages\/634","targetHints":{"allow":["GET"]}}],"collection":[{"href":"https:\/\/www.himalayanecotourism.com\/fr\/wp-json\/wp\/v2\/pages"}],"about":[{"href":"https:\/\/www.himalayanecotourism.com\/fr\/wp-json\/wp\/v2\/types\/page"}],"author":[{"embeddable":true,"href":"https:\/\/www.himalayanecotourism.com\/fr\/wp-json\/wp\/v2\/users\/1"}],"replies":[{"embeddable":true,"href":"https:\/\/www.himalayanecotourism.com\/fr\/wp-json\/wp\/v2\/comments?post=634"}],"version-history":[{"count":50,"href":"https:\/\/www.himalayanecotourism.com\/fr\/wp-json\/wp\/v2\/pages\/634\/revisions"}],"predecessor-version":[{"id":12848,"href":"https:\/\/www.himalayanecotourism.com\/fr\/wp-json\/wp\/v2\/pages\/634\/revisions\/12848"}],"wp:featuredmedia":[{"embeddable":true,"href":"https:\/\/www.himalayanecotourism.com\/fr\/wp-json\/wp\/v2\/media\/8824"}],"wp:attachment":[{"href":"https:\/\/www.himalayanecotourism.com\/fr\/wp-json\/wp\/v2\/media?parent=634"}],"curies":[{"name":"wp","href":"https:\/\/api.w.org\/{rel}","templated":true}]}}