{"id":8344,"date":"2023-12-13T07:47:43","date_gmt":"2023-12-13T07:47:43","guid":{"rendered":"https:\/\/www.himalayanecotourism.com\/?page_id=8344"},"modified":"2024-11-20T16:27:52","modified_gmt":"2024-11-20T10:57:52","slug":"motorcycling-in-himalayas","status":"publish","type":"page","link":"https:\/\/www.himalayanecotourism.com\/fr\/faire-de-la-moto-dans-lhimalaya\/","title":{"rendered":"Faire de la moto dans l&#039;Himalaya"},"content":{"rendered":"<section class=\"wpb-content-wrapper\"><div class=\"vc_row wpb_row vc_row-fluid\" ><div class=\"wpb_column vc_column_container vc_col-sm-10\"><div class=\"vc_column-inner\"><div class=\"wpb_wrapper\">\n\t<div class=\"wpb_text_column wpb_content_element\" >\n\t\t<div class=\"wpb_wrapper\">\n\t\t\t<h2>Safari moto dans l&#039;Himalaya verdoyant<\/h2>\n\n\t\t<\/div>\n\t<\/div>\n<\/div><\/div><\/div><div class=\"wpb_column vc_column_container vc_col-sm-2\"><div class=\"vc_column-inner vc_custom_1691314685823\"><div class=\"wpb_wrapper\"><a itemprop=\"url\" href=\"https:\/\/www.himalayanecotourism.com\/fr\/contactez-nous\/\" target=\"_blank\" style=\"color: #ffffff;background-color: #7ec8c6\" class=\"qodef-btn qodef-btn-medium qodef-btn-solid qodef-btn-custom-hover-bg qodef-btn-custom-hover-color qodef-btn-icon\" data-hover-color=\"#ffffff\" data-hover-bg-color=\"#8ee0de\" >\n    <span class=\"qodef-btn-text\">Contact<\/span>\n    <span aria-hidden=\"true\" class=\"qodef-icon-font-elegant arrow_carrot-right\" ><\/span><\/a><\/div><\/div><\/div><\/div><div class=\"vc_row wpb_row vc_row-fluid\" ><div class=\"wpb_column vc_column_container vc_col-sm-12\"><div class=\"vc_column-inner\"><div class=\"wpb_wrapper\"><div class=\"vc_separator wpb_content_element vc_separator_align_center vc_sep_width_100 vc_sep_pos_align_center vc_separator_no_text vc_sep_color_grey vc_custom_1691306186355  vc_custom_1691306186355\" ><span class=\"vc_sep_holder vc_sep_holder_l\"><span class=\"vc_sep_line\"><\/span><\/span><span class=\"vc_sep_holder vc_sep_holder_r\"><span class=\"vc_sep_line\"><\/span><\/span>\n<\/div><\/div><\/div><\/div><\/div><div id=\"Photos\" class=\"vc_row wpb_row vc_row-fluid vc_custom_1699009128284\" ><div class=\"wpb_column vc_column_container vc_col-sm-12\"><div class=\"vc_column-inner\"><div class=\"wpb_wrapper\">\n\t<div class=\"wpb_text_column wpb_content_element\" >\n\t\t<div class=\"wpb_wrapper\">\n\t\t\t<h3>Sur la route mais dans un esprit \u00e9cotouristique<\/h3>\n\n\t\t<\/div>\n\t<\/div>\n<\/div><\/div><\/div><\/div><div id=\"Nimmoo\" class=\"vc_row wpb_row vc_row-fluid\" ><div class=\"wpb_column vc_column_container vc_col-sm-12\"><div class=\"vc_column-inner\"><div class=\"wpb_wrapper\">\n\t<div class=\"wpb_text_column wpb_content_element\" >\n\t\t<div class=\"wpb_wrapper\">\n\t\t\t<p>Quand on entend parler de l&#039;Himachal Pradesh, on pense \u00e0 Manali, Shimla et peut-\u00eatre \u00e0 Dharamshala.<br \/>\nQuand on parle de l&#039;Himachal Pradesh, on parle de l&#039;Himalaya vert !<\/p>\n<p>Peut-\u00eatre que les p\u00f4les touristiques comme Manali seront une \u00e9tape incontournable du programme que nous vous pr\u00e9parerons. Mais nous allons d\u00e9finitivement vous faire sortir des sentiers battus.<br \/>\nNous \u00e9vitons la foule et vous emmenons discr\u00e8tement dans un coin inconnu de l&#039;Himalaya vert.<\/p>\n<p>C&#039;est ici que vous d\u00e9couvrirez des routes \u00e9tonnantes et tr\u00e8s pittoresques, des villages magnifiques et traditionnels, un mode de vie pr\u00e9serv\u00e9 forg\u00e9 par l&#039;Himalaya.<\/p>\n<p>Vous avez le choix entre une jeep ou un v\u00e9lo pour votre voyage.<br \/>\nEn fonction du nombre de jours que vous pouvez vous permettre et du type d&#039;exp\u00e9rience que vous souhaitez vivre, nous personnaliserons votre visite. Il vous suffit de nous indiquer si vous souhaitez que votre circuit soit du c\u00f4t\u00e9 aventure ou plut\u00f4t du c\u00f4t\u00e9 d\u00e9tente.<br \/>\nNous ferons le reste.<\/p>\n<p>Pour votre s\u00e9jour, vous aurez le choix entre des camps, des chambres d&#039;h\u00f4tes, des maisons d&#039;h\u00f4tes confortables ou des resorts de luxe.<\/p>\n\n\t\t<\/div>\n\t<\/div>\n<\/div><\/div><\/div><\/div>\n<\/section>","protected":false},"excerpt":{"rendered":"Motorcycling safari in the green Himalayas Enquire On the road but in an ecotourism fashion When one hears about Himachal Pradesh one will think Manali, Shimla and perhaps Dharamshala. When we talk about Himachal Pradesh we talk about the Green [...]","protected":false},"author":2,"featured_media":8358,"parent":0,"menu_order":0,"comment_status":"closed","ping_status":"closed","template":"","meta":{"_acf_changed":false,"_monsterinsights_skip_tracking":false,"_monsterinsights_sitenote_active":false,"_monsterinsights_sitenote_note":"","_monsterinsights_sitenote_category":0,"footnotes":""},"class_list":["post-8344","page","type-page","status-publish","has-post-thumbnail","hentry"],"acf":[],"yoast_head":"<!-- This site is optimized with the Yoast SEO plugin v27.4 - https:\/\/yoast.com\/product\/yoast-seo-wordpress\/ -->\n<title>Motorcycling in the Himalayas - Himalayan Ecotourism<\/title>\n<meta name=\"description\" content=\"Experience the thrill of an adventurous road tour, with a bike or with a jeep. Explore off beat roads and dive deep into the culture and traditions of local Himachali communities\" \/>\n<meta name=\"robots\" content=\"index, follow, max-snippet:-1, max-image-preview:large, max-video-preview:-1\" \/>\n<link rel=\"canonical\" href=\"https:\/\/www.himalayanecotourism.com\/fr\/faire-de-la-moto-dans-lhimalaya\/\" \/>\n<meta property=\"og:locale\" content=\"fr_FR\" \/>\n<meta property=\"og:type\" content=\"article\" \/>\n<meta property=\"og:title\" content=\"Motorcycling in the Himalayas - Himalayan Ecotourism\" \/>\n<meta property=\"og:description\" content=\"Experience the thrill of an adventurous road tour, with a bike or with a jeep. Explore off beat roads and dive deep into the culture and traditions of local Himachali communities\" \/>\n<meta property=\"og:url\" content=\"https:\/\/www.himalayanecotourism.com\/fr\/faire-de-la-moto-dans-lhimalaya\/\" \/>\n<meta property=\"og:site_name\" content=\"Himalayan Ecotourism\" \/>\n<meta property=\"article:publisher\" content=\"https:\/\/www.facebook.com\/himalayanecotourism\/\" \/>\n<meta property=\"article:modified_time\" content=\"2024-11-20T10:57:52+00:00\" \/>\n<meta property=\"og:image\" content=\"https:\/\/www.himalayanecotourism.com\/wp-content\/uploads\/2023\/06\/green-himalayas-safari-link.jpg\" \/>\n\t<meta property=\"og:image:width\" content=\"600\" \/>\n\t<meta property=\"og:image:height\" content=\"400\" \/>\n\t<meta property=\"og:image:type\" content=\"image\/jpeg\" \/>\n<meta name=\"twitter:card\" content=\"summary_large_image\" \/>\n<meta name=\"twitter:site\" content=\"@HimalayanEcoT\" \/>\n<meta name=\"twitter:label1\" content=\"Dur\u00e9e de lecture estim\u00e9e\" \/>\n\t<meta name=\"twitter:data1\" content=\"2 minutes\" \/>\n<!-- \/ Yoast SEO plugin. -->","yoast_head_json":{"title":"Motorcycling in the Himalayas - Himalayan Ecotourism","description":"Experience the thrill of an adventurous road tour, with a bike or with a jeep. Explore off beat roads and dive deep into the culture and traditions of local Himachali communities","robots":{"index":"index","follow":"follow","max-snippet":"max-snippet:-1","max-image-preview":"max-image-preview:large","max-video-preview":"max-video-preview:-1"},"canonical":"https:\/\/www.himalayanecotourism.com\/fr\/faire-de-la-moto-dans-lhimalaya\/","og_locale":"fr_FR","og_type":"article","og_title":"Motorcycling in the Himalayas - Himalayan Ecotourism","og_description":"Experience the thrill of an adventurous road tour, with a bike or with a jeep. Explore off beat roads and dive deep into the culture and traditions of local Himachali communities","og_url":"https:\/\/www.himalayanecotourism.com\/fr\/faire-de-la-moto-dans-lhimalaya\/","og_site_name":"Himalayan Ecotourism","article_publisher":"https:\/\/www.facebook.com\/himalayanecotourism\/","article_modified_time":"2024-11-20T10:57:52+00:00","og_image":[{"width":600,"height":400,"url":"https:\/\/www.himalayanecotourism.com\/wp-content\/uploads\/2023\/06\/green-himalayas-safari-link.jpg","type":"image\/jpeg"}],"twitter_card":"summary_large_image","twitter_site":"@HimalayanEcoT","twitter_misc":{"Dur\u00e9e de lecture estim\u00e9e":"2 minutes"},"schema":{"@context":"https:\/\/schema.org","@graph":[{"@type":"WebPage","@id":"https:\/\/www.himalayanecotourism.com\/motorcycling-in-himalayas\/","url":"https:\/\/www.himalayanecotourism.com\/motorcycling-in-himalayas\/","name":"Motorcycling in the Himalayas - Himalayan Ecotourism","isPartOf":{"@id":"https:\/\/www.himalayanecotourism.com\/#website"},"primaryImageOfPage":{"@id":"https:\/\/www.himalayanecotourism.com\/motorcycling-in-himalayas\/#primaryimage"},"image":{"@id":"https:\/\/www.himalayanecotourism.com\/motorcycling-in-himalayas\/#primaryimage"},"thumbnailUrl":"https:\/\/www.himalayanecotourism.com\/wp-content\/uploads\/2023\/06\/green-himalayas-safari-link.jpg","datePublished":"2023-12-13T07:47:43+00:00","dateModified":"2024-11-20T10:57:52+00:00","description":"Experience the thrill of an adventurous road tour, with a bike or with a jeep. Explore off beat roads and dive deep into the culture and traditions of local Himachali communities","breadcrumb":{"@id":"https:\/\/www.himalayanecotourism.com\/motorcycling-in-himalayas\/#breadcrumb"},"inLanguage":"fr-FR","potentialAction":[{"@type":"ReadAction","target":["https:\/\/www.himalayanecotourism.com\/motorcycling-in-himalayas\/"]}]},{"@type":"ImageObject","inLanguage":"fr-FR","@id":"https:\/\/www.himalayanecotourism.com\/motorcycling-in-himalayas\/#primaryimage","url":"https:\/\/www.himalayanecotourism.com\/wp-content\/uploads\/2023\/06\/green-himalayas-safari-link.jpg","contentUrl":"https:\/\/www.himalayanecotourism.com\/wp-content\/uploads\/2023\/06\/green-himalayas-safari-link.jpg","width":600,"height":400,"caption":"MOTORCYCLING IN HIMACHAL PRADESH"},{"@type":"BreadcrumbList","@id":"https:\/\/www.himalayanecotourism.com\/motorcycling-in-himalayas\/#breadcrumb","itemListElement":[{"@type":"ListItem","position":1,"name":"Home","item":"https:\/\/www.himalayanecotourism.com\/"},{"@type":"ListItem","position":2,"name":"Motorcycling in the Himalayas"}]},{"@type":"WebSite","@id":"https:\/\/www.himalayanecotourism.com\/#website","url":"https:\/\/www.himalayanecotourism.com\/","name":"Himalayan Ecotourism","description":"Creating Joy and Sustainability in the Himalayas","publisher":{"@id":"https:\/\/www.himalayanecotourism.com\/#organization"},"alternateName":"Heco","potentialAction":[{"@type":"SearchAction","target":{"@type":"EntryPoint","urlTemplate":"https:\/\/www.himalayanecotourism.com\/?s={search_term_string}"},"query-input":{"@type":"PropertyValueSpecification","valueRequired":true,"valueName":"search_term_string"}}],"inLanguage":"fr-FR"},{"@type":"Organization","@id":"https:\/\/www.himalayanecotourism.com\/#organization","name":"Himalayan Ecotourism","alternateName":"Heco","url":"https:\/\/www.himalayanecotourism.com\/","logo":{"@type":"ImageObject","inLanguage":"fr-FR","@id":"https:\/\/www.himalayanecotourism.com\/#\/schema\/logo\/image\/","url":"https:\/\/www.himalayanecotourism.com\/wp-content\/uploads\/2018\/09\/HET-logo-dark-2023-350.png","contentUrl":"https:\/\/www.himalayanecotourism.com\/wp-content\/uploads\/2018\/09\/HET-logo-dark-2023-350.png","width":450,"height":95,"caption":"Himalayan Ecotourism"},"image":{"@id":"https:\/\/www.himalayanecotourism.com\/#\/schema\/logo\/image\/"},"sameAs":["https:\/\/www.facebook.com\/himalayanecotourism\/","https:\/\/x.com\/HimalayanEcoT","https:\/\/www.youtube.com\/@HimalayanEcotourism\/videos","https:\/\/www.instagram.com\/himalayanecotourism\/","https:\/\/www.linkedin.com\/company\/9425455\/","https:\/\/in.pinterest.com\/himalayaecotour\/"]}]}},"_links":{"self":[{"href":"https:\/\/www.himalayanecotourism.com\/fr\/wp-json\/wp\/v2\/pages\/8344","targetHints":{"allow":["GET"]}}],"collection":[{"href":"https:\/\/www.himalayanecotourism.com\/fr\/wp-json\/wp\/v2\/pages"}],"about":[{"href":"https:\/\/www.himalayanecotourism.com\/fr\/wp-json\/wp\/v2\/types\/page"}],"author":[{"embeddable":true,"href":"https:\/\/www.himalayanecotourism.com\/fr\/wp-json\/wp\/v2\/users\/2"}],"replies":[{"embeddable":true,"href":"https:\/\/www.himalayanecotourism.com\/fr\/wp-json\/wp\/v2\/comments?post=8344"}],"version-history":[{"count":10,"href":"https:\/\/www.himalayanecotourism.com\/fr\/wp-json\/wp\/v2\/pages\/8344\/revisions"}],"predecessor-version":[{"id":11048,"href":"https:\/\/www.himalayanecotourism.com\/fr\/wp-json\/wp\/v2\/pages\/8344\/revisions\/11048"}],"wp:featuredmedia":[{"embeddable":true,"href":"https:\/\/www.himalayanecotourism.com\/fr\/wp-json\/wp\/v2\/media\/8358"}],"wp:attachment":[{"href":"https:\/\/www.himalayanecotourism.com\/fr\/wp-json\/wp\/v2\/media?parent=8344"}],"curies":[{"name":"wp","href":"https:\/\/api.w.org\/{rel}","templated":true}]}}