{"id":8351,"date":"2023-12-13T08:02:45","date_gmt":"2023-12-13T08:02:45","guid":{"rendered":"https:\/\/www.himalayanecotourism.com\/?page_id=8351"},"modified":"2024-11-20T16:31:33","modified_gmt":"2024-11-20T11:01:33","slug":"cycling-in-the-himalayas","status":"publish","type":"page","link":"https:\/\/www.himalayanecotourism.com\/fr\/faire-du-velo-dans-lhimalaya\/","title":{"rendered":"Faire du v\u00e9lo dans l&#039;Himalaya"},"content":{"rendered":"<section class=\"wpb-content-wrapper\"><div class=\"vc_row wpb_row vc_row-fluid\" ><div class=\"wpb_column vc_column_container vc_col-sm-10\"><div class=\"vc_column-inner\"><div class=\"wpb_wrapper\">\n\t<div class=\"wpb_text_column wpb_content_element\" >\n\t\t<div class=\"wpb_wrapper\">\n\t\t\t<h2>Randonn\u00e9es \u00e0 v\u00e9lo dans l&#039;Himalaya<\/h2>\n\n\t\t<\/div>\n\t<\/div>\n<\/div><\/div><\/div><div class=\"wpb_column vc_column_container vc_col-sm-2\"><div class=\"vc_column-inner vc_custom_1691314685823\"><div class=\"wpb_wrapper\"><a itemprop=\"url\" href=\"https:\/\/www.himalayanecotourism.com\/fr\/contactez-nous\/\" target=\"_blank\" style=\"color: #ffffff;background-color: #7ec8c6\" class=\"qodef-btn qodef-btn-medium qodef-btn-solid qodef-btn-custom-hover-bg qodef-btn-custom-hover-color qodef-btn-icon\" data-hover-color=\"#ffffff\" data-hover-bg-color=\"#8ee0de\" >\n    <span class=\"qodef-btn-text\">Contact<\/span>\n    <span aria-hidden=\"true\" class=\"qodef-icon-font-elegant arrow_carrot-right\" ><\/span><\/a><\/div><\/div><\/div><\/div><div class=\"vc_row wpb_row vc_row-fluid\" ><div class=\"wpb_column vc_column_container vc_col-sm-12\"><div class=\"vc_column-inner\"><div class=\"wpb_wrapper\"><div class=\"vc_separator wpb_content_element vc_separator_align_center vc_sep_width_100 vc_sep_pos_align_center vc_separator_no_text vc_sep_color_grey vc_custom_1691306186355  vc_custom_1691306186355\" ><span class=\"vc_sep_holder vc_sep_holder_l\"><span class=\"vc_sep_line\"><\/span><\/span><span class=\"vc_sep_holder vc_sep_holder_r\"><span class=\"vc_sep_line\"><\/span><\/span>\n<\/div><\/div><\/div><\/div><\/div><div id=\"Nimmoo\" class=\"vc_row wpb_row vc_row-fluid\" ><div class=\"wpb_column vc_column_container vc_col-sm-12\"><div class=\"vc_column-inner\"><div class=\"wpb_wrapper\">\n\t<div class=\"wpb_text_column wpb_content_element\" >\n\t\t<div class=\"wpb_wrapper\">\n\t\t\t<p><span style=\"font-weight: 400;\">UN <\/span><strong>vacances \u00e0 v\u00e9lo dans l&#039;Himalaya<\/strong><span style=\"font-weight: 400;\"> est la quintessence du voyage lent et l&#039;une des meilleures fa\u00e7ons de savourer la beaut\u00e9 du paysage et de la campagne himalayenne. Pour les cyclistes d&#039;aventure, les r\u00e9gions les plus \u00e9lev\u00e9es peuvent offrir une exp\u00e9rience extr\u00eamement satisfaisante et stimulante en raison des pentes abruptes et des virages serr\u00e9s pour lesquels les itin\u00e9raires de montagne de haute altitude sont connus. Cela demande de la forme physique et de l\u2019exp\u00e9rience.\u00a0<\/span><\/p>\n<p><span style=\"font-weight: 400;\">Mais tu peux toujours profiter <\/span><strong>circuits \u00e0 v\u00e9lo dans l&#039;Himalaya<\/strong><span style=\"font-weight: 400;\"> \u00e0 des altitudes plus basses. Nous proposons des randonn\u00e9es \u00e0 v\u00e9lo principalement \u00e0 Mandi et Kullu. Le <\/span><strong>pistes cyclables dans l&#039;Himalaya<\/strong><span style=\"font-weight: 400;\"> que nous avons sur notre itin\u00e9raire \u00e9vitent les pentes raides et sont pour la plupart les sentiers les plus plats de la r\u00e9gion de la vall\u00e9e. Ici, le VTT est toujours exaltant car vous sillonnerez villages et hameaux, for\u00eats et prairies, des sentiers souvent difficiles d&#039;acc\u00e8s lorsque vous voyagez en moto ou en jeep.\u00a0<\/span><\/p>\n<p><span style=\"font-weight: 400;\">Vous vous reposerez chez l&#039;habitant local pendant les randonn\u00e9es \u00e0 v\u00e9lo. Nous pouvons \u00e9galement y int\u00e9grer une exp\u00e9rience de camping. Nous mettons \u00e0 disposition les v\u00e9los adapt\u00e9s \u00e0 la pratique du VTT et le guide qui vous accompagne est form\u00e9 pour effectuer les r\u00e9parations et assurer la s\u00e9curit\u00e9.\u00a0<\/span><\/p>\n<p><span style=\"font-weight: 400;\">Pour une exp\u00e9rience lente, rustique et exaltante, rejoignez nos randonn\u00e9es \u00e0 v\u00e9lo.<\/span><\/p>\n\n\t\t<\/div>\n\t<\/div>\n<\/div><\/div><\/div><\/div>\n<\/section>","protected":false},"excerpt":{"rendered":"Cycling Tours in the Himalayas Enquire A cycling holiday in the Himalayas is quintessential slow travel and one of the best ways to savour the beauty of the Himalayan landscape and countryside. For adventure cyclists, the higher regions can offer [...]","protected":false},"author":2,"featured_media":6168,"parent":0,"menu_order":0,"comment_status":"closed","ping_status":"closed","template":"","meta":{"_acf_changed":false,"_monsterinsights_skip_tracking":false,"_monsterinsights_sitenote_active":false,"_monsterinsights_sitenote_note":"","_monsterinsights_sitenote_category":0,"footnotes":""},"class_list":["post-8351","page","type-page","status-publish","has-post-thumbnail","hentry"],"acf":[],"yoast_head":"<!-- This site is optimized with the Yoast SEO plugin v27.4 - https:\/\/yoast.com\/product\/yoast-seo-wordpress\/ -->\n<title>Cycling in the Himalayas - Himalayan Ecotourism<\/title>\n<meta name=\"description\" content=\"Do you enjoy slow and experiential travel ? Do you want an adventure and cultural immersion in the same tour ? Adventure cycling tour through remote villages of Himachal Pradesh might be an answer.\" \/>\n<meta name=\"robots\" content=\"index, follow, max-snippet:-1, max-image-preview:large, max-video-preview:-1\" \/>\n<link rel=\"canonical\" href=\"https:\/\/www.himalayanecotourism.com\/fr\/faire-du-velo-dans-lhimalaya\/\" \/>\n<meta property=\"og:locale\" content=\"fr_FR\" \/>\n<meta property=\"og:type\" content=\"article\" \/>\n<meta property=\"og:title\" content=\"Cycling in the Himalayas - Himalayan Ecotourism\" \/>\n<meta property=\"og:description\" content=\"Do you enjoy slow and experiential travel ? Do you want an adventure and cultural immersion in the same tour ? Adventure cycling tour through remote villages of Himachal Pradesh might be an answer.\" \/>\n<meta property=\"og:url\" content=\"https:\/\/www.himalayanecotourism.com\/fr\/faire-du-velo-dans-lhimalaya\/\" \/>\n<meta property=\"og:site_name\" content=\"Himalayan Ecotourism\" \/>\n<meta property=\"article:publisher\" content=\"https:\/\/www.facebook.com\/himalayanecotourism\/\" \/>\n<meta property=\"article:modified_time\" content=\"2024-11-20T11:01:33+00:00\" \/>\n<meta property=\"og:image\" content=\"https:\/\/www.himalayanecotourism.com\/wp-content\/uploads\/2023\/06\/e-bike-link.jpg\" \/>\n\t<meta property=\"og:image:width\" content=\"800\" \/>\n\t<meta property=\"og:image:height\" content=\"533\" \/>\n\t<meta property=\"og:image:type\" content=\"image\/jpeg\" \/>\n<meta name=\"twitter:card\" content=\"summary_large_image\" \/>\n<meta name=\"twitter:site\" content=\"@HimalayanEcoT\" \/>\n<meta name=\"twitter:label1\" content=\"Dur\u00e9e de lecture estim\u00e9e\" \/>\n\t<meta name=\"twitter:data1\" content=\"2 minutes\" \/>\n<!-- \/ Yoast SEO plugin. -->","yoast_head_json":{"title":"Cycling in the Himalayas - Himalayan Ecotourism","description":"Do you enjoy slow and experiential travel ? Do you want an adventure and cultural immersion in the same tour ? Adventure cycling tour through remote villages of Himachal Pradesh might be an answer.","robots":{"index":"index","follow":"follow","max-snippet":"max-snippet:-1","max-image-preview":"max-image-preview:large","max-video-preview":"max-video-preview:-1"},"canonical":"https:\/\/www.himalayanecotourism.com\/fr\/faire-du-velo-dans-lhimalaya\/","og_locale":"fr_FR","og_type":"article","og_title":"Cycling in the Himalayas - Himalayan Ecotourism","og_description":"Do you enjoy slow and experiential travel ? Do you want an adventure and cultural immersion in the same tour ? Adventure cycling tour through remote villages of Himachal Pradesh might be an answer.","og_url":"https:\/\/www.himalayanecotourism.com\/fr\/faire-du-velo-dans-lhimalaya\/","og_site_name":"Himalayan Ecotourism","article_publisher":"https:\/\/www.facebook.com\/himalayanecotourism\/","article_modified_time":"2024-11-20T11:01:33+00:00","og_image":[{"width":800,"height":533,"url":"https:\/\/www.himalayanecotourism.com\/wp-content\/uploads\/2023\/06\/e-bike-link.jpg","type":"image\/jpeg"}],"twitter_card":"summary_large_image","twitter_site":"@HimalayanEcoT","twitter_misc":{"Dur\u00e9e de lecture estim\u00e9e":"2 minutes"},"schema":{"@context":"https:\/\/schema.org","@graph":[{"@type":"WebPage","@id":"https:\/\/www.himalayanecotourism.com\/cycling-in-the-himalayas\/","url":"https:\/\/www.himalayanecotourism.com\/cycling-in-the-himalayas\/","name":"Cycling in the Himalayas - Himalayan Ecotourism","isPartOf":{"@id":"https:\/\/www.himalayanecotourism.com\/#website"},"primaryImageOfPage":{"@id":"https:\/\/www.himalayanecotourism.com\/cycling-in-the-himalayas\/#primaryimage"},"image":{"@id":"https:\/\/www.himalayanecotourism.com\/cycling-in-the-himalayas\/#primaryimage"},"thumbnailUrl":"https:\/\/www.himalayanecotourism.com\/wp-content\/uploads\/2023\/06\/e-bike-link.jpg","datePublished":"2023-12-13T08:02:45+00:00","dateModified":"2024-11-20T11:01:33+00:00","description":"Do you enjoy slow and experiential travel ? Do you want an adventure and cultural immersion in the same tour ? Adventure cycling tour through remote villages of Himachal Pradesh might be an answer.","breadcrumb":{"@id":"https:\/\/www.himalayanecotourism.com\/cycling-in-the-himalayas\/#breadcrumb"},"inLanguage":"fr-FR","potentialAction":[{"@type":"ReadAction","target":["https:\/\/www.himalayanecotourism.com\/cycling-in-the-himalayas\/"]}]},{"@type":"ImageObject","inLanguage":"fr-FR","@id":"https:\/\/www.himalayanecotourism.com\/cycling-in-the-himalayas\/#primaryimage","url":"https:\/\/www.himalayanecotourism.com\/wp-content\/uploads\/2023\/06\/e-bike-link.jpg","contentUrl":"https:\/\/www.himalayanecotourism.com\/wp-content\/uploads\/2023\/06\/e-bike-link.jpg","width":800,"height":533,"caption":"E-cycling in Ladakh"},{"@type":"BreadcrumbList","@id":"https:\/\/www.himalayanecotourism.com\/cycling-in-the-himalayas\/#breadcrumb","itemListElement":[{"@type":"ListItem","position":1,"name":"Home","item":"https:\/\/www.himalayanecotourism.com\/"},{"@type":"ListItem","position":2,"name":"Cycling in the Himalayas"}]},{"@type":"WebSite","@id":"https:\/\/www.himalayanecotourism.com\/#website","url":"https:\/\/www.himalayanecotourism.com\/","name":"Himalayan Ecotourism","description":"Creating Joy and Sustainability in the Himalayas","publisher":{"@id":"https:\/\/www.himalayanecotourism.com\/#organization"},"alternateName":"Heco","potentialAction":[{"@type":"SearchAction","target":{"@type":"EntryPoint","urlTemplate":"https:\/\/www.himalayanecotourism.com\/?s={search_term_string}"},"query-input":{"@type":"PropertyValueSpecification","valueRequired":true,"valueName":"search_term_string"}}],"inLanguage":"fr-FR"},{"@type":"Organization","@id":"https:\/\/www.himalayanecotourism.com\/#organization","name":"Himalayan Ecotourism","alternateName":"Heco","url":"https:\/\/www.himalayanecotourism.com\/","logo":{"@type":"ImageObject","inLanguage":"fr-FR","@id":"https:\/\/www.himalayanecotourism.com\/#\/schema\/logo\/image\/","url":"https:\/\/www.himalayanecotourism.com\/wp-content\/uploads\/2018\/09\/HET-logo-dark-2023-350.png","contentUrl":"https:\/\/www.himalayanecotourism.com\/wp-content\/uploads\/2018\/09\/HET-logo-dark-2023-350.png","width":450,"height":95,"caption":"Himalayan Ecotourism"},"image":{"@id":"https:\/\/www.himalayanecotourism.com\/#\/schema\/logo\/image\/"},"sameAs":["https:\/\/www.facebook.com\/himalayanecotourism\/","https:\/\/x.com\/HimalayanEcoT","https:\/\/www.youtube.com\/@HimalayanEcotourism\/videos","https:\/\/www.instagram.com\/himalayanecotourism\/","https:\/\/www.linkedin.com\/company\/9425455\/","https:\/\/in.pinterest.com\/himalayaecotour\/"]}]}},"_links":{"self":[{"href":"https:\/\/www.himalayanecotourism.com\/fr\/wp-json\/wp\/v2\/pages\/8351","targetHints":{"allow":["GET"]}}],"collection":[{"href":"https:\/\/www.himalayanecotourism.com\/fr\/wp-json\/wp\/v2\/pages"}],"about":[{"href":"https:\/\/www.himalayanecotourism.com\/fr\/wp-json\/wp\/v2\/types\/page"}],"author":[{"embeddable":true,"href":"https:\/\/www.himalayanecotourism.com\/fr\/wp-json\/wp\/v2\/users\/2"}],"replies":[{"embeddable":true,"href":"https:\/\/www.himalayanecotourism.com\/fr\/wp-json\/wp\/v2\/comments?post=8351"}],"version-history":[{"count":6,"href":"https:\/\/www.himalayanecotourism.com\/fr\/wp-json\/wp\/v2\/pages\/8351\/revisions"}],"predecessor-version":[{"id":11049,"href":"https:\/\/www.himalayanecotourism.com\/fr\/wp-json\/wp\/v2\/pages\/8351\/revisions\/11049"}],"wp:featuredmedia":[{"embeddable":true,"href":"https:\/\/www.himalayanecotourism.com\/fr\/wp-json\/wp\/v2\/media\/6168"}],"wp:attachment":[{"href":"https:\/\/www.himalayanecotourism.com\/fr\/wp-json\/wp\/v2\/media?parent=8351"}],"curies":[{"name":"wp","href":"https:\/\/api.w.org\/{rel}","templated":true}]}}