{"id":8356,"date":"2023-12-13T09:44:50","date_gmt":"2023-12-13T09:44:50","guid":{"rendered":"https:\/\/www.himalayanecotourism.com\/?page_id=8356"},"modified":"2024-11-20T16:46:40","modified_gmt":"2024-11-20T11:16:40","slug":"students-tour-in-himachal","status":"publish","type":"page","link":"https:\/\/www.himalayanecotourism.com\/fr\/visite-des-etudiants-dans-lhimachal\/","title":{"rendered":"Forfaits touristiques pour \u00e9tudiants dans l&#039;Himachal"},"content":{"rendered":"<section class=\"wpb-content-wrapper\"><div class=\"vc_row wpb_row vc_row-fluid\" ><div class=\"wpb_column vc_column_container vc_col-sm-10\"><div class=\"vc_column-inner\"><div class=\"wpb_wrapper\">\n\t<div class=\"wpb_text_column wpb_content_element\" >\n\t\t<div class=\"wpb_wrapper\">\n\t\t\t<h2>Forfaits touristiques pour \u00e9tudiants dans l&#039;Himachal<\/h2>\n\n\t\t<\/div>\n\t<\/div>\n<\/div><\/div><\/div><div class=\"wpb_column vc_column_container vc_col-sm-2\"><div class=\"vc_column-inner vc_custom_1691314685823\"><div class=\"wpb_wrapper\"><a itemprop=\"url\" href=\"https:\/\/www.himalayanecotourism.com\/fr\/contactez-nous\/\" target=\"_blank\" style=\"color: #ffffff;background-color: #7ec8c6\" class=\"qodef-btn qodef-btn-medium qodef-btn-solid qodef-btn-custom-hover-bg qodef-btn-custom-hover-color qodef-btn-icon\" data-hover-color=\"#ffffff\" data-hover-bg-color=\"#8ee0de\" >\n    <span class=\"qodef-btn-text\">Contact<\/span>\n    <span aria-hidden=\"true\" class=\"qodef-icon-font-elegant arrow_carrot-right\" ><\/span><\/a><\/div><\/div><\/div><\/div><div class=\"vc_row wpb_row vc_row-fluid\" ><div class=\"wpb_column vc_column_container vc_col-sm-12\"><div class=\"vc_column-inner\"><div class=\"wpb_wrapper\"><div class=\"vc_separator wpb_content_element vc_separator_align_center vc_sep_width_100 vc_sep_pos_align_center vc_separator_no_text vc_sep_color_grey vc_custom_1691306186355  vc_custom_1691306186355\" ><span class=\"vc_sep_holder vc_sep_holder_l\"><span class=\"vc_sep_line\"><\/span><\/span><span class=\"vc_sep_holder vc_sep_holder_r\"><span class=\"vc_sep_line\"><\/span><\/span>\n<\/div><\/div><\/div><\/div><\/div><div id=\"Photos\" class=\"vc_row wpb_row vc_row-fluid vc_custom_1699009128284\" ><div class=\"wpb_column vc_column_container vc_col-sm-12\"><div class=\"vc_column-inner\"><div class=\"wpb_wrapper\">\n\t<div class=\"wpb_text_column wpb_content_element\" >\n\t\t<div class=\"wpb_wrapper\">\n\t\t\t<h3>Venez profiter de l&#039;Himalaya avec votre groupe scolaire, coll\u00e9gial ou universitaire<\/h3>\n\n\t\t<\/div>\n\t<\/div>\n<\/div><\/div><\/div><\/div><div id=\"Nimmoo\" class=\"vc_row wpb_row vc_row-fluid\" ><div class=\"wpb_column vc_column_container vc_col-sm-12\"><div class=\"vc_column-inner\"><div class=\"wpb_wrapper\">\n\t<div class=\"wpb_text_column wpb_content_element\" >\n\t\t<div class=\"wpb_wrapper\">\n\t\t\t<p><span style=\"font-weight: 400;\">L&#039;Himachal Pradesh est une destination merveilleuse pour les groupes \u00e9tudiants. Connue pour les cha\u00eenes de montagnes himalayennes et ses merveilles naturelles, Himachal offre aux jeunes \u00e9tudiants des \u00e9coles, coll\u00e8ges et universit\u00e9s la possibilit\u00e9 de se connecter avec la nature et de ressentir les bienfaits mentaux et physiques des activit\u00e9s de plein air. L&#039;Himalaya est connu pour sa flore et sa faune abondantes et les \u00e9tudiants pourront explorer et d\u00e9couvrir la nature sauvage.\u00a0<\/span><\/p>\n<p><span style=\"font-weight: 400;\">Nous avons <\/span><strong>Forfaits de visites de groupe Himachal pour \u00e9tudiants<\/strong><span style=\"font-weight: 400;\"> pour les aider \u00e0 d\u00e9couvrir la nature \u00e0 son meilleur. Notre <\/span><strong>Forfaits touristiques dans l&#039;Himachal Pradesh<\/strong><span style=\"font-weight: 400;\"> vous fera d\u00e9couvrir des lieux remarquables de l&#039;\u00c9tat. Vous pourrez \u00e9galement participer \u00e0 des activit\u00e9s de plein air et d\u2019aventure et en apprendre davantage sur la nature.\u00a0<\/span><\/p>\n<p><span style=\"font-weight: 400;\">Les activit\u00e9s de plein air que nous pouvons organiser pour les \u00e9tudiants comprennent\u00a0:<\/span><\/p>\n<ul>\n<li style=\"font-weight: 400;\" aria-level=\"1\"><span style=\"font-weight: 400;\">Randonn\u00e9es<\/span><\/li>\n<li style=\"font-weight: 400;\" aria-level=\"1\"><span style=\"font-weight: 400;\">randonn\u00e9e d'un jour<\/span><\/li>\n<li style=\"font-weight: 400;\" aria-level=\"1\"><span style=\"font-weight: 400;\">Descente en rappel<\/span><\/li>\n<li style=\"font-weight: 400;\" aria-level=\"1\"><span style=\"font-weight: 400;\">Bloc<\/span><\/li>\n<li style=\"font-weight: 400;\" aria-level=\"1\"><span style=\"font-weight: 400;\">travers\u00e9e de la rivi\u00e8re<\/span><\/li>\n<li style=\"font-weight: 400;\" aria-level=\"1\"><span style=\"font-weight: 400;\">P\u00eache<\/span><\/li>\n<li style=\"font-weight: 400;\" aria-level=\"1\"><span style=\"font-weight: 400;\">V\u00e9lo<\/span><\/li>\n<li style=\"font-weight: 400;\" aria-level=\"1\"><span style=\"font-weight: 400;\">Exploration de la nature<\/span><\/li>\n<li style=\"font-weight: 400;\" aria-level=\"1\"><span style=\"font-weight: 400;\">Observation des oiseaux<\/span><\/li>\n<li style=\"font-weight: 400;\" aria-level=\"1\"><span style=\"font-weight: 400;\">Camping de nuit<\/span><\/li>\n<\/ul>\n<p><span style=\"font-weight: 400;\">Ces activit\u00e9s sont b\u00e9n\u00e9fiques pour les \u00e9tudiants car elles leur apprennent \u00e0 travailler en \u00e9quipe et \u00e0 d\u00e9velopper leur agilit\u00e9 et leur endurance. Passer du temps dans la nature leur apprend \u00e0 conna\u00eetre les \u00e9cosyst\u00e8mes naturels et \u00e0 appr\u00e9cier la nature.\u00a0<\/span><\/p>\n<p><span style=\"font-weight: 400;\">Notre personnel comprend des guides exp\u00e9riment\u00e9s, des instructeurs d&#039;activit\u00e9s d&#039;aventure form\u00e9s, des naturalistes et des cuisiniers. Lorsque vous choisissez notre <\/span><strong>visites de groupes d&#039;\u00e9tudiants<\/strong><span style=\"font-weight: 400;\">, vous b\u00e9n\u00e9ficierez d&#039;un personnel bien form\u00e9 qui vous accompagne. Nous proposons \u00e9galement du camping et d&#039;autres \u00e9quipements de haute qualit\u00e9 si vous choisissez d&#039;entreprendre du trekking et <\/span><strong>activit\u00e9s de plein air pour les enfants<\/strong><span style=\"font-weight: 400;\">.\u00a0<\/span><\/p>\n<p><span style=\"font-weight: 400;\">Contactez-nous pour en savoir plus sur notre <\/span><strong>Forfaits touristiques pour \u00e9tudiants dans l&#039;Himachal<\/strong><span style=\"font-weight: 400;\">. <\/span><\/p>\n\n\t\t<\/div>\n\t<\/div>\n<\/div><\/div><\/div><\/div>\n<\/section>","protected":false},"excerpt":{"rendered":"Voyages \u00e9tudiants dans l&#039;Himachal. Venez d\u00e9couvrir l&#039;Himalaya avec votre groupe scolaire, universitaire ou universitaire. L&#039;Himachal Pradesh est une destination id\u00e9ale pour les groupes d&#039;\u00e9tudiants. Connu pour ses cha\u00eenes de montagnes himalayennes et ses merveilles naturelles, l&#039;Himachal offre aux jeunes \u00e9tudiants [...]","protected":false},"author":2,"featured_media":7688,"parent":0,"menu_order":0,"comment_status":"closed","ping_status":"closed","template":"","meta":{"_acf_changed":false,"_monsterinsights_skip_tracking":false,"_monsterinsights_sitenote_active":false,"_monsterinsights_sitenote_note":"","_monsterinsights_sitenote_category":0,"footnotes":""},"class_list":["post-8356","page","type-page","status-publish","has-post-thumbnail","hentry"],"acf":[],"yoast_head":"<!-- This site is optimized with the Yoast SEO plugin v27.5 - https:\/\/yoast.com\/product\/yoast-seo-wordpress\/ -->\n<title>Himachal Student Tour Packages - Himalayan Ecotourism<\/title>\n<meta name=\"description\" content=\"With our Students Tour in Himachal Pradesh, give your students the opportunity to immerse in the flora and fauna of a UNESCO World Heritage Site and learn more about the Himalayas, outdoor camping and essential survival skills for the wild.\" \/>\n<meta name=\"robots\" content=\"index, follow, max-snippet:-1, max-image-preview:large, max-video-preview:-1\" \/>\n<link rel=\"canonical\" href=\"https:\/\/www.himalayanecotourism.com\/fr\/visite-des-etudiants-dans-lhimachal\/\" \/>\n<meta property=\"og:locale\" content=\"fr_FR\" \/>\n<meta property=\"og:type\" content=\"article\" \/>\n<meta property=\"og:title\" content=\"Himachal Student Tour Packages - Himalayan Ecotourism\" \/>\n<meta property=\"og:description\" content=\"With our Students Tour in Himachal Pradesh, give your students the opportunity to immerse in the flora and fauna of a UNESCO World Heritage Site and learn more about the Himalayas, outdoor camping and essential survival skills for the wild.\" \/>\n<meta property=\"og:url\" content=\"https:\/\/www.himalayanecotourism.com\/fr\/visite-des-etudiants-dans-lhimachal\/\" \/>\n<meta property=\"og:site_name\" content=\"Himalayan Ecotourism\" \/>\n<meta property=\"article:publisher\" content=\"https:\/\/www.facebook.com\/himalayanecotourism\/\" \/>\n<meta property=\"article:modified_time\" content=\"2024-11-20T11:16:40+00:00\" \/>\n<meta property=\"og:image\" content=\"https:\/\/www.himalayanecotourism.com\/wp-content\/uploads\/2023\/06\/friendship-peak-2.jpg\" \/>\n\t<meta property=\"og:image:width\" content=\"1270\" \/>\n\t<meta property=\"og:image:height\" content=\"847\" \/>\n\t<meta property=\"og:image:type\" content=\"image\/jpeg\" \/>\n<meta name=\"twitter:card\" content=\"summary_large_image\" \/>\n<meta name=\"twitter:site\" content=\"@HimalayanEcoT\" \/>\n<meta name=\"twitter:label1\" content=\"Dur\u00e9e de lecture estim\u00e9e\" \/>\n\t<meta name=\"twitter:data1\" content=\"2 minutes\" \/>\n<!-- \/ Yoast SEO plugin. -->","yoast_head_json":{"title":"Himachal Student Tour Packages - Himalayan Ecotourism","description":"With our Students Tour in Himachal Pradesh, give your students the opportunity to immerse in the flora and fauna of a UNESCO World Heritage Site and learn more about the Himalayas, outdoor camping and essential survival skills for the wild.","robots":{"index":"index","follow":"follow","max-snippet":"max-snippet:-1","max-image-preview":"max-image-preview:large","max-video-preview":"max-video-preview:-1"},"canonical":"https:\/\/www.himalayanecotourism.com\/fr\/visite-des-etudiants-dans-lhimachal\/","og_locale":"fr_FR","og_type":"article","og_title":"Himachal Student Tour Packages - Himalayan Ecotourism","og_description":"With our Students Tour in Himachal Pradesh, give your students the opportunity to immerse in the flora and fauna of a UNESCO World Heritage Site and learn more about the Himalayas, outdoor camping and essential survival skills for the wild.","og_url":"https:\/\/www.himalayanecotourism.com\/fr\/visite-des-etudiants-dans-lhimachal\/","og_site_name":"Himalayan Ecotourism","article_publisher":"https:\/\/www.facebook.com\/himalayanecotourism\/","article_modified_time":"2024-11-20T11:16:40+00:00","og_image":[{"width":1270,"height":847,"url":"https:\/\/www.himalayanecotourism.com\/wp-content\/uploads\/2023\/06\/friendship-peak-2.jpg","type":"image\/jpeg"}],"twitter_card":"summary_large_image","twitter_site":"@HimalayanEcoT","twitter_misc":{"Dur\u00e9e de lecture estim\u00e9e":"2 minutes"},"schema":{"@context":"https:\/\/schema.org","@graph":[{"@type":"WebPage","@id":"https:\/\/www.himalayanecotourism.com\/students-tour-in-himachal\/","url":"https:\/\/www.himalayanecotourism.com\/students-tour-in-himachal\/","name":"Himachal Student Tour Packages - Himalayan Ecotourism","isPartOf":{"@id":"https:\/\/www.himalayanecotourism.com\/#website"},"primaryImageOfPage":{"@id":"https:\/\/www.himalayanecotourism.com\/students-tour-in-himachal\/#primaryimage"},"image":{"@id":"https:\/\/www.himalayanecotourism.com\/students-tour-in-himachal\/#primaryimage"},"thumbnailUrl":"https:\/\/www.himalayanecotourism.com\/wp-content\/uploads\/2023\/06\/friendship-peak-2.jpg","datePublished":"2023-12-13T09:44:50+00:00","dateModified":"2024-11-20T11:16:40+00:00","description":"With our Students Tour in Himachal Pradesh, give your students the opportunity to immerse in the flora and fauna of a UNESCO World Heritage Site and learn more about the Himalayas, outdoor camping and essential survival skills for the wild.","breadcrumb":{"@id":"https:\/\/www.himalayanecotourism.com\/students-tour-in-himachal\/#breadcrumb"},"inLanguage":"fr-FR","potentialAction":[{"@type":"ReadAction","target":["https:\/\/www.himalayanecotourism.com\/students-tour-in-himachal\/"]}]},{"@type":"ImageObject","inLanguage":"fr-FR","@id":"https:\/\/www.himalayanecotourism.com\/students-tour-in-himachal\/#primaryimage","url":"https:\/\/www.himalayanecotourism.com\/wp-content\/uploads\/2023\/06\/friendship-peak-2.jpg","contentUrl":"https:\/\/www.himalayanecotourism.com\/wp-content\/uploads\/2023\/06\/friendship-peak-2.jpg","width":1270,"height":847,"caption":"Friendship Peak trek"},{"@type":"BreadcrumbList","@id":"https:\/\/www.himalayanecotourism.com\/students-tour-in-himachal\/#breadcrumb","itemListElement":[{"@type":"ListItem","position":1,"name":"Home","item":"https:\/\/www.himalayanecotourism.com\/"},{"@type":"ListItem","position":2,"name":"Himachal Student Tour Packages"}]},{"@type":"WebSite","@id":"https:\/\/www.himalayanecotourism.com\/#website","url":"https:\/\/www.himalayanecotourism.com\/","name":"Himalayan Ecotourism","description":"Creating Joy and Sustainability in the Himalayas","publisher":{"@id":"https:\/\/www.himalayanecotourism.com\/#organization"},"alternateName":"Heco","potentialAction":[{"@type":"SearchAction","target":{"@type":"EntryPoint","urlTemplate":"https:\/\/www.himalayanecotourism.com\/?s={search_term_string}"},"query-input":{"@type":"PropertyValueSpecification","valueRequired":true,"valueName":"search_term_string"}}],"inLanguage":"fr-FR"},{"@type":"Organization","@id":"https:\/\/www.himalayanecotourism.com\/#organization","name":"Himalayan Ecotourism","alternateName":"Heco","url":"https:\/\/www.himalayanecotourism.com\/","logo":{"@type":"ImageObject","inLanguage":"fr-FR","@id":"https:\/\/www.himalayanecotourism.com\/#\/schema\/logo\/image\/","url":"https:\/\/www.himalayanecotourism.com\/wp-content\/uploads\/2018\/09\/HET-logo-dark-2023-350.png","contentUrl":"https:\/\/www.himalayanecotourism.com\/wp-content\/uploads\/2018\/09\/HET-logo-dark-2023-350.png","width":450,"height":95,"caption":"Himalayan Ecotourism"},"image":{"@id":"https:\/\/www.himalayanecotourism.com\/#\/schema\/logo\/image\/"},"sameAs":["https:\/\/www.facebook.com\/himalayanecotourism\/","https:\/\/x.com\/HimalayanEcoT","https:\/\/www.youtube.com\/@HimalayanEcotourism\/videos","https:\/\/www.instagram.com\/himalayanecotourism\/","https:\/\/www.linkedin.com\/company\/9425455\/","https:\/\/in.pinterest.com\/himalayaecotour\/"]}]}},"_links":{"self":[{"href":"https:\/\/www.himalayanecotourism.com\/fr\/wp-json\/wp\/v2\/pages\/8356","targetHints":{"allow":["GET"]}}],"collection":[{"href":"https:\/\/www.himalayanecotourism.com\/fr\/wp-json\/wp\/v2\/pages"}],"about":[{"href":"https:\/\/www.himalayanecotourism.com\/fr\/wp-json\/wp\/v2\/types\/page"}],"author":[{"embeddable":true,"href":"https:\/\/www.himalayanecotourism.com\/fr\/wp-json\/wp\/v2\/users\/2"}],"replies":[{"embeddable":true,"href":"https:\/\/www.himalayanecotourism.com\/fr\/wp-json\/wp\/v2\/comments?post=8356"}],"version-history":[{"count":4,"href":"https:\/\/www.himalayanecotourism.com\/fr\/wp-json\/wp\/v2\/pages\/8356\/revisions"}],"predecessor-version":[{"id":8857,"href":"https:\/\/www.himalayanecotourism.com\/fr\/wp-json\/wp\/v2\/pages\/8356\/revisions\/8857"}],"wp:featuredmedia":[{"embeddable":true,"href":"https:\/\/www.himalayanecotourism.com\/fr\/wp-json\/wp\/v2\/media\/7688"}],"wp:attachment":[{"href":"https:\/\/www.himalayanecotourism.com\/fr\/wp-json\/wp\/v2\/media?parent=8356"}],"curies":[{"name":"wp","href":"https:\/\/api.w.org\/{rel}","templated":true}]}}