{"id":9206,"date":"2024-02-19T07:57:30","date_gmt":"2024-02-19T07:57:30","guid":{"rendered":"https:\/\/www.himalayanecotourism.com\/?page_id=9206"},"modified":"2026-02-25T15:25:03","modified_gmt":"2026-02-25T09:55:03","slug":"home-2","status":"publish","type":"page","link":"https:\/\/www.himalayanecotourism.com\/fr\/","title":{"rendered":"Maison"},"content":{"rendered":"<section class=\"wpb-content-wrapper\"><div class=\"vc_row wpb_row vc_row-fluid revslider_wrap vc_row-o-content-middle vc_row-flex qodef-content-aligment-center\" ><div class=\"wpb_column vc_column_container vc_col-sm-12\"><div class=\"vc_column-inner\"><div class=\"wpb_wrapper\">\n\t\t\t<!-- START City Home REVOLUTION SLIDER 6.7.40 --><p class=\"rs-p-wp-fix\"><\/p>\n\t\t\t<rs-module-wrap id=\"rev_slider_3_1_wrapper\" data-source=\"gallery\" style=\"visibility:hidden;background:#3fd0d3;padding:0;margin:0px auto;margin-top:0;margin-bottom:0;max-width:none;\">\n\t\t\t\t<rs-module id=\"rev_slider_3_1\" style=\"\" data-version=\"6.7.40\">\n\t\t\t\t\t<rs-slides style=\"overflow: hidden; position: absolute;\">\n\t\t\t\t\t\t<rs-slide style=\"position: absolute;\" data-key=\"rs-5\" data-title=\"Slide\" data-thumb=\"\/\/www.himalayanecotourism.com\/wp-content\/uploads\/2023\/06\/himalayan-ecotourism-home-100x50.jpg\" data-in=\"o:0;\" data-out=\"a:false;\">\n\t\t\t\t\t\t\t<img decoding=\"async\" src=\"\/\/www.himalayanecotourism.com\/wp-content\/uploads\/2023\/06\/himalayan-ecotourism-home.jpg\" alt=\"trekking dans le GHNP\" title=\"maison-d-\u00e9cotourisme-himalaya\" width=\"1920\" height=\"1080\" class=\"rev-slidebg tp-rs-img\" data-bg=\"p:right top;\" data-parallax=\"off\" data-panzoom=\"d:10000;ss:100;se:110;\" data-no-retina>\n<!--\n\t\t\t\t\t\t\t--><rs-layer\n\t\t\t\t\t\t\t\tid=\"slider-3-slide-5-layer-3\" \n\t\t\t\t\t\t\t\tdata-type=\"text\"\n\t\t\t\t\t\t\t\tdata-rsp_ch=\"on\"\n\t\t\t\t\t\t\t\tdata-xy=\"xo:60px,60px,60px,15px;y:m;yo:-160px,-165px,-138px,-140px;\"\n\t\t\t\t\t\t\t\tdata-text=\"s:48,43,43,26;l:65,58,53,36;a:inherit,inherit,inherit,left;\"\n\t\t\t\t\t\t\t\tdata-frame_0=\"y:50px;\"\n\t\t\t\t\t\t\t\tdata-frame_1=\"sp:1200;sR:10;\"\n\t\t\t\t\t\t\t\tdata-frame_999=\"o:0;st:w;sR:2790;\"\n\t\t\t\t\t\t\t\tstyle=\"z-index:6;font-family:'abuget';\"\n\t\t\t\t\t\t\t>Randonn\u00e9es et voyages\n \n\t\t\t\t\t\t\t<\/rs-layer><!--\n\n\t\t\t\t\t\t\t--><h1\n\t\t\t\t\t\t\t\tid=\"slider-3-slide-5-layer-4\" \n\t\t\t\t\t\t\t\tclass=\"rs-layer\"\n\t\t\t\t\t\t\t\tdata-type=\"text\"\n\t\t\t\t\t\t\t\tdata-rsp_ch=\"on\"\n\t\t\t\t\t\t\t\tdata-xy=\"xo:60px,60px,60px,15px;y:m;yo:-60px,-91px,-68px,-88px;\"\n\t\t\t\t\t\t\t\tdata-text=\"w:normal,nowrap,normal,normal;s:100,85,45,27;l:106,91,55,37;ls:-5px,-4px,0px,0px;fw:600;a:inherit,inherit,inherit,left;\"\n\t\t\t\t\t\t\t\tdata-frame_0=\"y:50px;\"\n\t\t\t\t\t\t\t\tdata-frame_1=\"st:110;sp:1200;sR:110;\"\n\t\t\t\t\t\t\t\tdata-frame_999=\"o:0;st:w;sR:2690;\"\n\t\t\t\t\t\t\t\tstyle=\"z-index:7;font-family:'Poppins';\"\n\t\t\t\t\t\t\t>Himalayan Ecotourism \n\t\t\t\t\t\t\t<\/h1><!--\n\n\t\t\t\t\t\t\t--><rs-layer\n\t\t\t\t\t\t\t\tid=\"slider-3-slide-5-layer-5\" \n\t\t\t\t\t\t\t\tdata-type=\"text\"\n\t\t\t\t\t\t\t\tdata-rsp_ch=\"on\"\n\t\t\t\t\t\t\t\tdata-xy=\"xo:60px,60px,60px,15px;y:m;yo:70px,15px,37px,2px;\"\n\t\t\t\t\t\t\t\tdata-text=\"w:normal,normal,normal,normal;s:20,20,20,16;l:26,26,26,22;\"\n\t\t\t\t\t\t\t\tdata-dim=\"maxw:850px,850px,none,none;\"\n\t\t\t\t\t\t\t\tdata-wrpcls=\"sliderparagraph\"\n\t\t\t\t\t\t\t\tdata-frame_0=\"y:50px,42px,22px,13px;\"\n\t\t\t\t\t\t\t\tdata-frame_1=\"st:320;sp:1200;sR:320;\"\n\t\t\t\t\t\t\t\tdata-frame_999=\"o:0;st:w;sR:2480;\"\n\t\t\t\t\t\t\t\tstyle=\"z-index:8;font-family:'Poppins';\"\n\t\t\t\t\t\t\t>Voyagez lentement, d\u00e9couvrez une culture authentique, plongez-vous dans la nature sauvage de l'Himalaya et impr\u00e9gnez-vous de la chaleur des peuples de l'Himalaya. Nous vous proposons des aventures de trek-n-travel riches et respectueuses de l'environnement dans l'Himalaya. \n\t\t\t\t\t\t\t<\/rs-layer><!--\n\n\t\t\t\t\t\t\t--><rs-layer\n\t\t\t\t\t\t\t\tid=\"slider-3-slide-5-layer-6\" \n\t\t\t\t\t\t\t\tdata-type=\"text\"\n\t\t\t\t\t\t\t\tdata-xy=\"xo:60px,60px,60px,15px;y:m;yo:172px,124px,170px,120px;\"\n\t\t\t\t\t\t\t\tdata-text=\"w:normal;l:22,22,22,20;\"\n\t\t\t\t\t\t\t\tdata-rsp_bd=\"off\"\n\t\t\t\t\t\t\t\tdata-frame_0=\"y:50px,42px,22px,13px;\"\n\t\t\t\t\t\t\t\tdata-frame_1=\"st:530;sp:1200;sR:530;\"\n\t\t\t\t\t\t\t\tdata-frame_999=\"o:0;st:w;sR:2270;\"\n\t\t\t\t\t\t\t\tstyle=\"z-index:9;font-family:'Poppins';\"\n\t\t\t\t\t\t\t><a itemprop=\"url\" href=\"https:\/\/www.himalayanecotourism.com\/fr\/ecotourisme-himalayen\/\" target=\"_self\"  class=\"qodef-btn qodef-btn-large qodef-btn-solid\"  >\n    <span class=\"qodef-btn-text\">Allez explorer<\/span>\n    <\/a> \n\t\t\t\t\t\t\t<\/rs-layer><!--\n-->\t\t\t\t\t\t<\/rs-slide>\n\t\t\t\t\t\t<rs-slide style=\"position: absolute;\" data-key=\"rs-6\" data-title=\"Slide\" data-thumb=\"\/\/www.himalayanecotourism.com\/wp-content\/uploads\/2023\/06\/himalayan-ecocreation-home-100x50.jpg\" data-in=\"o:0;\" data-out=\"a:false;\">\n\t\t\t\t\t\t\t<img decoding=\"async\" src=\"\/\/www.himalayanecotourism.com\/wp-content\/uploads\/2023\/06\/himalayan-ecocreation-home.jpg\" alt=\"Produits locaux de l&#039;Himalaya\" title=\"maison-d-\u00e9cocr\u00e9ation-himalaya\" width=\"1920\" height=\"1080\" class=\"rev-slidebg tp-rs-img\" data-bg=\"p:right top;\" data-parallax=\"off\" data-panzoom=\"d:10000;ss:110;se:100;\" data-no-retina>\n<!--\n\t\t\t\t\t\t\t--><rs-layer\n\t\t\t\t\t\t\t\tid=\"slider-3-slide-6-layer-1\" \n\t\t\t\t\t\t\t\tdata-type=\"text\"\n\t\t\t\t\t\t\t\tdata-rsp_ch=\"on\"\n\t\t\t\t\t\t\t\tdata-xy=\"xo:30px,30px,30px,15px;y:m;yo:-130px,-165px,-138px,-140px;\"\n\t\t\t\t\t\t\t\tdata-text=\"s:48,43,43,26;l:65,58,53,36;a:inherit,inherit,inherit,left;\"\n\t\t\t\t\t\t\t\tdata-frame_0=\"y:50px;\"\n\t\t\t\t\t\t\t\tdata-frame_1=\"sp:1200;sR:10;\"\n\t\t\t\t\t\t\t\tdata-frame_999=\"o:0;st:w;sR:2790;\"\n\t\t\t\t\t\t\t\tstyle=\"z-index:6;font-family:'abuget';\"\n\t\t\t\t\t\t\t>Produits locaux \n\t\t\t\t\t\t\t<\/rs-layer><!--\n\n\t\t\t\t\t\t\t--><rs-layer\n\t\t\t\t\t\t\t\tid=\"slider-3-slide-6-layer-2\" \n\t\t\t\t\t\t\t\tdata-type=\"text\"\n\t\t\t\t\t\t\t\tdata-rsp_ch=\"on\"\n\t\t\t\t\t\t\t\tdata-xy=\"xo:30px,30px,30px,15px;y:m;yo:-50px,-91px,-68px,-88px;\"\n\t\t\t\t\t\t\t\tdata-text=\"w:nowrap,nowrap,normal,normal;s:100,85,45,26;l:106,91,55,37;ls:-5px,-4px,0px,0px;fw:600;a:inherit,inherit,inherit,left;\"\n\t\t\t\t\t\t\t\tdata-frame_0=\"y:50px;\"\n\t\t\t\t\t\t\t\tdata-frame_1=\"st:110;sp:1200;sR:110;\"\n\t\t\t\t\t\t\t\tdata-frame_999=\"o:0;st:w;sR:2690;\"\n\t\t\t\t\t\t\t\tstyle=\"z-index:7;font-family:'Poppins';\"\n\t\t\t\t\t\t\t>Himalayan Ecocreation \n\t\t\t\t\t\t\t<\/rs-layer><!--\n\n\t\t\t\t\t\t\t--><rs-layer\n\t\t\t\t\t\t\t\tid=\"slider-3-slide-6-layer-3\" \n\t\t\t\t\t\t\t\tdata-type=\"text\"\n\t\t\t\t\t\t\t\tdata-rsp_ch=\"on\"\n\t\t\t\t\t\t\t\tdata-xy=\"xo:30px,30px,30px,15px;y:m;yo:50px,15px,37px,-33px;\"\n\t\t\t\t\t\t\t\tdata-text=\"w:normal;s:20,20,20,16;l:26,26,26,22;\"\n\t\t\t\t\t\t\t\tdata-dim=\"w:654px,653px,auto,auto;h:auto,54px,auto,auto;\"\n\t\t\t\t\t\t\t\tdata-wrpcls=\"sliderparagraph\"\n\t\t\t\t\t\t\t\tdata-frame_0=\"y:50px,42px,22px,13px;\"\n\t\t\t\t\t\t\t\tdata-frame_1=\"st:320;sp:1200;sR:320;\"\n\t\t\t\t\t\t\t\tdata-frame_999=\"o:0;st:w;sR:2480;\"\n\t\t\t\t\t\t\t\tstyle=\"z-index:8;font-family:'Poppins';\"\n\t\t\t\t\t\t\t>D\u00e9couvrez un nouveau niveau de bien-\u00eatre avec Himalayan Ecocreation. \n\t\t\t\t\t\t\t<\/rs-layer><!--\n\n\t\t\t\t\t\t\t--><rs-layer\n\t\t\t\t\t\t\t\tid=\"slider-3-slide-6-layer-4\" \n\t\t\t\t\t\t\t\tdata-type=\"text\"\n\t\t\t\t\t\t\t\tdata-xy=\"xo:30px,30px,30px,15px;y:m;yo:130px,124px,124px,70px;\"\n\t\t\t\t\t\t\t\tdata-text=\"w:nowrap,nowrap,nowrap,normal;l:22,22,22,20;a:inherit,inherit,inherit,left;\"\n\t\t\t\t\t\t\t\tdata-rsp_bd=\"off\"\n\t\t\t\t\t\t\t\tdata-frame_0=\"y:50px,42px,22px,13px;\"\n\t\t\t\t\t\t\t\tdata-frame_1=\"st:530;sp:1200;sR:530;\"\n\t\t\t\t\t\t\t\tdata-frame_999=\"o:0;st:w;sR:2270;\"\n\t\t\t\t\t\t\t\tstyle=\"z-index:9;font-family:'Poppins';\"\n\t\t\t\t\t\t\t><a itemprop=\"url\" href=\"https:\/\/www.himalayanecotourism.com\/fr\/ecocreation-himalayenne\/\" target=\"_self\"  class=\"qodef-btn qodef-btn-large qodef-btn-solid\"  >\n    <span class=\"qodef-btn-text\">Aller magasiner<\/span>\n    <\/a> \n\t\t\t\t\t\t\t<\/rs-layer><!--\n-->\t\t\t\t\t\t<\/rs-slide>\n\t\t\t\t\t\t<rs-slide style=\"position: absolute;\" data-key=\"rs-7\" data-title=\"Slide\" data-thumb=\"\/\/www.himalayanecotourism.com\/wp-content\/uploads\/2023\/06\/himalayan-insight-home-100x50.jpg\" data-in=\"o:0;\" data-out=\"a:false;\">\n\t\t\t\t\t\t\t<img decoding=\"async\" src=\"\/\/www.himalayanecotourism.com\/wp-content\/uploads\/2023\/06\/himalayan-insight-home.jpg\" alt=\"Emancipation des femmes\" title=\"Himalayan-insight-home\" width=\"1724\" height=\"970\" class=\"rev-slidebg tp-rs-img\" data-bg=\"p:left bottom;\" data-parallax=\"off\" data-panzoom=\"d:10000;ss:100;se:110;\" data-no-retina>\n<!--\n\t\t\t\t\t\t\t--><rs-layer\n\t\t\t\t\t\t\t\tid=\"slider-3-slide-7-layer-1\" \n\t\t\t\t\t\t\t\tdata-type=\"text\"\n\t\t\t\t\t\t\t\tdata-rsp_ch=\"on\"\n\t\t\t\t\t\t\t\tdata-xy=\"xo:60px,60px,60px,15px;y:m;yo:-130px,-165px,-138px,-140px;\"\n\t\t\t\t\t\t\t\tdata-text=\"s:48,43,43,26;l:65,58,53,36;a:inherit,inherit,inherit,left;\"\n\t\t\t\t\t\t\t\tdata-frame_0=\"y:50px;\"\n\t\t\t\t\t\t\t\tdata-frame_1=\"sp:1200;sR:10;\"\n\t\t\t\t\t\t\t\tdata-frame_999=\"o:0;st:w;sR:2790;\"\n\t\t\t\t\t\t\t\tstyle=\"z-index:6;font-family:'abuget';\"\n\t\t\t\t\t\t\t>Nous apportons la durabilit\u00e9 \n\t\t\t\t\t\t\t<\/rs-layer><!--\n\n\t\t\t\t\t\t\t--><rs-layer\n\t\t\t\t\t\t\t\tid=\"slider-3-slide-7-layer-2\" \n\t\t\t\t\t\t\t\tdata-type=\"text\"\n\t\t\t\t\t\t\t\tdata-rsp_ch=\"on\"\n\t\t\t\t\t\t\t\tdata-xy=\"xo:60px,60px,60px,15px;y:m;yo:-50px,-91px,-68px,-88px;\"\n\t\t\t\t\t\t\t\tdata-text=\"w:nowrap,nowrap,normal,normal;s:100,85,45,27;l:106,91,55,37;ls:-5px,-4px,0px,0px;fw:600;a:inherit,inherit,left,left;\"\n\t\t\t\t\t\t\t\tdata-frame_0=\"y:50px;\"\n\t\t\t\t\t\t\t\tdata-frame_1=\"st:110;sp:1200;sR:110;\"\n\t\t\t\t\t\t\t\tdata-frame_999=\"o:0;st:w;sR:2690;\"\n\t\t\t\t\t\t\t\tstyle=\"z-index:7;font-family:'Poppins';\"\n\t\t\t\t\t\t\t>Himalayan Insight \n\t\t\t\t\t\t\t<\/rs-layer><!--\n\n\t\t\t\t\t\t\t--><rs-layer\n\t\t\t\t\t\t\t\tid=\"slider-3-slide-7-layer-3\" \n\t\t\t\t\t\t\t\tdata-type=\"text\"\n\t\t\t\t\t\t\t\tdata-rsp_ch=\"on\"\n\t\t\t\t\t\t\t\tdata-xy=\"xo:60px,60px,60px,15px;y:m;yo:50px,15px,37px,-8px;\"\n\t\t\t\t\t\t\t\tdata-text=\"w:normal;s:20,20,20,16;l:26,26,26,22;\"\n\t\t\t\t\t\t\t\tdata-dim=\"w:850px,auto,auto,auto;\"\n\t\t\t\t\t\t\t\tdata-wrpcls=\"sliderparagraph\"\n\t\t\t\t\t\t\t\tdata-frame_0=\"y:50px,42px,22px,13px;\"\n\t\t\t\t\t\t\t\tdata-frame_1=\"st:320;sp:1200;sR:320;\"\n\t\t\t\t\t\t\t\tdata-frame_999=\"o:0;st:w;sR:2480;\"\n\t\t\t\t\t\t\t\tstyle=\"z-index:8;font-family:'Poppins';\"\n\t\t\t\t\t\t\t>La mission de Himalayan Insight est de fournir une approche holistique de la conservation de la nature en facilitant le d\u00e9veloppement socio-\u00e9conomique durable des communaut\u00e9s locales. \n\t\t\t\t\t\t\t<\/rs-layer><!--\n\n\t\t\t\t\t\t\t--><rs-layer\n\t\t\t\t\t\t\t\tid=\"slider-3-slide-7-layer-4\" \n\t\t\t\t\t\t\t\tdata-type=\"text\"\n\t\t\t\t\t\t\t\tdata-xy=\"xo:60px,60px,60px,15px;y:m;yo:130px,124px,132px,80px;\"\n\t\t\t\t\t\t\t\tdata-text=\"l:22,22,22,20;a:inherit,inherit,left,left;\"\n\t\t\t\t\t\t\t\tdata-rsp_bd=\"off\"\n\t\t\t\t\t\t\t\tdata-frame_0=\"y:50px;\"\n\t\t\t\t\t\t\t\tdata-frame_1=\"st:530;sp:1200;sR:530;\"\n\t\t\t\t\t\t\t\tdata-frame_999=\"o:0;st:w;sR:2270;\"\n\t\t\t\t\t\t\t\tstyle=\"z-index:9;font-family:'Poppins';\"\n\t\t\t\t\t\t\t><a itemprop=\"url\" href=\"https:\/\/www.himalayanecotourism.com\/fr\/apercu-himalayen\/\" target=\"_self\"  class=\"qodef-btn qodef-btn-large qodef-btn-solid\"  >\n    <span class=\"qodef-btn-text\">Savoir plus<\/span>\n    <\/a> \n\t\t\t\t\t\t\t<\/rs-layer><!--\n-->\t\t\t\t\t\t<\/rs-slide>\n\t\t\t\t\t<\/rs-slides>\n\t\t\t\t<\/rs-module>\n\t\t\t\t<script>\n\t\t\t\t\tsetREVStartSize({c: 'rev_slider_3_1',rl:[1240,1024,778,480],el:[960,900,900,900],gw:[1300,1100,600,360],gh:[960,900,900,900],type:'standard',justify:'',layout:'fullwidth',mh:\"100%\"});if (window.RS_MODULES!==undefined && window.RS_MODULES.modules!==undefined && window.RS_MODULES.modules[\"revslider31\"]!==undefined) {window.RS_MODULES.modules[\"revslider31\"].once = false;window.revapi3 = undefined;if (window.RS_MODULES.checkMinimal!==undefined) window.RS_MODULES.checkMinimal()}\n\t\t\t\t<\/script>\n\t\t\t<\/rs-module-wrap>\n\t\t\t<!-- END REVOLUTION SLIDER -->\n<\/div><\/div><\/div><\/div>\n<\/section>","protected":false},"excerpt":{"rendered":"Trek &amp; Travel Himalayan Ecotourism Voyagez lentement, d\u00e9couvrez une culture authentique, plongez dans la nature sauvage de l&#039;Himalaya et impr\u00e9gnez-vous de la chaleur de notre peuple. Nous vous proposons des aventures de trek et de voyage riches et respectueuses de l&#039;environnement dans l&#039;Himalaya. Partez \u00e0 la d\u00e9couverte des produits locaux de l&#039;Himalaya [...]","protected":false},"author":1,"featured_media":8684,"parent":0,"menu_order":0,"comment_status":"closed","ping_status":"closed","template":"full-width.php","meta":{"_acf_changed":false,"_monsterinsights_skip_tracking":false,"_monsterinsights_sitenote_active":false,"_monsterinsights_sitenote_note":"","_monsterinsights_sitenote_category":0,"footnotes":""},"class_list":["post-9206","page","type-page","status-publish","has-post-thumbnail","hentry"],"acf":[],"yoast_head":"<!-- This site is optimized with the Yoast SEO plugin v27.6 - https:\/\/yoast.com\/product\/yoast-seo-wordpress\/ -->\n<title>Unforgettable Trip to the Himalayas | Himalayan Ecotourism<\/title>\n<meta name=\"description\" content=\"Discover the adventure of a trip to the Himalayas, where stunning landscapes await and unforgettable experiences beckon.\" \/>\n<meta name=\"robots\" content=\"index, follow, max-snippet:-1, max-image-preview:large, max-video-preview:-1\" \/>\n<link rel=\"canonical\" href=\"https:\/\/www.himalayanecotourism.com\/fr\/\" \/>\n<meta property=\"og:locale\" content=\"fr_FR\" \/>\n<meta property=\"og:type\" content=\"article\" \/>\n<meta property=\"og:title\" content=\"Unforgettable Trip to the Himalayas | Himalayan Ecotourism\" \/>\n<meta property=\"og:description\" content=\"Discover the adventure of a trip to the Himalayas, where stunning landscapes await and unforgettable experiences beckon.\" \/>\n<meta property=\"og:url\" content=\"https:\/\/www.himalayanecotourism.com\/fr\/\" \/>\n<meta property=\"og:site_name\" content=\"Himalayan Ecotourism\" \/>\n<meta property=\"article:publisher\" content=\"https:\/\/www.facebook.com\/himalayanecotourism\/\" \/>\n<meta property=\"article:modified_time\" content=\"2026-02-25T09:55:03+00:00\" \/>\n<meta property=\"og:image\" content=\"https:\/\/www.himalayanecotourism.com\/wp-content\/uploads\/2023\/06\/great-himalayan-national-park-trekking.jpg\" \/>\n\t<meta property=\"og:image:width\" content=\"1270\" \/>\n\t<meta property=\"og:image:height\" content=\"847\" \/>\n\t<meta property=\"og:image:type\" content=\"image\/jpeg\" \/>\n<meta name=\"twitter:card\" content=\"summary_large_image\" \/>\n<meta name=\"twitter:site\" content=\"@HimalayanEcoT\" \/>\n<meta name=\"twitter:label1\" content=\"Dur\u00e9e de lecture estim\u00e9e\" \/>\n\t<meta name=\"twitter:data1\" content=\"1 minute\" \/>\n<!-- \/ Yoast SEO plugin. -->","yoast_head_json":{"title":"Unforgettable Trip to the Himalayas | Himalayan Ecotourism","description":"Discover the adventure of a trip to the Himalayas, where stunning landscapes await and unforgettable experiences beckon.","robots":{"index":"index","follow":"follow","max-snippet":"max-snippet:-1","max-image-preview":"max-image-preview:large","max-video-preview":"max-video-preview:-1"},"canonical":"https:\/\/www.himalayanecotourism.com\/fr\/","og_locale":"fr_FR","og_type":"article","og_title":"Unforgettable Trip to the Himalayas | Himalayan Ecotourism","og_description":"Discover the adventure of a trip to the Himalayas, where stunning landscapes await and unforgettable experiences beckon.","og_url":"https:\/\/www.himalayanecotourism.com\/fr\/","og_site_name":"Himalayan Ecotourism","article_publisher":"https:\/\/www.facebook.com\/himalayanecotourism\/","article_modified_time":"2026-02-25T09:55:03+00:00","og_image":[{"width":1270,"height":847,"url":"https:\/\/www.himalayanecotourism.com\/wp-content\/uploads\/2023\/06\/great-himalayan-national-park-trekking.jpg","type":"image\/jpeg"}],"twitter_card":"summary_large_image","twitter_site":"@HimalayanEcoT","twitter_misc":{"Dur\u00e9e de lecture estim\u00e9e":"1 minute"},"schema":{"@context":"https:\/\/schema.org","@graph":[{"@type":"WebPage","@id":"https:\/\/www.himalayanecotourism.com\/","url":"https:\/\/www.himalayanecotourism.com\/","name":"Unforgettable Trip to the Himalayas | Himalayan Ecotourism","isPartOf":{"@id":"https:\/\/www.himalayanecotourism.com\/#website"},"primaryImageOfPage":{"@id":"https:\/\/www.himalayanecotourism.com\/#primaryimage"},"image":{"@id":"https:\/\/www.himalayanecotourism.com\/#primaryimage"},"thumbnailUrl":"https:\/\/www.himalayanecotourism.com\/wp-content\/uploads\/2023\/06\/great-himalayan-national-park-trekking.jpg","datePublished":"2024-02-19T07:57:30+00:00","dateModified":"2026-02-25T09:55:03+00:00","description":"Discover the adventure of a trip to the Himalayas, where stunning landscapes await and unforgettable experiences beckon.","breadcrumb":{"@id":"https:\/\/www.himalayanecotourism.com\/#breadcrumb"},"inLanguage":"fr-FR","potentialAction":[{"@type":"ReadAction","target":["https:\/\/www.himalayanecotourism.com\/"]}]},{"@type":"ImageObject","inLanguage":"fr-FR","@id":"https:\/\/www.himalayanecotourism.com\/#primaryimage","url":"https:\/\/www.himalayanecotourism.com\/wp-content\/uploads\/2023\/06\/great-himalayan-national-park-trekking.jpg","contentUrl":"https:\/\/www.himalayanecotourism.com\/wp-content\/uploads\/2023\/06\/great-himalayan-national-park-trekking.jpg","width":1270,"height":847,"caption":"List of Treks in Great Himalayan National Park"},{"@type":"BreadcrumbList","@id":"https:\/\/www.himalayanecotourism.com\/#breadcrumb","itemListElement":[{"@type":"ListItem","position":1,"name":"Home","item":"https:\/\/www.himalayanecotourism.com\/"},{"@type":"ListItem","position":2,"name":"Home"}]},{"@type":"WebSite","@id":"https:\/\/www.himalayanecotourism.com\/#website","url":"https:\/\/www.himalayanecotourism.com\/","name":"Himalayan Ecotourism","description":"Creating Joy and Sustainability in the Himalayas","publisher":{"@id":"https:\/\/www.himalayanecotourism.com\/#organization"},"alternateName":"Heco","potentialAction":[{"@type":"SearchAction","target":{"@type":"EntryPoint","urlTemplate":"https:\/\/www.himalayanecotourism.com\/?s={search_term_string}"},"query-input":{"@type":"PropertyValueSpecification","valueRequired":true,"valueName":"search_term_string"}}],"inLanguage":"fr-FR"},{"@type":"Organization","@id":"https:\/\/www.himalayanecotourism.com\/#organization","name":"Himalayan Ecotourism","alternateName":"Heco","url":"https:\/\/www.himalayanecotourism.com\/","logo":{"@type":"ImageObject","inLanguage":"fr-FR","@id":"https:\/\/www.himalayanecotourism.com\/#\/schema\/logo\/image\/","url":"https:\/\/www.himalayanecotourism.com\/wp-content\/uploads\/2018\/09\/HET-logo-dark-2023-350.png","contentUrl":"https:\/\/www.himalayanecotourism.com\/wp-content\/uploads\/2018\/09\/HET-logo-dark-2023-350.png","width":450,"height":95,"caption":"Himalayan Ecotourism"},"image":{"@id":"https:\/\/www.himalayanecotourism.com\/#\/schema\/logo\/image\/"},"sameAs":["https:\/\/www.facebook.com\/himalayanecotourism\/","https:\/\/x.com\/HimalayanEcoT","https:\/\/www.youtube.com\/@HimalayanEcotourism\/videos","https:\/\/www.instagram.com\/himalayanecotourism\/","https:\/\/www.linkedin.com\/company\/9425455\/","https:\/\/in.pinterest.com\/himalayaecotour\/"]}]}},"_links":{"self":[{"href":"https:\/\/www.himalayanecotourism.com\/fr\/wp-json\/wp\/v2\/pages\/9206","targetHints":{"allow":["GET"]}}],"collection":[{"href":"https:\/\/www.himalayanecotourism.com\/fr\/wp-json\/wp\/v2\/pages"}],"about":[{"href":"https:\/\/www.himalayanecotourism.com\/fr\/wp-json\/wp\/v2\/types\/page"}],"author":[{"embeddable":true,"href":"https:\/\/www.himalayanecotourism.com\/fr\/wp-json\/wp\/v2\/users\/1"}],"replies":[{"embeddable":true,"href":"https:\/\/www.himalayanecotourism.com\/fr\/wp-json\/wp\/v2\/comments?post=9206"}],"version-history":[{"count":9,"href":"https:\/\/www.himalayanecotourism.com\/fr\/wp-json\/wp\/v2\/pages\/9206\/revisions"}],"predecessor-version":[{"id":10096,"href":"https:\/\/www.himalayanecotourism.com\/fr\/wp-json\/wp\/v2\/pages\/9206\/revisions\/10096"}],"wp:featuredmedia":[{"embeddable":true,"href":"https:\/\/www.himalayanecotourism.com\/fr\/wp-json\/wp\/v2\/media\/8684"}],"wp:attachment":[{"href":"https:\/\/www.himalayanecotourism.com\/fr\/wp-json\/wp\/v2\/media?parent=9206"}],"curies":[{"name":"wp","href":"https:\/\/api.w.org\/{rel}","templated":true}]}}