{"id":9253,"date":"2024-02-22T15:49:45","date_gmt":"2024-02-22T10:19:45","guid":{"rendered":"https:\/\/www.himalayanecotourism.com\/?page_id=9253"},"modified":"2024-03-02T13:38:46","modified_gmt":"2024-03-02T08:08:46","slug":"cookies-policy","status":"publish","type":"page","link":"https:\/\/www.himalayanecotourism.com\/fr\/politique-de-cookies\/","title":{"rendered":"Politique de cookies"},"content":{"rendered":"<section class=\"wpb-content-wrapper\"><div class=\"vc_row wpb_row vc_row-fluid\" ><div class=\"wpb_column vc_column_container vc_col-sm-10\"><div class=\"vc_column-inner\"><div class=\"wpb_wrapper\">\n\t<div class=\"wpb_text_column wpb_content_element\" >\n\t\t<div class=\"wpb_wrapper\">\n\t\t\t<h2>Politique de cookies<\/h2>\n\n\t\t<\/div>\n\t<\/div>\n<\/div><\/div><\/div><div class=\"wpb_column vc_column_container vc_col-sm-2\"><div class=\"vc_column-inner vc_custom_1691314685823\"><div class=\"wpb_wrapper\"><a itemprop=\"url\" href=\"https:\/\/www.himalayanecotourism.com\/fr\/contactez-nous\/\" target=\"_blank\" style=\"color: #ffffff;background-color: #7ec8c6\" class=\"qodef-btn qodef-btn-medium qodef-btn-solid qodef-btn-custom-hover-bg qodef-btn-custom-hover-color qodef-btn-icon\" data-hover-color=\"#ffffff\" data-hover-bg-color=\"#8ee0de\" >\n    <span class=\"qodef-btn-text\">Contact<\/span>\n    <span aria-hidden=\"true\" class=\"qodef-icon-font-elegant arrow_carrot-right\" ><\/span><\/a><\/div><\/div><\/div><\/div><div class=\"vc_row wpb_row vc_row-fluid vc_custom_1691314766386\" ><div class=\"wpb_column vc_column_container vc_col-sm-12\"><div class=\"vc_column-inner\"><div class=\"wpb_wrapper\"><div class=\"vc_separator wpb_content_element vc_separator_align_center vc_sep_width_100 vc_sep_pos_align_center vc_separator_no_text vc_sep_color_grey vc_custom_1696686290256  vc_custom_1696686290256\" ><span class=\"vc_sep_holder vc_sep_holder_l\"><span class=\"vc_sep_line\"><\/span><\/span><span class=\"vc_sep_holder vc_sep_holder_r\"><span class=\"vc_sep_line\"><\/span><\/span>\n<\/div><\/div><\/div><\/div><\/div><div class=\"vc_row wpb_row vc_row-fluid\" ><div class=\"wpb_column vc_column_container vc_col-sm-12\"><div class=\"vc_column-inner\"><div class=\"wpb_wrapper\">\n\t<div class=\"wpb_text_column wpb_content_element\" >\n\t\t<div class=\"wpb_wrapper\">\n\t\t\t<p>Himalayan Ecotourism (\u00ab nous \u00bb, \u00ab notre \u00bb ou \u00ab notre \u00bb) exploite le site Web https:\/\/www.himalayanecotourism.com\/ (le \u00ab Service \u00bb).<\/p>\n<p>Cette page vous informe de nos politiques concernant la collecte, l&#039;utilisation et la divulgation de donn\u00e9es personnelles lorsque vous utilisez notre Service et des choix que vous avez associ\u00e9s \u00e0 ces donn\u00e9es.<\/p>\n<p>Nous utilisons vos donn\u00e9es pour fournir et am\u00e9liorer le Service. En utilisant le Service, vous acceptez la collecte et l&#039;utilisation d&#039;informations conform\u00e9ment \u00e0 cette politique. Sauf indication contraire dans la pr\u00e9sente Politique de Cookies, les termes utilis\u00e9s dans cette Politique de Cookies ont la m\u00eame signification que dans notre Politique de Confidentialit\u00e9.<\/p>\n<h4>D\u00e9finitions<\/h4>\n<ul>\n<li>Service\u00a0:\u00a0Le service est le site Web [https:\/\/www.himalayanecotourism.com\/] exploit\u00e9 par Himalayan Ecotourism.<\/li>\n<li>Cookies : Les cookies sont de petits fichiers stock\u00e9s sur votre appareil (ordinateur ou appareil mobile).<\/li>\n<li>Responsable du traitement\u00a0:\u00a0le responsable du traitement d\u00e9signe la personne physique ou morale qui (seule, conjointement ou en commun avec d&#039;autres personnes) d\u00e9termine les finalit\u00e9s pour lesquelles et la mani\u00e8re dont les informations personnelles sont ou doivent \u00eatre trait\u00e9es. Aux fins de cette politique de confidentialit\u00e9, nous sommes un contr\u00f4leur de donn\u00e9es de vos donn\u00e9es personnelles.<\/li>\n<li>Sous-traitant (ou prestataires de services) : Sous-traitant (ou prestataire de services) d\u00e9signe toute personne physique ou morale qui traite les donn\u00e9es pour le compte du responsable du traitement. Nous pouvons utiliser les services de diff\u00e9rents prestataires de services afin de traiter vos donn\u00e9es plus efficacement.<\/li>\n<li>Personne concern\u00e9e\u00a0:\u00a0La personne concern\u00e9e est toute personne vivante qui fait l&#039;objet de donn\u00e9es personnelles.<\/li>\n<\/ul>\n<h4>Collecte et utilisation des informations<\/h4>\n<p>Nous utilisons des cookies et des technologies de suivi similaires pour suivre l&#039;activit\u00e9 sur notre service et conserver certaines informations.<\/p>\n<p>Types de cookies que nous utilisons<\/p>\n<p>Nous utilisons diff\u00e9rents types de cookies \u00e0 diverses fins :<\/p>\n<ul>\n<li>Cookies essentiels\u00a0: ces cookies sont essentiels pour vous permettre de naviguer sur le site Web et d&#039;utiliser ses fonctionnalit\u00e9s, telles que l&#039;acc\u00e8s aux zones s\u00e9curis\u00e9es du site. Sans ces cookies, certains services ne peuvent \u00eatre fournis.<\/li>\n<li>Cookies de fonctionnalit\u00e9\u00a0: ces cookies permettent au site Web de m\u00e9moriser les choix que vous faites (comme votre pr\u00e9f\u00e9rence linguistique) et de fournir des fonctionnalit\u00e9s am\u00e9lior\u00e9es et plus personnelles.<\/li>\n<li>Cookies d&#039;analyse\u00a0: ces cookies nous aident \u00e0 comprendre comment les visiteurs interagissent avec le site Web en collectant et en signalant des informations de mani\u00e8re anonyme.<\/li>\n<\/ul>\n<h4>Vos choix concernant les cookies<\/h4>\n<p>Si vous souhaitez supprimer les cookies ou demander \u00e0 votre navigateur Web de supprimer ou de refuser les cookies, veuillez visiter les pages d&#039;aide de votre navigateur Web. Veuillez toutefois noter que si vous supprimez les cookies ou refusez de les accepter, vous ne pourrez peut-\u00eatre pas utiliser toutes les fonctionnalit\u00e9s que nous proposons, vous ne pourrez peut-\u00eatre pas stocker vos pr\u00e9f\u00e9rences et certaines de nos pages pourraient ne pas s&#039;afficher correctement.<\/p>\n<h4>Contactez-nous<\/h4>\n<p>Si vous avez des questions concernant cette politique de cookies, veuillez nous contacter\u00a0:<\/p>\n<ul>\n<li>Par email : courrier HET<\/li>\n<li>En visitant cette page de notre site internet : [https:\/\/www.himalayanecotourism.com\/]<\/li>\n<\/ul>\n<h4>Modifications de cette politique de cookies<\/h4>\n<p>Nous pouvons mettre \u00e0 jour notre politique en mati\u00e8re de cookies de temps \u00e0 autre. Nous vous informerons de tout changement en publiant la nouvelle politique en mati\u00e8re de cookies sur cette page.<\/p>\n<p>Il vous est conseill\u00e9 de consulter p\u00e9riodiquement cette politique en mati\u00e8re de cookies pour tout changement. Les modifications apport\u00e9es \u00e0 cette politique en mati\u00e8re de cookies entrent en vigueur d\u00e8s leur publication sur cette page.<\/p>\n\n\t\t<\/div>\n\t<\/div>\n<\/div><\/div><\/div><\/div>\n<\/section>","protected":false},"excerpt":{"rendered":"Politique relative aux cookies Enquire Himalayan Ecotourism (\u00ab\u00a0nous\u00a0\u00bb, \u00ab\u00a0notre\u00a0\u00bb ou \u00ab\u00a0nos\u00a0\u00bb) exploite le site web https:\/\/www.himalayanecotourism.com\/ (le \u00ab\u00a0Service\u00a0\u00bb). Cette page vous informe de nos politiques concernant la collecte, l&#039;utilisation et la divulgation des donn\u00e9es personnelles lorsque vous utilisez notre Service, ainsi que des choix que vous pouvez faire.","protected":false},"author":1,"featured_media":0,"parent":0,"menu_order":0,"comment_status":"closed","ping_status":"closed","template":"","meta":{"_acf_changed":false,"_monsterinsights_skip_tracking":false,"_monsterinsights_sitenote_active":false,"_monsterinsights_sitenote_note":"","_monsterinsights_sitenote_category":0,"footnotes":""},"class_list":["post-9253","page","type-page","status-publish","hentry"],"acf":[],"yoast_head":"<!-- This site is optimized with the Yoast SEO plugin v27.4 - https:\/\/yoast.com\/product\/yoast-seo-wordpress\/ -->\n<title>Cookies Policy - Himalayan Ecotourism<\/title>\n<meta name=\"robots\" content=\"index, follow, max-snippet:-1, max-image-preview:large, max-video-preview:-1\" \/>\n<link rel=\"canonical\" href=\"https:\/\/www.himalayanecotourism.com\/fr\/politique-de-cookies\/\" \/>\n<meta property=\"og:locale\" content=\"fr_FR\" \/>\n<meta property=\"og:type\" content=\"article\" \/>\n<meta property=\"og:title\" content=\"Cookies Policy - Himalayan Ecotourism\" \/>\n<meta property=\"og:url\" content=\"https:\/\/www.himalayanecotourism.com\/fr\/politique-de-cookies\/\" \/>\n<meta property=\"og:site_name\" content=\"Himalayan Ecotourism\" \/>\n<meta property=\"article:publisher\" content=\"https:\/\/www.facebook.com\/himalayanecotourism\/\" \/>\n<meta property=\"article:modified_time\" content=\"2024-03-02T08:08:46+00:00\" \/>\n<meta property=\"og:image\" content=\"https:\/\/www.himalayanecotourism.com\/wp-content\/uploads\/2023\/06\/het-coop-link.jpg\" \/>\n\t<meta property=\"og:image:width\" content=\"800\" \/>\n\t<meta property=\"og:image:height\" content=\"533\" \/>\n\t<meta property=\"og:image:type\" content=\"image\/jpeg\" \/>\n<meta name=\"twitter:card\" content=\"summary_large_image\" \/>\n<meta name=\"twitter:site\" content=\"@HimalayanEcoT\" \/>\n<meta name=\"twitter:label1\" content=\"Dur\u00e9e de lecture estim\u00e9e\" \/>\n\t<meta name=\"twitter:data1\" content=\"3 minutes\" \/>\n<!-- \/ Yoast SEO plugin. -->","yoast_head_json":{"title":"Cookies Policy - Himalayan Ecotourism","robots":{"index":"index","follow":"follow","max-snippet":"max-snippet:-1","max-image-preview":"max-image-preview:large","max-video-preview":"max-video-preview:-1"},"canonical":"https:\/\/www.himalayanecotourism.com\/fr\/politique-de-cookies\/","og_locale":"fr_FR","og_type":"article","og_title":"Cookies Policy - Himalayan Ecotourism","og_url":"https:\/\/www.himalayanecotourism.com\/fr\/politique-de-cookies\/","og_site_name":"Himalayan Ecotourism","article_publisher":"https:\/\/www.facebook.com\/himalayanecotourism\/","article_modified_time":"2024-03-02T08:08:46+00:00","og_image":[{"width":800,"height":533,"url":"https:\/\/www.himalayanecotourism.com\/wp-content\/uploads\/2023\/06\/het-coop-link.jpg","type":"image\/jpeg"}],"twitter_card":"summary_large_image","twitter_site":"@HimalayanEcoT","twitter_misc":{"Dur\u00e9e de lecture estim\u00e9e":"3 minutes"},"schema":{"@context":"https:\/\/schema.org","@graph":[{"@type":"WebPage","@id":"https:\/\/www.himalayanecotourism.com\/cookies-policy\/","url":"https:\/\/www.himalayanecotourism.com\/cookies-policy\/","name":"Cookies Policy - Himalayan Ecotourism","isPartOf":{"@id":"https:\/\/www.himalayanecotourism.com\/#website"},"datePublished":"2024-02-22T10:19:45+00:00","dateModified":"2024-03-02T08:08:46+00:00","breadcrumb":{"@id":"https:\/\/www.himalayanecotourism.com\/cookies-policy\/#breadcrumb"},"inLanguage":"fr-FR","potentialAction":[{"@type":"ReadAction","target":["https:\/\/www.himalayanecotourism.com\/cookies-policy\/"]}]},{"@type":"BreadcrumbList","@id":"https:\/\/www.himalayanecotourism.com\/cookies-policy\/#breadcrumb","itemListElement":[{"@type":"ListItem","position":1,"name":"Home","item":"https:\/\/www.himalayanecotourism.com\/"},{"@type":"ListItem","position":2,"name":"Cookies Policy"}]},{"@type":"WebSite","@id":"https:\/\/www.himalayanecotourism.com\/#website","url":"https:\/\/www.himalayanecotourism.com\/","name":"Himalayan Ecotourism","description":"Creating Joy and Sustainability in the Himalayas","publisher":{"@id":"https:\/\/www.himalayanecotourism.com\/#organization"},"alternateName":"Heco","potentialAction":[{"@type":"SearchAction","target":{"@type":"EntryPoint","urlTemplate":"https:\/\/www.himalayanecotourism.com\/?s={search_term_string}"},"query-input":{"@type":"PropertyValueSpecification","valueRequired":true,"valueName":"search_term_string"}}],"inLanguage":"fr-FR"},{"@type":"Organization","@id":"https:\/\/www.himalayanecotourism.com\/#organization","name":"Himalayan Ecotourism","alternateName":"Heco","url":"https:\/\/www.himalayanecotourism.com\/","logo":{"@type":"ImageObject","inLanguage":"fr-FR","@id":"https:\/\/www.himalayanecotourism.com\/#\/schema\/logo\/image\/","url":"https:\/\/www.himalayanecotourism.com\/wp-content\/uploads\/2018\/09\/HET-logo-dark-2023-350.png","contentUrl":"https:\/\/www.himalayanecotourism.com\/wp-content\/uploads\/2018\/09\/HET-logo-dark-2023-350.png","width":450,"height":95,"caption":"Himalayan Ecotourism"},"image":{"@id":"https:\/\/www.himalayanecotourism.com\/#\/schema\/logo\/image\/"},"sameAs":["https:\/\/www.facebook.com\/himalayanecotourism\/","https:\/\/x.com\/HimalayanEcoT","https:\/\/www.youtube.com\/@HimalayanEcotourism\/videos","https:\/\/www.instagram.com\/himalayanecotourism\/","https:\/\/www.linkedin.com\/company\/9425455\/","https:\/\/in.pinterest.com\/himalayaecotour\/"]}]}},"_links":{"self":[{"href":"https:\/\/www.himalayanecotourism.com\/fr\/wp-json\/wp\/v2\/pages\/9253","targetHints":{"allow":["GET"]}}],"collection":[{"href":"https:\/\/www.himalayanecotourism.com\/fr\/wp-json\/wp\/v2\/pages"}],"about":[{"href":"https:\/\/www.himalayanecotourism.com\/fr\/wp-json\/wp\/v2\/types\/page"}],"author":[{"embeddable":true,"href":"https:\/\/www.himalayanecotourism.com\/fr\/wp-json\/wp\/v2\/users\/1"}],"replies":[{"embeddable":true,"href":"https:\/\/www.himalayanecotourism.com\/fr\/wp-json\/wp\/v2\/comments?post=9253"}],"version-history":[{"count":5,"href":"https:\/\/www.himalayanecotourism.com\/fr\/wp-json\/wp\/v2\/pages\/9253\/revisions"}],"predecessor-version":[{"id":9320,"href":"https:\/\/www.himalayanecotourism.com\/fr\/wp-json\/wp\/v2\/pages\/9253\/revisions\/9320"}],"wp:attachment":[{"href":"https:\/\/www.himalayanecotourism.com\/fr\/wp-json\/wp\/v2\/media?parent=9253"}],"curies":[{"name":"wp","href":"https:\/\/api.w.org\/{rel}","templated":true}]}}