{"id":9322,"date":"2024-03-02T13:32:15","date_gmt":"2024-03-02T08:02:15","guid":{"rendered":"https:\/\/www.himalayanecotourism.com\/?page_id=9322"},"modified":"2024-12-18T13:30:04","modified_gmt":"2024-12-18T08:00:04","slug":"payment-policy","status":"publish","type":"page","link":"https:\/\/www.himalayanecotourism.com\/fr\/politique-de-paiement\/","title":{"rendered":"Politique de paiement pour les produits"},"content":{"rendered":"<section class=\"wpb-content-wrapper\"><div class=\"vc_row wpb_row vc_row-fluid\" ><div class=\"wpb_column vc_column_container vc_col-sm-10\"><div class=\"vc_column-inner\"><div class=\"wpb_wrapper\">\n\t<div class=\"wpb_text_column wpb_content_element\" >\n\t\t<div class=\"wpb_wrapper\">\n\t\t\t<h2>Politique de paiement pour les produits<\/h2>\n\n\t\t<\/div>\n\t<\/div>\n<\/div><\/div><\/div><div class=\"wpb_column vc_column_container vc_col-sm-2\"><div class=\"vc_column-inner vc_custom_1691314685823\"><div class=\"wpb_wrapper\"><a itemprop=\"url\" href=\"https:\/\/www.himalayanecotourism.com\/fr\/contactez-nous\/\" target=\"_blank\" style=\"color: #ffffff;background-color: #7ec8c6\" class=\"qodef-btn qodef-btn-medium qodef-btn-solid qodef-btn-custom-hover-bg qodef-btn-custom-hover-color qodef-btn-icon\" data-hover-color=\"#ffffff\" data-hover-bg-color=\"#8ee0de\" >\n    <span class=\"qodef-btn-text\">Contact<\/span>\n    <span aria-hidden=\"true\" class=\"qodef-icon-font-elegant arrow_carrot-right\" ><\/span><\/a><\/div><\/div><\/div><\/div><div class=\"vc_row wpb_row vc_row-fluid vc_custom_1691314766386\" ><div class=\"wpb_column vc_column_container vc_col-sm-12\"><div class=\"vc_column-inner\"><div class=\"wpb_wrapper\"><div class=\"vc_separator wpb_content_element vc_separator_align_center vc_sep_width_100 vc_sep_pos_align_center vc_separator_no_text vc_sep_color_grey vc_custom_1696686290256  vc_custom_1696686290256\" ><span class=\"vc_sep_holder vc_sep_holder_l\"><span class=\"vc_sep_line\"><\/span><\/span><span class=\"vc_sep_holder vc_sep_holder_r\"><span class=\"vc_sep_line\"><\/span><\/span>\n<\/div><\/div><\/div><\/div><\/div><div class=\"vc_row wpb_row vc_row-fluid\" ><div class=\"wpb_column vc_column_container vc_col-sm-12\"><div class=\"vc_column-inner\"><div class=\"wpb_wrapper\">\n\t<div class=\"wpb_text_column wpb_content_element\" >\n\t\t<div class=\"wpb_wrapper\">\n\t\t\t<p>Merci d&#039;avoir magasin\u00e9 chez Himalayan Ecocreation, votre destination pour des produits de beaut\u00e9 et de bien-\u00eatre inspir\u00e9s de la nature. Veuillez lire attentivement notre politique de paiement avant d&#039;effectuer un achat.<\/p>\n<h3>Termes et conditions<\/h3>\n<h4>M\u00e9thodes de payement:<\/h4>\n<p>Nous acceptons les modes de paiement suivants :<\/p>\n<ol>\n<li>Cartes de cr\u00e9dit (Visa, MasterCard, American Express)<\/li>\n<li>Cartes de d\u00e9bit<\/li>\n<li>Pay Pal<\/li>\n<li>Apple Payer<\/li>\n<li>Google Pay<\/li>\n<\/ol>\n<h4>Politique d&#039;annulation<\/h4>\n<p>Les commandes peuvent \u00eatre annul\u00e9es dans les 24 heures suivant l&#039;achat. Veuillez contacter notre \u00e9quipe de support client \u00e0 (himalayan.ecocreation@himalayanecotourism.com) pour demander une annulation.<\/p>\n<h4>Exp\u00e9dition et livraison<\/h4>\n<p>Nous proposons l&#039;exp\u00e9dition dans toute l&#039;Inde. Les commandes sont g\u00e9n\u00e9ralement trait\u00e9es dans un d\u00e9lai de 1 \u00e0 3 jours ouvrables. Nous exp\u00e9dions une fois par semaine, le vendredi. Les d\u00e9lais de livraison peuvent varier en fonction de votre emplacement. Pour commander depuis l&#039;ext\u00e9rieur de l&#039;Inde, veuillez nous contacter avant de passer votre commande (himalayan.ecocreation@himalayanecotourism.com).<\/p>\n<h4>Retours et \u00e9changes<\/h4>\n<p>Si vous n&#039;\u00eates pas satisfait de votre achat, vous pouvez retourner ou \u00e9changer l&#039;article dans les 15 jours suivant la livraison. Pour initier un retour ou un \u00e9change, veuillez nous contacter \u00e0 (himalayan.ecocreation@himalayanecotourism.com). Veuillez noter que les articles doivent \u00eatre inutilis\u00e9s et dans leur emballage d&#039;origine pour pouvoir \u00eatre retourn\u00e9s ou \u00e9chang\u00e9s.<\/p>\n<h4>Dommages et probl\u00e8mes<\/h4>\n<p>Si vous recevez un article endommag\u00e9 ou d\u00e9fectueux, veuillez nous contacter imm\u00e9diatement \u00e0 (himalayan.ecocreation@himalayanecotourism.com) avec des photos du produit endommag\u00e9, et nous organiserons un remplacement ou un remboursement.<\/p>\n<h4>Exceptions \/ Articles non retournables<\/h4>\n<p>Certains articles ne peuvent pas \u00eatre retourn\u00e9s, notamment\u00a0:<\/p>\n<ul>\n<li>Articles de soins personnels<\/li>\n<li>Articles en liquidation<\/li>\n<li>Vendre des articles<\/li>\n<\/ul>\n<h4>Annulation et remboursement<\/h4>\n<p>Les remboursements seront effectu\u00e9s selon le mode de paiement d&#039;origine dans les 7 \u00e0 10 jours ouvrables apr\u00e8s r\u00e9ception de l&#039;article retourn\u00e9. Les frais d&#039;exp\u00e9dition ne sont pas remboursables sauf si le retour est d\u00fb \u00e0 un article d\u00e9fectueux ou endommag\u00e9.<\/p>\n<h4>Demandes de renseignements en gros<\/h4>\n<p>Pour les demandes de renseignements sur les ventes en gros, veuillez nous contacter \u00e0 (himalayan.ecocreation@himalayanecotourism.com). Nous proposons des prix comp\u00e9titifs et des remises en gros aux d\u00e9taillants et aux distributeurs.<\/p>\n<h4>Confidentialit\u00e9 et s\u00e9curit\u00e9<\/h4>\n<p>Votre vie priv\u00e9e et la s\u00e9curit\u00e9 sont importantes pour nous. Nous utilisons un cryptage conforme aux normes de l&#039;industrie pour prot\u00e9ger vos informations personnelles lors du paiement. Pour plus d\u2019informations, veuillez consulter notre Politique de confidentialit\u00e9.<\/p>\n<p>Si vous avez des questions ou des pr\u00e9occupations concernant notre politique de paiement, n&#039;h\u00e9sitez pas \u00e0 nous contacter \u00e0 (himalayan.ecocreation@himalayanecotourism.com).<\/p>\n<p>Merci d&#039;avoir choisi Himalayan Ecocreation pour vos besoins de beaut\u00e9 et de bien-\u00eatre !<\/p>\n\n\t\t<\/div>\n\t<\/div>\n<\/div><\/div><\/div><\/div>\n<\/section>","protected":false},"excerpt":{"rendered":"Politique de paiement des produits. Merci d&#039;avoir fait vos achats chez Himalayan Ecocreation, votre r\u00e9f\u00e9rence pour des produits de beaut\u00e9 et de bien-\u00eatre inspir\u00e9s par la nature. Veuillez lire attentivement notre politique de paiement avant tout achat. Conditions g\u00e9n\u00e9rales\u00a0: Modes de paiement\u00a0: Nous acceptons les [...]","protected":false},"author":2,"featured_media":0,"parent":0,"menu_order":0,"comment_status":"closed","ping_status":"closed","template":"","meta":{"_acf_changed":false,"_monsterinsights_skip_tracking":false,"_monsterinsights_sitenote_active":false,"_monsterinsights_sitenote_note":"","_monsterinsights_sitenote_category":0,"footnotes":""},"class_list":["post-9322","page","type-page","status-publish","hentry"],"acf":[],"yoast_head":"<!-- This site is optimized with the Yoast SEO plugin v27.4 - https:\/\/yoast.com\/product\/yoast-seo-wordpress\/ -->\n<title>Payment Policy for products - Himalayan Ecotourism<\/title>\n<meta name=\"robots\" content=\"index, follow, max-snippet:-1, max-image-preview:large, max-video-preview:-1\" \/>\n<link rel=\"canonical\" href=\"https:\/\/www.himalayanecotourism.com\/fr\/politique-de-paiement\/\" \/>\n<meta property=\"og:locale\" content=\"fr_FR\" \/>\n<meta property=\"og:type\" content=\"article\" \/>\n<meta property=\"og:title\" content=\"Payment Policy for products - Himalayan Ecotourism\" \/>\n<meta property=\"og:url\" content=\"https:\/\/www.himalayanecotourism.com\/fr\/politique-de-paiement\/\" \/>\n<meta property=\"og:site_name\" content=\"Himalayan Ecotourism\" \/>\n<meta property=\"article:publisher\" content=\"https:\/\/www.facebook.com\/himalayanecotourism\/\" \/>\n<meta property=\"article:modified_time\" content=\"2024-12-18T08:00:04+00:00\" \/>\n<meta property=\"og:image\" content=\"https:\/\/www.himalayanecotourism.com\/wp-content\/uploads\/2023\/06\/het-coop-link.jpg\" \/>\n\t<meta property=\"og:image:width\" content=\"800\" \/>\n\t<meta property=\"og:image:height\" content=\"533\" \/>\n\t<meta property=\"og:image:type\" content=\"image\/jpeg\" \/>\n<meta name=\"twitter:card\" content=\"summary_large_image\" \/>\n<meta name=\"twitter:site\" content=\"@HimalayanEcoT\" \/>\n<meta name=\"twitter:label1\" content=\"Dur\u00e9e de lecture estim\u00e9e\" \/>\n\t<meta name=\"twitter:data1\" content=\"2 minutes\" \/>\n<!-- \/ Yoast SEO plugin. -->","yoast_head_json":{"title":"Payment Policy for products - Himalayan Ecotourism","robots":{"index":"index","follow":"follow","max-snippet":"max-snippet:-1","max-image-preview":"max-image-preview:large","max-video-preview":"max-video-preview:-1"},"canonical":"https:\/\/www.himalayanecotourism.com\/fr\/politique-de-paiement\/","og_locale":"fr_FR","og_type":"article","og_title":"Payment Policy for products - Himalayan Ecotourism","og_url":"https:\/\/www.himalayanecotourism.com\/fr\/politique-de-paiement\/","og_site_name":"Himalayan Ecotourism","article_publisher":"https:\/\/www.facebook.com\/himalayanecotourism\/","article_modified_time":"2024-12-18T08:00:04+00:00","og_image":[{"width":800,"height":533,"url":"https:\/\/www.himalayanecotourism.com\/wp-content\/uploads\/2023\/06\/het-coop-link.jpg","type":"image\/jpeg"}],"twitter_card":"summary_large_image","twitter_site":"@HimalayanEcoT","twitter_misc":{"Dur\u00e9e de lecture estim\u00e9e":"2 minutes"},"schema":{"@context":"https:\/\/schema.org","@graph":[{"@type":"WebPage","@id":"https:\/\/www.himalayanecotourism.com\/payment-policy\/","url":"https:\/\/www.himalayanecotourism.com\/payment-policy\/","name":"Payment Policy for products - Himalayan Ecotourism","isPartOf":{"@id":"https:\/\/www.himalayanecotourism.com\/#website"},"datePublished":"2024-03-02T08:02:15+00:00","dateModified":"2024-12-18T08:00:04+00:00","breadcrumb":{"@id":"https:\/\/www.himalayanecotourism.com\/payment-policy\/#breadcrumb"},"inLanguage":"fr-FR","potentialAction":[{"@type":"ReadAction","target":["https:\/\/www.himalayanecotourism.com\/payment-policy\/"]}]},{"@type":"BreadcrumbList","@id":"https:\/\/www.himalayanecotourism.com\/payment-policy\/#breadcrumb","itemListElement":[{"@type":"ListItem","position":1,"name":"Home","item":"https:\/\/www.himalayanecotourism.com\/"},{"@type":"ListItem","position":2,"name":"Payment Policy for products"}]},{"@type":"WebSite","@id":"https:\/\/www.himalayanecotourism.com\/#website","url":"https:\/\/www.himalayanecotourism.com\/","name":"Himalayan Ecotourism","description":"Creating Joy and Sustainability in the Himalayas","publisher":{"@id":"https:\/\/www.himalayanecotourism.com\/#organization"},"alternateName":"Heco","potentialAction":[{"@type":"SearchAction","target":{"@type":"EntryPoint","urlTemplate":"https:\/\/www.himalayanecotourism.com\/?s={search_term_string}"},"query-input":{"@type":"PropertyValueSpecification","valueRequired":true,"valueName":"search_term_string"}}],"inLanguage":"fr-FR"},{"@type":"Organization","@id":"https:\/\/www.himalayanecotourism.com\/#organization","name":"Himalayan Ecotourism","alternateName":"Heco","url":"https:\/\/www.himalayanecotourism.com\/","logo":{"@type":"ImageObject","inLanguage":"fr-FR","@id":"https:\/\/www.himalayanecotourism.com\/#\/schema\/logo\/image\/","url":"https:\/\/www.himalayanecotourism.com\/wp-content\/uploads\/2018\/09\/HET-logo-dark-2023-350.png","contentUrl":"https:\/\/www.himalayanecotourism.com\/wp-content\/uploads\/2018\/09\/HET-logo-dark-2023-350.png","width":450,"height":95,"caption":"Himalayan Ecotourism"},"image":{"@id":"https:\/\/www.himalayanecotourism.com\/#\/schema\/logo\/image\/"},"sameAs":["https:\/\/www.facebook.com\/himalayanecotourism\/","https:\/\/x.com\/HimalayanEcoT","https:\/\/www.youtube.com\/@HimalayanEcotourism\/videos","https:\/\/www.instagram.com\/himalayanecotourism\/","https:\/\/www.linkedin.com\/company\/9425455\/","https:\/\/in.pinterest.com\/himalayaecotour\/"]}]}},"_links":{"self":[{"href":"https:\/\/www.himalayanecotourism.com\/fr\/wp-json\/wp\/v2\/pages\/9322","targetHints":{"allow":["GET"]}}],"collection":[{"href":"https:\/\/www.himalayanecotourism.com\/fr\/wp-json\/wp\/v2\/pages"}],"about":[{"href":"https:\/\/www.himalayanecotourism.com\/fr\/wp-json\/wp\/v2\/types\/page"}],"author":[{"embeddable":true,"href":"https:\/\/www.himalayanecotourism.com\/fr\/wp-json\/wp\/v2\/users\/2"}],"replies":[{"embeddable":true,"href":"https:\/\/www.himalayanecotourism.com\/fr\/wp-json\/wp\/v2\/comments?post=9322"}],"version-history":[{"count":5,"href":"https:\/\/www.himalayanecotourism.com\/fr\/wp-json\/wp\/v2\/pages\/9322\/revisions"}],"predecessor-version":[{"id":11137,"href":"https:\/\/www.himalayanecotourism.com\/fr\/wp-json\/wp\/v2\/pages\/9322\/revisions\/11137"}],"wp:attachment":[{"href":"https:\/\/www.himalayanecotourism.com\/fr\/wp-json\/wp\/v2\/media?parent=9322"}],"curies":[{"name":"wp","href":"https:\/\/api.w.org\/{rel}","templated":true}]}}