{"id":5699,"date":"2023-06-28T02:49:31","date_gmt":"2023-06-28T02:49:31","guid":{"rendered":"https:\/\/www.himalayanecotourism.com\/?post_type=product&#038;p=5699"},"modified":"2025-11-14T00:54:13","modified_gmt":"2025-11-13T19:24:13","slug":"apricot-kernel-oil","status":"publish","type":"product","link":"https:\/\/www.himalayanecotourism.com\/fr\/produit\/huile-de-noyau-dabricot\/","title":{"rendered":"Huile de noyau d&#039;abricot pure"},"content":{"rendered":"<h5><strong>HUILE DE NOYAUX D&#039;ABRICOT PURE \u2013 &#039;GUTTI KA TEL&#039;<\/strong><\/h5>\n<p>Avec les noyaux collect\u00e9s dans la vall\u00e9e de Tirthan, l&#039;huile de noyau d&#039;abricot, press\u00e9e \u00e0 froid selon la m\u00e9thode traditionnelle Kolhu, est une huile extraite naturellement. D\u00e9couvrez la puret\u00e9 de la nature avec chaque goutte de notre huile de noyau d&#039;abricot extraite naturellement.<\/p>\n<p>&nbsp;<\/p>\n<p><strong>Applications\u00a0<\/strong><strong>&#8211;<\/strong> Il peut \u00eatre utilis\u00e9 pour les soins de la peau et des cheveux ainsi que pour la cuisine.<\/p>\n<p>&nbsp;<\/p>\n<p><strong>Avantages - <\/strong>Riche en vitamines A, E et C, aux bienfaits anti-\u00e2ge. L\u00e9ger et facilement absorb\u00e9. Apaise et hydrate la peau sans sensation grasse. Favorise la croissance des cheveux, r\u00e9duit la chute des cheveux. Traite les l\u00e8vres s\u00e8ches et gerc\u00e9es.<\/p>\n<p>&nbsp;<\/p>\n<p><strong>Ingr\u00e9dients -\u00a0<\/strong>100% Huile de noyau d&#039;abricot pure.<\/p>","protected":false},"excerpt":{"rendered":"<p>D\u00e9couvrez l&#039;essence pure de la nature avec notre huile de noyau d&#039;abricot provenant directement des vergers immacul\u00e9s de la vall\u00e9e de Tirthan.<\/p>\n<p>Press\u00e9e \u00e0 froid selon les m\u00e9thodes traditionnelles Kolhu, cette huile exquise est m\u00e9ticuleusement extraite pour pr\u00e9server ses bienfaits naturels. Riche en nutriments essentiels et en antioxydants, notre huile de noyau d&#039;abricot est parfaite pour nourrir votre peau et vos cheveux, les laissant rajeunis et \u00e9clatants.<\/p>\n<p>&nbsp;<\/p>\n<p><strong>Poids net - <\/strong>100 ml.<\/p>","protected":false},"featured_media":9609,"comment_status":"open","ping_status":"closed","template":"","meta":{"_acf_changed":false,"_monsterinsights_skip_tracking":false,"_monsterinsights_sitenote_active":false,"_monsterinsights_sitenote_note":"","_monsterinsights_sitenote_category":0},"product_brand":[],"product_cat":[71],"product_tag":[],"class_list":{"0":"post-5699","1":"product","2":"type-product","3":"status-publish","4":"has-post-thumbnail","6":"product_cat-cosmetics","8":"first","9":"onbackorder","10":"taxable","11":"shipping-taxable","12":"purchasable","13":"product-type-simple"},"acf":[],"yoast_head":"<!-- This site is optimized with the Yoast SEO plugin v27.3 - https:\/\/yoast.com\/product\/yoast-seo-wordpress\/ -->\n<title>Buy Pure Apricot Kernel Oil Online | Himalayan Ecotourism<\/title>\n<meta name=\"description\" content=\"Discover the pure essence of nature with our Apricot Kernel Oil sourced directly from the pristine orchards of Tirthan Valley at Himalayan Ecocreation. Buy Now!\" \/>\n<meta name=\"robots\" content=\"index, follow, max-snippet:-1, max-image-preview:large, max-video-preview:-1\" \/>\n<link rel=\"canonical\" href=\"https:\/\/www.himalayanecotourism.com\/fr\/produit\/huile-de-noyau-dabricot\/\" \/>\n<meta property=\"og:locale\" content=\"fr_FR\" \/>\n<meta property=\"og:type\" content=\"article\" \/>\n<meta property=\"og:title\" content=\"Buy Pure Apricot Kernel Oil Online | Himalayan Ecotourism\" \/>\n<meta property=\"og:description\" content=\"Discover the pure essence of nature with our Apricot Kernel Oil sourced directly from the pristine orchards of Tirthan Valley at Himalayan Ecocreation. Buy Now!\" \/>\n<meta property=\"og:url\" content=\"https:\/\/www.himalayanecotourism.com\/fr\/produit\/huile-de-noyau-dabricot\/\" \/>\n<meta property=\"og:site_name\" content=\"Himalayan Ecotourism\" \/>\n<meta property=\"article:publisher\" content=\"https:\/\/www.facebook.com\/himalayanecotourism\/\" \/>\n<meta property=\"article:modified_time\" content=\"2025-11-13T19:24:13+00:00\" \/>\n<meta property=\"og:image\" content=\"https:\/\/www.himalayanecotourism.com\/wp-content\/uploads\/2023\/06\/apricot-kernel-oil-bottle-white.jpg\" \/>\n\t<meta property=\"og:image:width\" content=\"1270\" \/>\n\t<meta property=\"og:image:height\" content=\"847\" \/>\n\t<meta property=\"og:image:type\" content=\"image\/jpeg\" \/>\n<meta name=\"twitter:card\" content=\"summary_large_image\" \/>\n<meta name=\"twitter:site\" content=\"@HimalayanEcoT\" \/>\n<meta name=\"twitter:label1\" content=\"Dur\u00e9e de lecture estim\u00e9e\" \/>\n\t<meta name=\"twitter:data1\" content=\"1 minute\" \/>\n<!-- \/ Yoast SEO plugin. -->","yoast_head_json":{"title":"Buy Pure Apricot Kernel Oil Online | Himalayan Ecotourism","description":"Discover the pure essence of nature with our Apricot Kernel Oil sourced directly from the pristine orchards of Tirthan Valley at Himalayan Ecocreation. Buy Now!","robots":{"index":"index","follow":"follow","max-snippet":"max-snippet:-1","max-image-preview":"max-image-preview:large","max-video-preview":"max-video-preview:-1"},"canonical":"https:\/\/www.himalayanecotourism.com\/fr\/produit\/huile-de-noyau-dabricot\/","og_locale":"fr_FR","og_type":"article","og_title":"Buy Pure Apricot Kernel Oil Online | Himalayan Ecotourism","og_description":"Discover the pure essence of nature with our Apricot Kernel Oil sourced directly from the pristine orchards of Tirthan Valley at Himalayan Ecocreation. Buy Now!","og_url":"https:\/\/www.himalayanecotourism.com\/fr\/produit\/huile-de-noyau-dabricot\/","og_site_name":"Himalayan Ecotourism","article_publisher":"https:\/\/www.facebook.com\/himalayanecotourism\/","article_modified_time":"2025-11-13T19:24:13+00:00","og_image":[{"width":1270,"height":847,"url":"https:\/\/www.himalayanecotourism.com\/wp-content\/uploads\/2023\/06\/apricot-kernel-oil-bottle-white.jpg","type":"image\/jpeg"}],"twitter_card":"summary_large_image","twitter_site":"@HimalayanEcoT","twitter_misc":{"Dur\u00e9e de lecture estim\u00e9e":"1 minute"},"schema":{"@context":"https:\/\/schema.org","@graph":[{"@type":"WebPage","@id":"https:\/\/www.himalayanecotourism.com\/product\/apricot-kernel-oil\/","url":"https:\/\/www.himalayanecotourism.com\/product\/apricot-kernel-oil\/","name":"Buy Pure Apricot Kernel Oil Online | Himalayan Ecotourism","isPartOf":{"@id":"https:\/\/www.himalayanecotourism.com\/#website"},"primaryImageOfPage":{"@id":"https:\/\/www.himalayanecotourism.com\/product\/apricot-kernel-oil\/#primaryimage"},"image":{"@id":"https:\/\/www.himalayanecotourism.com\/product\/apricot-kernel-oil\/#primaryimage"},"thumbnailUrl":"https:\/\/www.himalayanecotourism.com\/wp-content\/uploads\/2023\/06\/apricot-kernel-oil-bottle-white.jpg","datePublished":"2023-06-28T02:49:31+00:00","dateModified":"2025-11-13T19:24:13+00:00","description":"Discover the pure essence of nature with our Apricot Kernel Oil sourced directly from the pristine orchards of Tirthan Valley at Himalayan Ecocreation. Buy Now!","breadcrumb":{"@id":"https:\/\/www.himalayanecotourism.com\/product\/apricot-kernel-oil\/#breadcrumb"},"inLanguage":"fr-FR","potentialAction":[{"@type":"ReadAction","target":["https:\/\/www.himalayanecotourism.com\/product\/apricot-kernel-oil\/"]}]},{"@type":"ImageObject","inLanguage":"fr-FR","@id":"https:\/\/www.himalayanecotourism.com\/product\/apricot-kernel-oil\/#primaryimage","url":"https:\/\/www.himalayanecotourism.com\/wp-content\/uploads\/2023\/06\/apricot-kernel-oil-bottle-white.jpg","contentUrl":"https:\/\/www.himalayanecotourism.com\/wp-content\/uploads\/2023\/06\/apricot-kernel-oil-bottle-white.jpg","width":1270,"height":847,"caption":"Himalayan Ecocreation - Apricot kernel oil"},{"@type":"BreadcrumbList","@id":"https:\/\/www.himalayanecotourism.com\/product\/apricot-kernel-oil\/#breadcrumb","itemListElement":[{"@type":"ListItem","position":1,"name":"Home","item":"https:\/\/www.himalayanecotourism.com\/"},{"@type":"ListItem","position":2,"name":"Shop","item":"https:\/\/www.himalayanecotourism.com\/shop\/"},{"@type":"ListItem","position":3,"name":"Pure Apricot kernel oil"}]},{"@type":"WebSite","@id":"https:\/\/www.himalayanecotourism.com\/#website","url":"https:\/\/www.himalayanecotourism.com\/","name":"Himalayan Ecotourism","description":"Creating Joy and Sustainability in the Himalayas","publisher":{"@id":"https:\/\/www.himalayanecotourism.com\/#organization"},"alternateName":"Heco","potentialAction":[{"@type":"SearchAction","target":{"@type":"EntryPoint","urlTemplate":"https:\/\/www.himalayanecotourism.com\/?s={search_term_string}"},"query-input":{"@type":"PropertyValueSpecification","valueRequired":true,"valueName":"search_term_string"}}],"inLanguage":"fr-FR"},{"@type":"Organization","@id":"https:\/\/www.himalayanecotourism.com\/#organization","name":"Himalayan Ecotourism","alternateName":"Heco","url":"https:\/\/www.himalayanecotourism.com\/","logo":{"@type":"ImageObject","inLanguage":"fr-FR","@id":"https:\/\/www.himalayanecotourism.com\/#\/schema\/logo\/image\/","url":"https:\/\/www.himalayanecotourism.com\/wp-content\/uploads\/2018\/09\/HET-logo-dark-2023-350.png","contentUrl":"https:\/\/www.himalayanecotourism.com\/wp-content\/uploads\/2018\/09\/HET-logo-dark-2023-350.png","width":450,"height":95,"caption":"Himalayan Ecotourism"},"image":{"@id":"https:\/\/www.himalayanecotourism.com\/#\/schema\/logo\/image\/"},"sameAs":["https:\/\/www.facebook.com\/himalayanecotourism\/","https:\/\/x.com\/HimalayanEcoT","https:\/\/www.youtube.com\/@HimalayanEcotourism\/videos","https:\/\/www.instagram.com\/himalayanecotourism\/","https:\/\/www.linkedin.com\/company\/9425455\/","https:\/\/in.pinterest.com\/himalayaecotour\/"]}]}},"_links":{"self":[{"href":"https:\/\/www.himalayanecotourism.com\/fr\/wp-json\/wp\/v2\/product\/5699","targetHints":{"allow":["GET"]}}],"collection":[{"href":"https:\/\/www.himalayanecotourism.com\/fr\/wp-json\/wp\/v2\/product"}],"about":[{"href":"https:\/\/www.himalayanecotourism.com\/fr\/wp-json\/wp\/v2\/types\/product"}],"replies":[{"embeddable":true,"href":"https:\/\/www.himalayanecotourism.com\/fr\/wp-json\/wp\/v2\/comments?post=5699"}],"wp:featuredmedia":[{"embeddable":true,"href":"https:\/\/www.himalayanecotourism.com\/fr\/wp-json\/wp\/v2\/media\/9609"}],"wp:attachment":[{"href":"https:\/\/www.himalayanecotourism.com\/fr\/wp-json\/wp\/v2\/media?parent=5699"}],"wp:term":[{"taxonomy":"product_brand","embeddable":true,"href":"https:\/\/www.himalayanecotourism.com\/fr\/wp-json\/wp\/v2\/product_brand?post=5699"},{"taxonomy":"product_cat","embeddable":true,"href":"https:\/\/www.himalayanecotourism.com\/fr\/wp-json\/wp\/v2\/product_cat?post=5699"},{"taxonomy":"product_tag","embeddable":true,"href":"https:\/\/www.himalayanecotourism.com\/fr\/wp-json\/wp\/v2\/product_tag?post=5699"}],"curies":[{"name":"wp","href":"https:\/\/api.w.org\/{rel}","templated":true}]}}